{"id":7541,"date":"2025-03-20T17:29:52","date_gmt":"2025-03-20T16:29:52","guid":{"rendered":"https:\/\/alsnettoyage.fr\/?page_id=7541"},"modified":"2025-04-04T17:44:42","modified_gmt":"2025-04-04T15:44:42","slug":"service-de-nettoyage-regulier-ou-ponctuel","status":"publish","type":"page","link":"https:\/\/alsnettoyage.fr\/en\/service-de-nettoyage-regulier-ou-ponctuel\/","title":{"rendered":"Service de nettoyage r\u00e9gulier ou ponctuel"},"content":{"rendered":"<div class=\"wpb-content-wrapper\"><div class=\"vc_row wpb_row vc_row-fluid\"><div class=\"wpb_column vc_column_container vc_col-sm-12\"><div class=\"vc_column-inner\"><div class=\"wpb_wrapper\"><div class=\"vc_separator wpb_content_element vc_separator_align_center vc_sep_width_100 vc_sep_pos_align_center vc_separator_no_text vc_sep_color_green vc_custom_1742572742944 wpb_content_element  vc_custom_1742572742944 wpb_content_element\" ><span class=\"vc_sep_holder vc_sep_holder_l\"><span class=\"vc_sep_line\"><\/span><\/span><span class=\"vc_sep_holder vc_sep_holder_r\"><span class=\"vc_sep_line\"><\/span><\/span>\n<\/div><h1 style=\"text-align: center;font-family:Alef;font-weight:400;font-style:normal\" class=\"vc_custom_heading vc_do_custom_heading vc_custom_1742572755565\" >Service de nettoyage r\u00e9gulier ou ponctuel<\/h1><div class=\"vc_separator wpb_content_element vc_separator_align_center vc_sep_width_100 vc_sep_pos_align_center vc_separator_no_text vc_sep_color_green vc_custom_1742572742944 wpb_content_element  vc_custom_1742572742944 wpb_content_element\" ><span class=\"vc_sep_holder vc_sep_holder_l\"><span class=\"vc_sep_line\"><\/span><\/span><span class=\"vc_sep_holder vc_sep_holder_r\"><span class=\"vc_sep_line\"><\/span><\/span>\n<\/div><\/div><\/div><\/div><\/div><div class=\"vc_row wpb_row vc_row-fluid\"><div class=\"wpb_column vc_column_container vc_col-sm-12\"><div class=\"vc_column-inner\"><div class=\"wpb_wrapper\">\n\t<div class=\"wpb_text_column wpb_content_element\" >\n\t\t<div class=\"wpb_wrapper\">\n\t\t\t<p class=\"\" style=\"font-size: 20px;\" data-start=\"131\" data-end=\"617\">Le nettoyage r\u00e9gulier ou ponctuel est essentiel pour maintenir des espaces de travail propres, sains et agr\u00e9ables. Nous proposons des prestations adapt\u00e9es aux besoins de chaque client, qu\u2019il s\u2019agisse d\u2019un entretien quotidien, hebdomadaire, mensuel ou d\u2019une intervention exceptionnelle. Notre service s\u2019adresse aux entreprises, collectivit\u00e9s, commerces, syndics de copropri\u00e9t\u00e9, \u00e9tablissements scolaires ou de sant\u00e9, et plus largement \u00e0 tous les types de locaux professionnels ou publics.<\/p>\n\n\t\t<\/div>\n\t<\/div>\n<\/div><\/div><\/div><\/div><div class=\"vc_row wpb_row vc_row-fluid\"><div class=\"wpb_column vc_column_container vc_col-sm-6\"><div class=\"vc_column-inner\"><div class=\"wpb_wrapper\">\n\t<div class=\"wpb_text_column wpb_content_element\" >\n\t\t<div class=\"wpb_wrapper\">\n\t\t\t<p class=\"\" style=\"font-size: 20px;\" data-start=\"619\" data-end=\"1204\">Dans le cadre d\u2019un <strong data-start=\"638\" data-end=\"660\">nettoyage r\u00e9gulier<\/strong>, nous \u00e9tablissons un cahier des charges personnalis\u00e9, tenant compte de la superficie, de la nature des lieux, de la fr\u00e9quence souhait\u00e9e et des zones \u00e0 traiter. Nos agents r\u00e9alisent un entretien complet : d\u00e9poussi\u00e9rage des surfaces, nettoyage et d\u00e9sinfection des points de contact (poign\u00e9es, interrupteurs, rampes), aspiration et lavage des sols, vidage des corbeilles, nettoyage des sanitaires et des espaces communs. Nous adaptons notre m\u00e9thode \u00e0 chaque type de sol ou surface, avec des produits respectueux de l\u2019environnement et de la sant\u00e9.<\/p>\n\n\t\t<\/div>\n\t<\/div>\n<\/div><\/div><\/div><div class=\"wpb_column vc_column_container vc_col-sm-6\"><div class=\"vc_column-inner\"><div class=\"wpb_wrapper\">\n\t<div  class=\"wpb_single_image wpb_content_element vc_align_center wpb_content_element\">\n\t\t\n\t\t<figure class=\"wpb_wrapper vc_figure\">\n\t\t\t<div class=\"vc_single_image-wrapper   vc_box_border_grey\"><img loading=\"lazy\" decoding=\"async\" width=\"1920\" height=\"1280\" src=\"https:\/\/alsnettoyage.fr\/wp-content\/uploads\/2025\/03\/empty-office-in-quarantine-2023-11-27-05-05-28-utc1.jpg\" class=\"vc_single_image-img attachment-full\" alt=\"\" title=\"empty-office-in-quarantine-2023-11-27-05-05-28-utc(1)\" \/><\/div>\n\t\t<\/figure>\n\t<\/div>\n<\/div><\/div><\/div><\/div><div class=\"vc_row wpb_row vc_row-fluid\"><div class=\"wpb_column vc_column_container vc_col-sm-6\"><div class=\"vc_column-inner\"><div class=\"wpb_wrapper\">\n\t<div  class=\"wpb_single_image wpb_content_element vc_align_center wpb_content_element\">\n\t\t\n\t\t<figure class=\"wpb_wrapper vc_figure\">\n\t\t\t<div class=\"vc_single_image-wrapper   vc_box_border_grey\"><img loading=\"lazy\" decoding=\"async\" width=\"1920\" height=\"1280\" src=\"https:\/\/alsnettoyage.fr\/wp-content\/uploads\/2025\/03\/cleaner-wearing-ppe-suit-glasses-and-mask-disinfe-2023-11-27-05-14-08-utc1.jpg\" class=\"vc_single_image-img attachment-full\" alt=\"\" title=\"cleaner-wearing-ppe-suit-glasses-and-mask-disinfe-2023-11-27-05-14-08-utc(1)\" \/><\/div>\n\t\t<\/figure>\n\t<\/div>\n<\/div><\/div><\/div><div class=\"wpb_column vc_column_container vc_col-sm-6\"><div class=\"vc_column-inner\"><div class=\"wpb_wrapper\">\n\t<div class=\"wpb_text_column wpb_content_element\" >\n\t\t<div class=\"wpb_wrapper\">\n\t\t\t<p class=\"\" style=\"font-size: 20px;\" data-start=\"1206\" data-end=\"1592\">L\u2019entretien r\u00e9gulier peut \u00e9galement inclure des prestations sp\u00e9cifiques : nettoyage des vitres, d\u00e9poussi\u00e9rage des luminaires, entretien des \u00e9quipements de bureau (claviers, \u00e9crans), d\u00e9sodorisation, nettoyage des espaces ext\u00e9rieurs (entr\u00e9es, escaliers, parkings), traitement des sols. Nous garantissons un r\u00e9sultat soign\u00e9 et constant, avec un suivi de qualit\u00e9 et des contr\u00f4les r\u00e9guliers.<\/p>\n\n\t\t<\/div>\n\t<\/div>\n<\/div><\/div><\/div><\/div><div class=\"vc_row wpb_row vc_row-fluid\"><div class=\"wpb_column vc_column_container vc_col-sm-6\"><div class=\"vc_column-inner\"><div class=\"wpb_wrapper\">\n\t<div class=\"wpb_text_column wpb_content_element\" >\n\t\t<div class=\"wpb_wrapper\">\n\t\t\t<p class=\"\" style=\"font-size: 20px;\" data-start=\"1594\" data-end=\"1952\">Nous mettons \u00e0 disposition une \u00e9quipe d\u00e9di\u00e9e, fiable et ponctuelle, form\u00e9e aux gestes techniques, \u00e0 la s\u00e9curit\u00e9 et \u00e0 la discr\u00e9tion. La continuit\u00e9 de service est assur\u00e9e m\u00eame en cas d\u2019absence, avec des remplacements syst\u00e9matiques. Un interlocuteur unique est d\u00e9sign\u00e9 pour chaque site, assurant une communication fluide et la gestion des ajustements \u00e9ventuels.<\/p>\n\n\t\t<\/div>\n\t<\/div>\n<\/div><\/div><\/div><div class=\"wpb_column vc_column_container vc_col-sm-6\"><div class=\"vc_column-inner\"><div class=\"wpb_wrapper\">\n\t<div  class=\"wpb_single_image wpb_content_element vc_align_center wpb_content_element\">\n\t\t\n\t\t<figure class=\"wpb_wrapper vc_figure\">\n\t\t\t<div class=\"vc_single_image-wrapper   vc_box_border_grey\"><img loading=\"lazy\" decoding=\"async\" width=\"1920\" height=\"960\" src=\"https:\/\/alsnettoyage.fr\/wp-content\/uploads\/2025\/03\/agv-forklift-trucks-transport-more-with-safety-in-2023-11-27-05-20-47-utc1.jpg\" class=\"vc_single_image-img attachment-full\" alt=\"\" title=\"agv-forklift-trucks-transport-more-with-safety-in-2023-11-27-05-20-47-utc(1)\" \/><\/div>\n\t\t<\/figure>\n\t<\/div>\n<\/div><\/div><\/div><\/div><div class=\"vc_row wpb_row vc_row-fluid\"><div class=\"wpb_column vc_column_container vc_col-sm-6\"><div class=\"vc_column-inner\"><div class=\"wpb_wrapper\">\n\t<div  class=\"wpb_single_image wpb_content_element vc_align_center wpb_content_element\">\n\t\t\n\t\t<figure class=\"wpb_wrapper vc_figure\">\n\t\t\t<div class=\"vc_single_image-wrapper   vc_box_border_grey\"><img loading=\"lazy\" decoding=\"async\" width=\"1920\" height=\"1280\" src=\"https:\/\/alsnettoyage.fr\/wp-content\/uploads\/2025\/03\/young-man-working-in-manufacturing-factory-in-prot-2023-11-27-05-04-16-utc1.jpg\" class=\"vc_single_image-img attachment-full\" alt=\"\" title=\"young-man-working-in-manufacturing-factory-in-prot-2023-11-27-05-04-16-utc(1)\" \/><\/div>\n\t\t<\/figure>\n\t<\/div>\n<\/div><\/div><\/div><div class=\"wpb_column vc_column_container vc_col-sm-6\"><div class=\"vc_column-inner\"><div class=\"wpb_wrapper\">\n\t<div class=\"wpb_text_column wpb_content_element\" >\n\t\t<div class=\"wpb_wrapper\">\n\t\t\t<p class=\"\" style=\"font-size: 20px;\" data-start=\"1954\" data-end=\"2296\">Le <strong data-start=\"1957\" data-end=\"1979\">nettoyage ponctuel<\/strong> est recommand\u00e9 dans plusieurs cas : remise en \u00e9tat apr\u00e8s travaux, d\u00e9m\u00e9nagement, sinistre, \u00e9v\u00e9nement, ou tout simplement pour un grand nettoyage de printemps. Nous intervenons \u00e9galement en urgence, notamment en cas de d\u00e9g\u00e2ts des eaux, incendie ou contamination, avec des moyens adapt\u00e9s pour une remise en \u00e9tat rapide.<\/p>\n\n\t\t<\/div>\n\t<\/div>\n<\/div><\/div><\/div><\/div><div class=\"vc_row wpb_row vc_row-fluid\"><div class=\"wpb_column vc_column_container vc_col-sm-12\"><div class=\"vc_column-inner\"><div class=\"wpb_wrapper\">\n\t<div class=\"wpb_text_column wpb_content_element\" >\n\t\t<div class=\"wpb_wrapper\">\n\t\t\t<p class=\"\" style=\"font-size: 20px;\" data-start=\"2996\" data-end=\"3302\">Chaque prestation, r\u00e9guli\u00e8re ou ponctuelle, fait l\u2019objet d\u2019un devis d\u00e9taill\u00e9 et transparent. Nous r\u00e9alisons une visite pr\u00e9alable pour \u00e9valuer pr\u00e9cis\u00e9ment les besoins et proposer une solution sur mesure. Le tarif d\u00e9pend de la surface, du type de nettoyage, du mat\u00e9riel n\u00e9cessaire et du temps d\u2019intervention.<\/p>\n<p class=\"\" style=\"font-size: 20px;\" data-start=\"3304\" data-end=\"3596\">Nous mettons un point d\u2019honneur \u00e0 la qualit\u00e9 de nos services : suivi r\u00e9gulier, rapports d\u2019intervention, contr\u00f4le qualit\u00e9, \u00e9coute du client, r\u00e9activit\u00e9 en cas de besoin. Nous nous engageons \u00e0 offrir une propret\u00e9 impeccable, dans le respect de vos locaux, de vos exigences et de votre activit\u00e9.<\/p>\n<p class=\"\" style=\"font-size: 20px;\" data-start=\"3598\" data-end=\"3899\">Notre objectif est de vous lib\u00e9rer de la contrainte du nettoyage, en vous garantissant un cadre de travail propre, sain et accueillant. Qu\u2019il s\u2019agisse d\u2019un contrat r\u00e9gulier ou d\u2019une mission ponctuelle, notre savoir-faire et notre rigueur vous assurent un service professionnel, fiable et personnalis\u00e9.<\/p>\n\n\t\t<\/div>\n\t<\/div>\n<\/div><\/div><\/div><\/div>\n<\/div>","protected":false},"excerpt":{"rendered":"Service de nettoyage r\u00e9gulier ou ponctuel Le nettoyage r\u00e9gulier ou ponctuel est essentiel pour maintenir des espaces de travail propres, sains et agr\u00e9ables. Nous proposons des prestations adapt\u00e9es aux besoins [...]","protected":false},"author":1,"featured_media":0,"parent":0,"menu_order":0,"comment_status":"closed","ping_status":"closed","template":"","meta":{"footnotes":""},"class_list":["post-7541","page","type-page","status-publish","hentry"],"yoast_head":"<!-- This site is optimized with the Yoast SEO plugin v24.8.1 - https:\/\/yoast.com\/wordpress\/plugins\/seo\/ -->\n<title>Service de nettoyage r\u00e9gulier ou ponctuel - ALS NETTOYAGE<\/title>\n<meta name=\"description\" content=\"ALS Nettoyage propose des services de nettoyage r\u00e9gulier ou ponctuel pour les entreprises. Entretien de bureaux, locaux, et plus. Demandez votre devis personnalis\u00e9 !\" \/>\n<meta name=\"robots\" content=\"index, follow, max-snippet:-1, max-image-preview:large, max-video-preview:-1\" \/>\n<link rel=\"canonical\" href=\"https:\/\/alsnettoyage.fr\/en\/service-de-nettoyage-regulier-ou-ponctuel\/\" \/>\n<meta property=\"og:locale\" content=\"en_US\" \/>\n<meta property=\"og:type\" content=\"article\" \/>\n<meta property=\"og:title\" content=\"Service de nettoyage r\u00e9gulier ou ponctuel - ALS NETTOYAGE\" \/>\n<meta property=\"og:description\" content=\"ALS Nettoyage propose des services de nettoyage r\u00e9gulier ou ponctuel pour les entreprises. Entretien de bureaux, locaux, et plus. Demandez votre devis personnalis\u00e9 !\" \/>\n<meta property=\"og:url\" content=\"https:\/\/alsnettoyage.fr\/en\/service-de-nettoyage-regulier-ou-ponctuel\/\" \/>\n<meta property=\"og:site_name\" content=\"ALS NETTOYAGE\" \/>\n<meta property=\"article:modified_time\" content=\"2025-04-04T15:44:42+00:00\" \/>\n<meta name=\"twitter:card\" content=\"summary_large_image\" \/>\n<meta name=\"twitter:label1\" content=\"Est. reading time\" \/>\n\t<meta name=\"twitter:data1\" content=\"3 minutes\" \/>\n<script type=\"application\/ld+json\" class=\"yoast-schema-graph\">{\"@context\":\"https:\/\/schema.org\",\"@graph\":[{\"@type\":\"WebPage\",\"@id\":\"https:\/\/alsnettoyage.fr\/service-de-nettoyage-regulier-ou-ponctuel\/\",\"url\":\"https:\/\/alsnettoyage.fr\/service-de-nettoyage-regulier-ou-ponctuel\/\",\"name\":\"Service de nettoyage r\u00e9gulier ou ponctuel - ALS NETTOYAGE\",\"isPartOf\":{\"@id\":\"https:\/\/alsnettoyage.fr\/#website\"},\"datePublished\":\"2025-03-20T16:29:52+00:00\",\"dateModified\":\"2025-04-04T15:44:42+00:00\",\"description\":\"ALS Nettoyage propose des services de nettoyage r\u00e9gulier ou ponctuel pour les entreprises. Entretien de bureaux, locaux, et plus. Demandez votre devis personnalis\u00e9 !\",\"breadcrumb\":{\"@id\":\"https:\/\/alsnettoyage.fr\/service-de-nettoyage-regulier-ou-ponctuel\/#breadcrumb\"},\"inLanguage\":\"en-US\",\"potentialAction\":[{\"@type\":\"ReadAction\",\"target\":[\"https:\/\/alsnettoyage.fr\/service-de-nettoyage-regulier-ou-ponctuel\/\"]}]},{\"@type\":\"BreadcrumbList\",\"@id\":\"https:\/\/alsnettoyage.fr\/service-de-nettoyage-regulier-ou-ponctuel\/#breadcrumb\",\"itemListElement\":[{\"@type\":\"ListItem\",\"position\":1,\"name\":\"Accueil\",\"item\":\"https:\/\/alsnettoyage.fr\/\"},{\"@type\":\"ListItem\",\"position\":2,\"name\":\"Service de nettoyage r\u00e9gulier ou ponctuel\"}]},{\"@type\":\"WebSite\",\"@id\":\"https:\/\/alsnettoyage.fr\/#website\",\"url\":\"https:\/\/alsnettoyage.fr\/\",\"name\":\"ALS Nettoyage\u200b\",\"description\":\"\",\"publisher\":{\"@id\":\"https:\/\/alsnettoyage.fr\/#organization\"},\"potentialAction\":[{\"@type\":\"SearchAction\",\"target\":{\"@type\":\"EntryPoint\",\"urlTemplate\":\"https:\/\/alsnettoyage.fr\/?s={search_term_string}\"},\"query-input\":{\"@type\":\"PropertyValueSpecification\",\"valueRequired\":true,\"valueName\":\"search_term_string\"}}],\"inLanguage\":\"en-US\"},{\"@type\":\"Organization\",\"@id\":\"https:\/\/alsnettoyage.fr\/#organization\",\"name\":\"ALS NETTOYAGE\",\"url\":\"https:\/\/alsnettoyage.fr\/\",\"logo\":{\"@type\":\"ImageObject\",\"inLanguage\":\"en-US\",\"@id\":\"https:\/\/alsnettoyage.fr\/#\/schema\/logo\/image\/\",\"url\":\"https:\/\/alsnettoyage.fr\/wp-content\/uploads\/2025\/03\/alslogoofficiel-removebg-preview.png\",\"contentUrl\":\"https:\/\/alsnettoyage.fr\/wp-content\/uploads\/2025\/03\/alslogoofficiel-removebg-preview.png\",\"width\":934,\"height\":267,\"caption\":\"ALS NETTOYAGE\"},\"image\":{\"@id\":\"https:\/\/alsnettoyage.fr\/#\/schema\/logo\/image\/\"}}]}<\/script>\n<!-- \/ Yoast SEO plugin. -->","yoast_head_json":{"title":"Service de nettoyage r\u00e9gulier ou ponctuel - ALS NETTOYAGE","description":"ALS Nettoyage propose des services de nettoyage r\u00e9gulier ou ponctuel pour les entreprises. Entretien de bureaux, locaux, et plus. Demandez votre devis personnalis\u00e9 !","robots":{"index":"index","follow":"follow","max-snippet":"max-snippet:-1","max-image-preview":"max-image-preview:large","max-video-preview":"max-video-preview:-1"},"canonical":"https:\/\/alsnettoyage.fr\/en\/service-de-nettoyage-regulier-ou-ponctuel\/","og_locale":"en_US","og_type":"article","og_title":"Service de nettoyage r\u00e9gulier ou ponctuel - ALS NETTOYAGE","og_description":"ALS Nettoyage propose des services de nettoyage r\u00e9gulier ou ponctuel pour les entreprises. Entretien de bureaux, locaux, et plus. Demandez votre devis personnalis\u00e9 !","og_url":"https:\/\/alsnettoyage.fr\/en\/service-de-nettoyage-regulier-ou-ponctuel\/","og_site_name":"ALS NETTOYAGE","article_modified_time":"2025-04-04T15:44:42+00:00","twitter_card":"summary_large_image","twitter_misc":{"Est. reading time":"3 minutes"},"schema":{"@context":"https:\/\/schema.org","@graph":[{"@type":"WebPage","@id":"https:\/\/alsnettoyage.fr\/service-de-nettoyage-regulier-ou-ponctuel\/","url":"https:\/\/alsnettoyage.fr\/service-de-nettoyage-regulier-ou-ponctuel\/","name":"Service de nettoyage r\u00e9gulier ou ponctuel - ALS NETTOYAGE","isPartOf":{"@id":"https:\/\/alsnettoyage.fr\/#website"},"datePublished":"2025-03-20T16:29:52+00:00","dateModified":"2025-04-04T15:44:42+00:00","description":"ALS Nettoyage propose des services de nettoyage r\u00e9gulier ou ponctuel pour les entreprises. Entretien de bureaux, locaux, et plus. Demandez votre devis personnalis\u00e9 !","breadcrumb":{"@id":"https:\/\/alsnettoyage.fr\/service-de-nettoyage-regulier-ou-ponctuel\/#breadcrumb"},"inLanguage":"en-US","potentialAction":[{"@type":"ReadAction","target":["https:\/\/alsnettoyage.fr\/service-de-nettoyage-regulier-ou-ponctuel\/"]}]},{"@type":"BreadcrumbList","@id":"https:\/\/alsnettoyage.fr\/service-de-nettoyage-regulier-ou-ponctuel\/#breadcrumb","itemListElement":[{"@type":"ListItem","position":1,"name":"Accueil","item":"https:\/\/alsnettoyage.fr\/"},{"@type":"ListItem","position":2,"name":"Service de nettoyage r\u00e9gulier ou ponctuel"}]},{"@type":"WebSite","@id":"https:\/\/alsnettoyage.fr\/#website","url":"https:\/\/alsnettoyage.fr\/","name":"ALS Nettoyage\u200b","description":"","publisher":{"@id":"https:\/\/alsnettoyage.fr\/#organization"},"potentialAction":[{"@type":"SearchAction","target":{"@type":"EntryPoint","urlTemplate":"https:\/\/alsnettoyage.fr\/?s={search_term_string}"},"query-input":{"@type":"PropertyValueSpecification","valueRequired":true,"valueName":"search_term_string"}}],"inLanguage":"en-US"},{"@type":"Organization","@id":"https:\/\/alsnettoyage.fr\/#organization","name":"ALS NETTOYAGE","url":"https:\/\/alsnettoyage.fr\/","logo":{"@type":"ImageObject","inLanguage":"en-US","@id":"https:\/\/alsnettoyage.fr\/#\/schema\/logo\/image\/","url":"https:\/\/alsnettoyage.fr\/wp-content\/uploads\/2025\/03\/alslogoofficiel-removebg-preview.png","contentUrl":"https:\/\/alsnettoyage.fr\/wp-content\/uploads\/2025\/03\/alslogoofficiel-removebg-preview.png","width":934,"height":267,"caption":"ALS NETTOYAGE"},"image":{"@id":"https:\/\/alsnettoyage.fr\/#\/schema\/logo\/image\/"}}]}},"_links":{"self":[{"href":"https:\/\/alsnettoyage.fr\/en\/wp-json\/wp\/v2\/pages\/7541","targetHints":{"allow":["GET"]}}],"collection":[{"href":"https:\/\/alsnettoyage.fr\/en\/wp-json\/wp\/v2\/pages"}],"about":[{"href":"https:\/\/alsnettoyage.fr\/en\/wp-json\/wp\/v2\/types\/page"}],"author":[{"embeddable":true,"href":"https:\/\/alsnettoyage.fr\/en\/wp-json\/wp\/v2\/users\/1"}],"replies":[{"embeddable":true,"href":"https:\/\/alsnettoyage.fr\/en\/wp-json\/wp\/v2\/comments?post=7541"}],"version-history":[{"count":9,"href":"https:\/\/alsnettoyage.fr\/en\/wp-json\/wp\/v2\/pages\/7541\/revisions"}],"predecessor-version":[{"id":7800,"href":"https:\/\/alsnettoyage.fr\/en\/wp-json\/wp\/v2\/pages\/7541\/revisions\/7800"}],"wp:attachment":[{"href":"https:\/\/alsnettoyage.fr\/en\/wp-json\/wp\/v2\/media?parent=7541"}],"curies":[{"name":"wp","href":"https:\/\/api.w.org\/{rel}","templated":true}]}}