{"id":7539,"date":"2025-03-20T17:29:29","date_gmt":"2025-03-20T16:29:29","guid":{"rendered":"https:\/\/alsnettoyage.fr\/?page_id=7539"},"modified":"2025-04-04T17:24:09","modified_gmt":"2025-04-04T15:24:09","slug":"traitement-des-sols-et-surfaces-specifiques","status":"publish","type":"page","link":"https:\/\/alsnettoyage.fr\/en\/traitement-des-sols-et-surfaces-specifiques\/","title":{"rendered":"Traitement des sols et surfaces sp\u00e9cifiques"},"content":{"rendered":"<div class=\"wpb-content-wrapper\"><div class=\"vc_row wpb_row vc_row-fluid\"><div class=\"wpb_column vc_column_container vc_col-sm-12\"><div class=\"vc_column-inner\"><div class=\"wpb_wrapper\"><div class=\"vc_separator wpb_content_element vc_separator_align_center vc_sep_width_100 vc_sep_border_width_2 vc_sep_pos_align_center vc_separator_no_text vc_sep_color_green wpb_content_element  wpb_content_element\" ><span class=\"vc_sep_holder vc_sep_holder_l\"><span class=\"vc_sep_line\"><\/span><\/span><span class=\"vc_sep_holder vc_sep_holder_r\"><span class=\"vc_sep_line\"><\/span><\/span>\n<\/div><h1 style=\"text-align: center;font-family:Alef;font-weight:400;font-style:normal\" class=\"vc_custom_heading vc_do_custom_heading vc_custom_1742572721523\" >Traitement des sols et surfaces sp\u00e9cifiques<\/h1><div class=\"vc_separator wpb_content_element vc_separator_align_center vc_sep_width_100 vc_sep_border_width_2 vc_sep_pos_align_center vc_separator_no_text vc_sep_color_green wpb_content_element  wpb_content_element\" ><span class=\"vc_sep_holder vc_sep_holder_l\"><span class=\"vc_sep_line\"><\/span><\/span><span class=\"vc_sep_holder vc_sep_holder_r\"><span class=\"vc_sep_line\"><\/span><\/span>\n<\/div><\/div><\/div><\/div><\/div><div class=\"vc_row wpb_row vc_row-fluid\"><div class=\"wpb_column vc_column_container vc_col-sm-12\"><div class=\"vc_column-inner\"><div class=\"wpb_wrapper\">\n\t<div class=\"wpb_text_column wpb_content_element\" >\n\t\t<div class=\"wpb_wrapper\">\n\t\t\t<p class=\"\" style=\"font-size: 20px;\" data-start=\"133\" data-end=\"765\">Le traitement des sols et surfaces sp\u00e9cifiques vise \u00e0 pr\u00e9server, prot\u00e9ger et valoriser les rev\u00eatements tout en assurant hygi\u00e8ne, s\u00e9curit\u00e9 et esth\u00e9tique. Chaque sol ou surface demande une m\u00e9thode adapt\u00e9e, en fonction de sa nature, de son usage, de son \u00e9tat et des contraintes d\u2019entretien. Nous proposons des prestations compl\u00e8tes, allant du nettoyage en profondeur \u00e0 l\u2019application de traitements de protection, pour tous types de sols : carrelage, marbre, linol\u00e9um, moquette, b\u00e9ton cir\u00e9, parquet, r\u00e9sine, sols PVC, ainsi que des surfaces techniques ou sensibles comme les inox, le verre, le bois, ou encore les surfaces alimentaires.<\/p>\n\n\t\t<\/div>\n\t<\/div>\n<\/div><\/div><\/div><\/div><div class=\"vc_row wpb_row vc_row-fluid\"><div class=\"wpb_column vc_column_container vc_col-sm-6\"><div class=\"vc_column-inner\"><div class=\"wpb_wrapper\">\n\t<div class=\"wpb_text_column wpb_content_element\" >\n\t\t<div class=\"wpb_wrapper\">\n\t\t\t<p class=\"\" style=\"font-size: 20px;\" data-start=\"767\" data-end=\"1296\">Le premier volet de notre service concerne le nettoyage professionnel des sols. Nous proc\u00e9dons \u00e0 un diagnostic pour d\u00e9terminer la m\u00e9thode la plus adapt\u00e9e : nettoyage m\u00e9canique, auto-lavage, injection-extraction, ou monobrosse. Pour les sols durs (carrelage, b\u00e9ton, pierre), nous utilisons des d\u00e9tergents d\u00e9graissants puissants, combin\u00e9s \u00e0 un nettoyage haute pression ou \u00e0 la vapeur selon les besoins. Les taches incrust\u00e9es, les traces de peinture, de colle ou de graisse sont \u00e9limin\u00e9es avec des produits sp\u00e9cifiques non abrasifs.<\/p>\n\n\t\t<\/div>\n\t<\/div>\n<\/div><\/div><\/div><div class=\"wpb_column vc_column_container vc_col-sm-6\"><div class=\"vc_column-inner\"><div class=\"wpb_wrapper\">\n\t<div  class=\"wpb_single_image wpb_content_element vc_align_center wpb_content_element\">\n\t\t\n\t\t<figure class=\"wpb_wrapper vc_figure\">\n\t\t\t<div class=\"vc_single_image-wrapper   vc_box_border_grey\"><img loading=\"lazy\" decoding=\"async\" width=\"800\" height=\"316\" src=\"https:\/\/alsnettoyage.fr\/wp-content\/uploads\/2025\/03\/workers-applies-gray-epoxy-resin-to-the-new-floor-2025-02-11-05-35-28-utc-1.jpg\" class=\"vc_single_image-img attachment-full\" alt=\"\" title=\"workers-applies-gray-epoxy-resin-to-the-new-floor-2025-02-11-05-35-28-utc (1)\" srcset=\"https:\/\/alsnettoyage.fr\/wp-content\/uploads\/2025\/03\/workers-applies-gray-epoxy-resin-to-the-new-floor-2025-02-11-05-35-28-utc-1.jpg 800w, https:\/\/alsnettoyage.fr\/wp-content\/uploads\/2025\/03\/workers-applies-gray-epoxy-resin-to-the-new-floor-2025-02-11-05-35-28-utc-1-300x119.jpg 300w, https:\/\/alsnettoyage.fr\/wp-content\/uploads\/2025\/03\/workers-applies-gray-epoxy-resin-to-the-new-floor-2025-02-11-05-35-28-utc-1-768x303.jpg 768w, https:\/\/alsnettoyage.fr\/wp-content\/uploads\/2025\/03\/workers-applies-gray-epoxy-resin-to-the-new-floor-2025-02-11-05-35-28-utc-1-18x7.jpg 18w, https:\/\/alsnettoyage.fr\/wp-content\/uploads\/2025\/03\/workers-applies-gray-epoxy-resin-to-the-new-floor-2025-02-11-05-35-28-utc-1-600x237.jpg 600w\" sizes=\"auto, (max-width: 800px) 100vw, 800px\" \/><\/div>\n\t\t<\/figure>\n\t<\/div>\n<\/div><\/div><\/div><\/div><div class=\"vc_row wpb_row vc_row-fluid\"><div class=\"wpb_column vc_column_container vc_col-sm-6\"><div class=\"vc_column-inner\"><div class=\"wpb_wrapper\">\n\t<div  class=\"wpb_single_image wpb_content_element vc_align_center wpb_content_element\">\n\t\t\n\t\t<figure class=\"wpb_wrapper vc_figure\">\n\t\t\t<div class=\"vc_single_image-wrapper   vc_box_border_grey\"><img loading=\"lazy\" decoding=\"async\" width=\"800\" height=\"533\" src=\"https:\/\/alsnettoyage.fr\/wp-content\/uploads\/2025\/03\/top-view-of-cleaning-company-team-cleaning-modern-2024-11-17-16-44-49-utc-1.jpg\" class=\"vc_single_image-img attachment-full\" alt=\"\" title=\"top-view-of-cleaning-company-team-cleaning-modern-2024-11-17-16-44-49-utc (1)\" srcset=\"https:\/\/alsnettoyage.fr\/wp-content\/uploads\/2025\/03\/top-view-of-cleaning-company-team-cleaning-modern-2024-11-17-16-44-49-utc-1.jpg 800w, https:\/\/alsnettoyage.fr\/wp-content\/uploads\/2025\/03\/top-view-of-cleaning-company-team-cleaning-modern-2024-11-17-16-44-49-utc-1-300x200.jpg 300w, https:\/\/alsnettoyage.fr\/wp-content\/uploads\/2025\/03\/top-view-of-cleaning-company-team-cleaning-modern-2024-11-17-16-44-49-utc-1-768x512.jpg 768w, https:\/\/alsnettoyage.fr\/wp-content\/uploads\/2025\/03\/top-view-of-cleaning-company-team-cleaning-modern-2024-11-17-16-44-49-utc-1-18x12.jpg 18w, https:\/\/alsnettoyage.fr\/wp-content\/uploads\/2025\/03\/top-view-of-cleaning-company-team-cleaning-modern-2024-11-17-16-44-49-utc-1-600x400.jpg 600w\" sizes=\"auto, (max-width: 800px) 100vw, 800px\" \/><\/div>\n\t\t<\/figure>\n\t<\/div>\n<\/div><\/div><\/div><div class=\"wpb_column vc_column_container vc_col-sm-6\"><div class=\"vc_column-inner\"><div class=\"wpb_wrapper\">\n\t<div class=\"wpb_text_column wpb_content_element\" >\n\t\t<div class=\"wpb_wrapper\">\n\t\t\t<p class=\"\" style=\"font-size: 20px;\" data-start=\"1298\" data-end=\"1734\">Pour les sols souples (PVC, lino, caoutchouc), nous r\u00e9alisons un d\u00e9capage pour enlever les anciennes couches d\u2019\u00e9mulsion, la salet\u00e9 incrust\u00e9e et les micro-rayures. Ensuite, nous appliquons une nouvelle couche de protection (polish ou m\u00e9tallisation), qui donne de l\u2019\u00e9clat, prolonge la dur\u00e9e de vie du sol et facilite l\u2019entretien quotidien. Cette op\u00e9ration est id\u00e9ale pour les espaces \u00e0 fort passage : bureaux, h\u00f4pitaux, \u00e9coles, commerces.<\/p>\n\n\t\t<\/div>\n\t<\/div>\n<\/div><\/div><\/div><\/div><div class=\"vc_row wpb_row vc_row-fluid\"><div class=\"wpb_column vc_column_container vc_col-sm-6\"><div class=\"vc_column-inner\"><div class=\"wpb_wrapper\">\n\t<div class=\"wpb_text_column wpb_content_element\" >\n\t\t<div class=\"wpb_wrapper\">\n\t\t\t<p class=\"\" style=\"font-size: 20px;\" data-start=\"1736\" data-end=\"2132\">Le traitement des moquettes et tapis fait appel \u00e0 des techniques sp\u00e9cifiques : injection-extraction pour un nettoyage en profondeur, shampoing moquette, ou m\u00e9thode s\u00e8che selon la sensibilit\u00e9 des mat\u00e9riaux. Les poussi\u00e8res, allerg\u00e8nes, acariens, taches diverses sont \u00e9limin\u00e9s pour garantir propret\u00e9 et confort. Nous utilisons des produits \u00e0 s\u00e9chage rapide pour limiter les interruptions d\u2019activit\u00e9.<\/p>\n\n\t\t<\/div>\n\t<\/div>\n<\/div><\/div><\/div><div class=\"wpb_column vc_column_container vc_col-sm-6\"><div class=\"vc_column-inner\"><div class=\"wpb_wrapper\">\n\t<div  class=\"wpb_single_image wpb_content_element vc_align_center wpb_content_element\">\n\t\t\n\t\t<figure class=\"wpb_wrapper vc_figure\">\n\t\t\t<div class=\"vc_single_image-wrapper   vc_box_border_grey\"><img loading=\"lazy\" decoding=\"async\" width=\"800\" height=\"533\" src=\"https:\/\/alsnettoyage.fr\/wp-content\/uploads\/2025\/03\/man-working-in-a-brewery-cleaning-floor-with-wate-2023-11-27-05-31-26-utc-1-1.jpg\" class=\"vc_single_image-img attachment-full\" alt=\"\" title=\"man-working-in-a-brewery-cleaning-floor-with-wate-2023-11-27-05-31-26-utc (1)\" srcset=\"https:\/\/alsnettoyage.fr\/wp-content\/uploads\/2025\/03\/man-working-in-a-brewery-cleaning-floor-with-wate-2023-11-27-05-31-26-utc-1-1.jpg 800w, https:\/\/alsnettoyage.fr\/wp-content\/uploads\/2025\/03\/man-working-in-a-brewery-cleaning-floor-with-wate-2023-11-27-05-31-26-utc-1-1-300x200.jpg 300w, https:\/\/alsnettoyage.fr\/wp-content\/uploads\/2025\/03\/man-working-in-a-brewery-cleaning-floor-with-wate-2023-11-27-05-31-26-utc-1-1-768x512.jpg 768w, https:\/\/alsnettoyage.fr\/wp-content\/uploads\/2025\/03\/man-working-in-a-brewery-cleaning-floor-with-wate-2023-11-27-05-31-26-utc-1-1-18x12.jpg 18w, https:\/\/alsnettoyage.fr\/wp-content\/uploads\/2025\/03\/man-working-in-a-brewery-cleaning-floor-with-wate-2023-11-27-05-31-26-utc-1-1-600x400.jpg 600w\" sizes=\"auto, (max-width: 800px) 100vw, 800px\" \/><\/div>\n\t\t<\/figure>\n\t<\/div>\n<\/div><\/div><\/div><\/div><div class=\"vc_row wpb_row vc_row-fluid\"><div class=\"wpb_column vc_column_container vc_col-sm-6\"><div class=\"vc_column-inner\"><div class=\"wpb_wrapper\">\n\t<div  class=\"wpb_single_image wpb_content_element vc_align_center wpb_content_element\">\n\t\t\n\t\t<figure class=\"wpb_wrapper vc_figure\">\n\t\t\t<div class=\"vc_single_image-wrapper   vc_box_border_grey\"><img loading=\"lazy\" decoding=\"async\" width=\"800\" height=\"533\" src=\"https:\/\/alsnettoyage.fr\/wp-content\/uploads\/2025\/03\/concept-photo-of-a-hospital-worker-doing-cleaning-2025-02-12-04-55-43-utc-1.jpg\" class=\"vc_single_image-img attachment-full\" alt=\"\" title=\"concept-photo-of-a-hospital-worker-doing-cleaning-2025-02-12-04-55-43-utc (1)\" srcset=\"https:\/\/alsnettoyage.fr\/wp-content\/uploads\/2025\/03\/concept-photo-of-a-hospital-worker-doing-cleaning-2025-02-12-04-55-43-utc-1.jpg 800w, https:\/\/alsnettoyage.fr\/wp-content\/uploads\/2025\/03\/concept-photo-of-a-hospital-worker-doing-cleaning-2025-02-12-04-55-43-utc-1-300x200.jpg 300w, https:\/\/alsnettoyage.fr\/wp-content\/uploads\/2025\/03\/concept-photo-of-a-hospital-worker-doing-cleaning-2025-02-12-04-55-43-utc-1-768x512.jpg 768w, https:\/\/alsnettoyage.fr\/wp-content\/uploads\/2025\/03\/concept-photo-of-a-hospital-worker-doing-cleaning-2025-02-12-04-55-43-utc-1-18x12.jpg 18w, https:\/\/alsnettoyage.fr\/wp-content\/uploads\/2025\/03\/concept-photo-of-a-hospital-worker-doing-cleaning-2025-02-12-04-55-43-utc-1-600x400.jpg 600w\" sizes=\"auto, (max-width: 800px) 100vw, 800px\" \/><\/div>\n\t\t<\/figure>\n\t<\/div>\n<\/div><\/div><\/div><div class=\"wpb_column vc_column_container vc_col-sm-6\"><div class=\"vc_column-inner\"><div class=\"wpb_wrapper\">\n\t<div class=\"wpb_text_column wpb_content_element\" >\n\t\t<div class=\"wpb_wrapper\">\n\t\t\t<p class=\"\" style=\"font-size: 20px;\" data-start=\"2134\" data-end=\"2560\">Le traitement des sols en pierre naturelle (marbre, granit, travertin) inclut des prestations de cristallisation, lustrage, polissage, voire pon\u00e7age, afin de restaurer l\u2019\u00e9clat, gommer les imperfections et prot\u00e9ger la surface. Un traitement hydrofuge ou ol\u00e9ofuge peut \u00eatre appliqu\u00e9 pour pr\u00e9venir les taches et faciliter le nettoyage. Ces prestations s\u2019adressent aux h\u00f4tels, halls d\u2019immeubles, magasins ou b\u00e2timents prestigieux.<\/p>\n\n\t\t<\/div>\n\t<\/div>\n<\/div><\/div><\/div><\/div><div class=\"vc_row wpb_row vc_row-fluid\"><div class=\"wpb_column vc_column_container vc_col-sm-12\"><div class=\"vc_column-inner\"><div class=\"wpb_wrapper\">\n\t<div class=\"wpb_text_column wpb_content_element\" >\n\t\t<div class=\"wpb_wrapper\">\n\t\t\t<p class=\"\" style=\"font-size: 20px;\" data-start=\"3573\" data-end=\"3916\">Toutes nos interventions font l\u2019objet d\u2019un plan de travail pr\u00e9cis, d\u2019un contr\u00f4le qualit\u00e9 rigoureux, et d\u2019un suivi personnalis\u00e9. Nos techniciens sont form\u00e9s aux diff\u00e9rentes techniques de traitement, et nous utilisons des \u00e9quipements performants : monobrosses, autolaveuses, aspirateurs industriels, injecteurs-extracteurs, syst\u00e8mes vapeur, etc.<\/p>\n<p class=\"\" style=\"font-size: 20px;\" data-start=\"3918\" data-end=\"4236\">Nous proposons des prestations ponctuelles (remise en \u00e9tat, fin de chantier) ou r\u00e9guli\u00e8res (contrats d\u2019entretien), avec la possibilit\u00e9 de planifier les interventions en dehors des horaires d\u2019activit\u00e9. Un devis sur mesure est \u00e9tabli en fonction des surfaces, des traitements souhait\u00e9s et de la fr\u00e9quence d\u2019intervention.<\/p>\n<p class=\"\" style=\"font-size: 20px;\" data-start=\"4238\" data-end=\"4413\">Gr\u00e2ce \u00e0 notre expertise, nous vous garantissons des sols et surfaces impeccables, prot\u00e9g\u00e9s et valoris\u00e9s, contribuant \u00e0 l\u2019image de votre entreprise et au confort de vos locaux.<\/p>\n\n\t\t<\/div>\n\t<\/div>\n<\/div><\/div><\/div><\/div>\n<\/div>","protected":false},"excerpt":{"rendered":"Traitement des sols et surfaces sp\u00e9cifiques Le traitement des sols et surfaces sp\u00e9cifiques vise \u00e0 pr\u00e9server, prot\u00e9ger et valoriser les rev\u00eatements tout en assurant hygi\u00e8ne, s\u00e9curit\u00e9 et esth\u00e9tique. Chaque sol [...]","protected":false},"author":1,"featured_media":0,"parent":0,"menu_order":0,"comment_status":"closed","ping_status":"closed","template":"","meta":{"footnotes":""},"class_list":["post-7539","page","type-page","status-publish","hentry"],"yoast_head":"<!-- This site is optimized with the Yoast SEO plugin v24.8.1 - https:\/\/yoast.com\/wordpress\/plugins\/seo\/ -->\n<title>Traitement des sols et surfaces sp\u00e9cifiques | ALS Nettoyage<\/title>\n<meta name=\"description\" content=\"Besoin d\u2019un traitement efficace pour vos sols et surfaces sp\u00e9cifiques ? ALS Nettoyage vous propose des solutions adapt\u00e9es pour un entretien professionnel et durable. D\u00e9couvrez nos services !\" \/>\n<meta name=\"robots\" content=\"index, follow, max-snippet:-1, max-image-preview:large, max-video-preview:-1\" \/>\n<link rel=\"canonical\" href=\"https:\/\/alsnettoyage.fr\/en\/traitement-des-sols-et-surfaces-specifiques\/\" \/>\n<meta property=\"og:locale\" content=\"en_US\" \/>\n<meta property=\"og:type\" content=\"article\" \/>\n<meta property=\"og:title\" content=\"Traitement des sols et surfaces sp\u00e9cifiques | ALS Nettoyage\" \/>\n<meta property=\"og:description\" content=\"Besoin d\u2019un traitement efficace pour vos sols et surfaces sp\u00e9cifiques ? ALS Nettoyage vous propose des solutions adapt\u00e9es pour un entretien professionnel et durable. D\u00e9couvrez nos services !\" \/>\n<meta property=\"og:url\" content=\"https:\/\/alsnettoyage.fr\/en\/traitement-des-sols-et-surfaces-specifiques\/\" \/>\n<meta property=\"og:site_name\" content=\"ALS NETTOYAGE\" \/>\n<meta property=\"article:modified_time\" content=\"2025-04-04T15:24:09+00:00\" \/>\n<meta name=\"twitter:card\" content=\"summary_large_image\" \/>\n<meta name=\"twitter:label1\" content=\"Est. reading time\" \/>\n\t<meta name=\"twitter:data1\" content=\"4 minutes\" \/>\n<script type=\"application\/ld+json\" class=\"yoast-schema-graph\">{\"@context\":\"https:\/\/schema.org\",\"@graph\":[{\"@type\":\"WebPage\",\"@id\":\"https:\/\/alsnettoyage.fr\/traitement-des-sols-et-surfaces-specifiques\/\",\"url\":\"https:\/\/alsnettoyage.fr\/traitement-des-sols-et-surfaces-specifiques\/\",\"name\":\"Traitement des sols et surfaces sp\u00e9cifiques | ALS Nettoyage\",\"isPartOf\":{\"@id\":\"https:\/\/alsnettoyage.fr\/#website\"},\"datePublished\":\"2025-03-20T16:29:29+00:00\",\"dateModified\":\"2025-04-04T15:24:09+00:00\",\"description\":\"Besoin d\u2019un traitement efficace pour vos sols et surfaces sp\u00e9cifiques ? ALS Nettoyage vous propose des solutions adapt\u00e9es pour un entretien professionnel et durable. D\u00e9couvrez nos services !\",\"breadcrumb\":{\"@id\":\"https:\/\/alsnettoyage.fr\/traitement-des-sols-et-surfaces-specifiques\/#breadcrumb\"},\"inLanguage\":\"en-US\",\"potentialAction\":[{\"@type\":\"ReadAction\",\"target\":[\"https:\/\/alsnettoyage.fr\/traitement-des-sols-et-surfaces-specifiques\/\"]}]},{\"@type\":\"BreadcrumbList\",\"@id\":\"https:\/\/alsnettoyage.fr\/traitement-des-sols-et-surfaces-specifiques\/#breadcrumb\",\"itemListElement\":[{\"@type\":\"ListItem\",\"position\":1,\"name\":\"Accueil\",\"item\":\"https:\/\/alsnettoyage.fr\/\"},{\"@type\":\"ListItem\",\"position\":2,\"name\":\"Traitement des sols et surfaces sp\u00e9cifiques\"}]},{\"@type\":\"WebSite\",\"@id\":\"https:\/\/alsnettoyage.fr\/#website\",\"url\":\"https:\/\/alsnettoyage.fr\/\",\"name\":\"ALS Nettoyage\u200b\",\"description\":\"\",\"publisher\":{\"@id\":\"https:\/\/alsnettoyage.fr\/#organization\"},\"potentialAction\":[{\"@type\":\"SearchAction\",\"target\":{\"@type\":\"EntryPoint\",\"urlTemplate\":\"https:\/\/alsnettoyage.fr\/?s={search_term_string}\"},\"query-input\":{\"@type\":\"PropertyValueSpecification\",\"valueRequired\":true,\"valueName\":\"search_term_string\"}}],\"inLanguage\":\"en-US\"},{\"@type\":\"Organization\",\"@id\":\"https:\/\/alsnettoyage.fr\/#organization\",\"name\":\"ALS NETTOYAGE\",\"url\":\"https:\/\/alsnettoyage.fr\/\",\"logo\":{\"@type\":\"ImageObject\",\"inLanguage\":\"en-US\",\"@id\":\"https:\/\/alsnettoyage.fr\/#\/schema\/logo\/image\/\",\"url\":\"https:\/\/alsnettoyage.fr\/wp-content\/uploads\/2025\/03\/alslogoofficiel-removebg-preview.png\",\"contentUrl\":\"https:\/\/alsnettoyage.fr\/wp-content\/uploads\/2025\/03\/alslogoofficiel-removebg-preview.png\",\"width\":934,\"height\":267,\"caption\":\"ALS NETTOYAGE\"},\"image\":{\"@id\":\"https:\/\/alsnettoyage.fr\/#\/schema\/logo\/image\/\"}}]}<\/script>\n<!-- \/ Yoast SEO plugin. -->","yoast_head_json":{"title":"Traitement des sols et surfaces sp\u00e9cifiques | ALS Nettoyage","description":"Besoin d\u2019un traitement efficace pour vos sols et surfaces sp\u00e9cifiques ? ALS Nettoyage vous propose des solutions adapt\u00e9es pour un entretien professionnel et durable. D\u00e9couvrez nos services !","robots":{"index":"index","follow":"follow","max-snippet":"max-snippet:-1","max-image-preview":"max-image-preview:large","max-video-preview":"max-video-preview:-1"},"canonical":"https:\/\/alsnettoyage.fr\/en\/traitement-des-sols-et-surfaces-specifiques\/","og_locale":"en_US","og_type":"article","og_title":"Traitement des sols et surfaces sp\u00e9cifiques | ALS Nettoyage","og_description":"Besoin d\u2019un traitement efficace pour vos sols et surfaces sp\u00e9cifiques ? ALS Nettoyage vous propose des solutions adapt\u00e9es pour un entretien professionnel et durable. D\u00e9couvrez nos services !","og_url":"https:\/\/alsnettoyage.fr\/en\/traitement-des-sols-et-surfaces-specifiques\/","og_site_name":"ALS NETTOYAGE","article_modified_time":"2025-04-04T15:24:09+00:00","twitter_card":"summary_large_image","twitter_misc":{"Est. reading time":"4 minutes"},"schema":{"@context":"https:\/\/schema.org","@graph":[{"@type":"WebPage","@id":"https:\/\/alsnettoyage.fr\/traitement-des-sols-et-surfaces-specifiques\/","url":"https:\/\/alsnettoyage.fr\/traitement-des-sols-et-surfaces-specifiques\/","name":"Traitement des sols et surfaces sp\u00e9cifiques | ALS Nettoyage","isPartOf":{"@id":"https:\/\/alsnettoyage.fr\/#website"},"datePublished":"2025-03-20T16:29:29+00:00","dateModified":"2025-04-04T15:24:09+00:00","description":"Besoin d\u2019un traitement efficace pour vos sols et surfaces sp\u00e9cifiques ? ALS Nettoyage vous propose des solutions adapt\u00e9es pour un entretien professionnel et durable. D\u00e9couvrez nos services !","breadcrumb":{"@id":"https:\/\/alsnettoyage.fr\/traitement-des-sols-et-surfaces-specifiques\/#breadcrumb"},"inLanguage":"en-US","potentialAction":[{"@type":"ReadAction","target":["https:\/\/alsnettoyage.fr\/traitement-des-sols-et-surfaces-specifiques\/"]}]},{"@type":"BreadcrumbList","@id":"https:\/\/alsnettoyage.fr\/traitement-des-sols-et-surfaces-specifiques\/#breadcrumb","itemListElement":[{"@type":"ListItem","position":1,"name":"Accueil","item":"https:\/\/alsnettoyage.fr\/"},{"@type":"ListItem","position":2,"name":"Traitement des sols et surfaces sp\u00e9cifiques"}]},{"@type":"WebSite","@id":"https:\/\/alsnettoyage.fr\/#website","url":"https:\/\/alsnettoyage.fr\/","name":"ALS Nettoyage\u200b","description":"","publisher":{"@id":"https:\/\/alsnettoyage.fr\/#organization"},"potentialAction":[{"@type":"SearchAction","target":{"@type":"EntryPoint","urlTemplate":"https:\/\/alsnettoyage.fr\/?s={search_term_string}"},"query-input":{"@type":"PropertyValueSpecification","valueRequired":true,"valueName":"search_term_string"}}],"inLanguage":"en-US"},{"@type":"Organization","@id":"https:\/\/alsnettoyage.fr\/#organization","name":"ALS NETTOYAGE","url":"https:\/\/alsnettoyage.fr\/","logo":{"@type":"ImageObject","inLanguage":"en-US","@id":"https:\/\/alsnettoyage.fr\/#\/schema\/logo\/image\/","url":"https:\/\/alsnettoyage.fr\/wp-content\/uploads\/2025\/03\/alslogoofficiel-removebg-preview.png","contentUrl":"https:\/\/alsnettoyage.fr\/wp-content\/uploads\/2025\/03\/alslogoofficiel-removebg-preview.png","width":934,"height":267,"caption":"ALS NETTOYAGE"},"image":{"@id":"https:\/\/alsnettoyage.fr\/#\/schema\/logo\/image\/"}}]}},"_links":{"self":[{"href":"https:\/\/alsnettoyage.fr\/en\/wp-json\/wp\/v2\/pages\/7539","targetHints":{"allow":["GET"]}}],"collection":[{"href":"https:\/\/alsnettoyage.fr\/en\/wp-json\/wp\/v2\/pages"}],"about":[{"href":"https:\/\/alsnettoyage.fr\/en\/wp-json\/wp\/v2\/types\/page"}],"author":[{"embeddable":true,"href":"https:\/\/alsnettoyage.fr\/en\/wp-json\/wp\/v2\/users\/1"}],"replies":[{"embeddable":true,"href":"https:\/\/alsnettoyage.fr\/en\/wp-json\/wp\/v2\/comments?post=7539"}],"version-history":[{"count":9,"href":"https:\/\/alsnettoyage.fr\/en\/wp-json\/wp\/v2\/pages\/7539\/revisions"}],"predecessor-version":[{"id":7792,"href":"https:\/\/alsnettoyage.fr\/en\/wp-json\/wp\/v2\/pages\/7539\/revisions\/7792"}],"wp:attachment":[{"href":"https:\/\/alsnettoyage.fr\/en\/wp-json\/wp\/v2\/media?parent=7539"}],"curies":[{"name":"wp","href":"https:\/\/api.w.org\/{rel}","templated":true}]}}