{"id":7537,"date":"2025-03-20T17:29:05","date_gmt":"2025-03-20T16:29:05","guid":{"rendered":"https:\/\/alsnettoyage.fr\/?page_id=7537"},"modified":"2025-04-04T17:30:13","modified_gmt":"2025-04-04T15:30:13","slug":"gestion-des-dechets","status":"publish","type":"page","link":"https:\/\/alsnettoyage.fr\/en\/gestion-des-dechets\/","title":{"rendered":"Gestion des dechets"},"content":{"rendered":"<div class=\"wpb-content-wrapper\"><div class=\"vc_row wpb_row vc_row-fluid\"><div class=\"wpb_column vc_column_container vc_col-sm-12\"><div class=\"vc_column-inner\"><div class=\"wpb_wrapper\"><div class=\"vc_separator wpb_content_element vc_separator_align_center vc_sep_width_100 vc_sep_border_width_2 vc_sep_pos_align_center vc_separator_no_text vc_sep_color_green wpb_content_element  wpb_content_element\" ><span class=\"vc_sep_holder vc_sep_holder_l\"><span class=\"vc_sep_line\"><\/span><\/span><span class=\"vc_sep_holder vc_sep_holder_r\"><span class=\"vc_sep_line\"><\/span><\/span>\n<\/div><h1 style=\"text-align: center;font-family:Alef;font-weight:400;font-style:normal\" class=\"vc_custom_heading vc_do_custom_heading vc_custom_1742596401344\" >Gestion des d\u00e9chets<\/h1><div class=\"vc_separator wpb_content_element vc_separator_align_center vc_sep_width_100 vc_sep_border_width_2 vc_sep_pos_align_center vc_separator_no_text vc_sep_color_green wpb_content_element  wpb_content_element\" ><span class=\"vc_sep_holder vc_sep_holder_l\"><span class=\"vc_sep_line\"><\/span><\/span><span class=\"vc_sep_holder vc_sep_holder_r\"><span class=\"vc_sep_line\"><\/span><\/span>\n<\/div><\/div><\/div><\/div><\/div><div class=\"vc_row wpb_row vc_row-fluid\"><div class=\"wpb_column vc_column_container vc_col-sm-12\"><div class=\"vc_column-inner\"><div class=\"wpb_wrapper\">\n\t<div class=\"wpb_text_column wpb_content_element\" >\n\t\t<div class=\"wpb_wrapper\">\n\t\t\t<p class=\"\" style=\"font-size: 20px;\" data-start=\"109\" data-end=\"605\">La gestion des d\u00e9chets est un enjeu majeur pour la propret\u00e9, la sant\u00e9 publique, la s\u00e9curit\u00e9 des sites et la pr\u00e9servation de l\u2019environnement. Elle n\u00e9cessite des solutions adapt\u00e9es aux besoins des entreprises, collectivit\u00e9s, copropri\u00e9t\u00e9s ou chantiers, dans le respect strict de la r\u00e9glementation en vigueur. Nos prestations de gestion des d\u00e9chets couvrent l\u2019ensemble du processus : collecte, tri, \u00e9vacuation, traitement et valorisation, avec une tra\u00e7abilit\u00e9 compl\u00e8te et une approche \u00e9coresponsable.<\/p>\n\n\t\t<\/div>\n\t<\/div>\n<\/div><\/div><\/div><\/div><div class=\"vc_row wpb_row vc_row-fluid\"><div class=\"wpb_column vc_column_container vc_col-sm-6\"><div class=\"vc_column-inner\"><div class=\"wpb_wrapper\">\n\t<div class=\"wpb_text_column wpb_content_element\" >\n\t\t<div class=\"wpb_wrapper\">\n\t\t\t<p class=\"\" style=\"font-size: 20px;\" data-start=\"607\" data-end=\"1083\">Nous intervenons pour la gestion des d\u00e9chets non dangereux (DND) tels que les d\u00e9chets m\u00e9nagers, emballages, papiers, cartons, plastiques, bois, gravats, mais aussi pour les d\u00e9chets dangereux (DD) comme les produits chimiques, huiles usag\u00e9es, solvants, peintures, piles, batteries, ou encore les d\u00e9chets infectieux (DASRI) issus d\u2019activit\u00e9s de soin ou de laboratoires. Chaque type de d\u00e9chet fait l\u2019objet d\u2019un tri pr\u00e9cis et d\u2019un traitement conforme aux normes environnementales.<\/p>\n\n\t\t<\/div>\n\t<\/div>\n<\/div><\/div><\/div><div class=\"wpb_column vc_column_container vc_col-sm-6\"><div class=\"vc_column-inner\"><div class=\"wpb_wrapper\">\n\t<div  class=\"wpb_single_image wpb_content_element vc_align_center wpb_content_element\">\n\t\t\n\t\t<figure class=\"wpb_wrapper vc_figure\">\n\t\t\t<div class=\"vc_single_image-wrapper   vc_box_border_grey\"><img loading=\"lazy\" decoding=\"async\" width=\"800\" height=\"450\" src=\"https:\/\/alsnettoyage.fr\/wp-content\/uploads\/2025\/03\/an-excavator-working-at-waste-sorting-plant-2025-02-18-02-52-27-utc-1.jpg\" class=\"vc_single_image-img attachment-full\" alt=\"\" title=\"an-excavator-working-at-waste-sorting-plant-2025-02-18-02-52-27-utc (1)\" srcset=\"https:\/\/alsnettoyage.fr\/wp-content\/uploads\/2025\/03\/an-excavator-working-at-waste-sorting-plant-2025-02-18-02-52-27-utc-1.jpg 800w, https:\/\/alsnettoyage.fr\/wp-content\/uploads\/2025\/03\/an-excavator-working-at-waste-sorting-plant-2025-02-18-02-52-27-utc-1-300x169.jpg 300w, https:\/\/alsnettoyage.fr\/wp-content\/uploads\/2025\/03\/an-excavator-working-at-waste-sorting-plant-2025-02-18-02-52-27-utc-1-768x432.jpg 768w, https:\/\/alsnettoyage.fr\/wp-content\/uploads\/2025\/03\/an-excavator-working-at-waste-sorting-plant-2025-02-18-02-52-27-utc-1-18x10.jpg 18w, https:\/\/alsnettoyage.fr\/wp-content\/uploads\/2025\/03\/an-excavator-working-at-waste-sorting-plant-2025-02-18-02-52-27-utc-1-160x90.jpg 160w, https:\/\/alsnettoyage.fr\/wp-content\/uploads\/2025\/03\/an-excavator-working-at-waste-sorting-plant-2025-02-18-02-52-27-utc-1-600x338.jpg 600w\" sizes=\"auto, (max-width: 800px) 100vw, 800px\" \/><\/div>\n\t\t<\/figure>\n\t<\/div>\n<\/div><\/div><\/div><\/div><div class=\"vc_row wpb_row vc_row-fluid\"><div class=\"wpb_column vc_column_container vc_col-sm-6\"><div class=\"vc_column-inner\"><div class=\"wpb_wrapper\">\n\t<div  class=\"wpb_single_image wpb_content_element vc_align_center wpb_content_element\">\n\t\t\n\t\t<figure class=\"wpb_wrapper vc_figure\">\n\t\t\t<div class=\"vc_single_image-wrapper   vc_box_border_grey\"><img loading=\"lazy\" decoding=\"async\" width=\"800\" height=\"533\" src=\"https:\/\/alsnettoyage.fr\/wp-content\/uploads\/2025\/03\/eco-warriors-gathering-sustainable-feast-2024-11-10-11-06-50-utc-1.jpg\" class=\"vc_single_image-img attachment-full\" alt=\"\" title=\"eco-warriors-gathering-sustainable-feast-2024-11-10-11-06-50-utc (1)\" srcset=\"https:\/\/alsnettoyage.fr\/wp-content\/uploads\/2025\/03\/eco-warriors-gathering-sustainable-feast-2024-11-10-11-06-50-utc-1.jpg 800w, https:\/\/alsnettoyage.fr\/wp-content\/uploads\/2025\/03\/eco-warriors-gathering-sustainable-feast-2024-11-10-11-06-50-utc-1-300x200.jpg 300w, https:\/\/alsnettoyage.fr\/wp-content\/uploads\/2025\/03\/eco-warriors-gathering-sustainable-feast-2024-11-10-11-06-50-utc-1-768x512.jpg 768w, https:\/\/alsnettoyage.fr\/wp-content\/uploads\/2025\/03\/eco-warriors-gathering-sustainable-feast-2024-11-10-11-06-50-utc-1-18x12.jpg 18w, https:\/\/alsnettoyage.fr\/wp-content\/uploads\/2025\/03\/eco-warriors-gathering-sustainable-feast-2024-11-10-11-06-50-utc-1-600x400.jpg 600w\" sizes=\"auto, (max-width: 800px) 100vw, 800px\" \/><\/div>\n\t\t<\/figure>\n\t<\/div>\n<\/div><\/div><\/div><div class=\"wpb_column vc_column_container vc_col-sm-6\"><div class=\"vc_column-inner\"><div class=\"wpb_wrapper\">\n\t<div class=\"wpb_text_column wpb_content_element\" >\n\t\t<div class=\"wpb_wrapper\">\n\t\t\t<p class=\"\" style=\"font-size: 20px;\" data-start=\"1085\" data-end=\"1616\">La collecte est assur\u00e9e selon la fr\u00e9quence d\u00e9finie avec le client, de fa\u00e7on ponctuelle ou r\u00e9guli\u00e8re. Nous fournissons les contenants n\u00e9cessaires : bacs roulants, conteneurs, bennes, sacs sp\u00e9cifiques, f\u00fbts \u00e9tanches, en fonction de la nature et du volume des d\u00e9chets. Nos \u00e9quipes se chargent de la manipulation, du transport s\u00e9curis\u00e9 et de l\u2019acheminement vers les fili\u00e8res agr\u00e9\u00e9es. Pour les d\u00e9chets dangereux, nous respectons les protocoles ADR (transport de mati\u00e8res dangereuses) et fournissons les bordereaux de suivi obligatoires.<\/p>\n\n\t\t<\/div>\n\t<\/div>\n<\/div><\/div><\/div><\/div><div class=\"vc_row wpb_row vc_row-fluid\"><div class=\"wpb_column vc_column_container vc_col-sm-6\"><div class=\"vc_column-inner\"><div class=\"wpb_wrapper\">\n\t<div class=\"wpb_text_column wpb_content_element\" >\n\t\t<div class=\"wpb_wrapper\">\n\t\t\t<p class=\"\" style=\"font-size: 20px;\" data-start=\"1618\" data-end=\"2021\">Nous proposons \u00e9galement la mise en place de zones de tri sur site, avec affichage p\u00e9dagogique, formation du personnel et suivi des performances de tri. Cette d\u00e9marche permet de r\u00e9duire le volume des d\u00e9chets r\u00e9siduels, de favoriser le recyclage et de limiter l\u2019empreinte \u00e9cologique. Pour les d\u00e9chets organiques, nous pouvons organiser leur collecte s\u00e9par\u00e9e pour valorisation en compost ou m\u00e9thanisation.<\/p>\n\n\t\t<\/div>\n\t<\/div>\n<\/div><\/div><\/div><div class=\"wpb_column vc_column_container vc_col-sm-6\"><div class=\"vc_column-inner\"><div class=\"wpb_wrapper\">\n\t<div  class=\"wpb_single_image wpb_content_element vc_align_center wpb_content_element\">\n\t\t\n\t\t<figure class=\"wpb_wrapper vc_figure\">\n\t\t\t<div class=\"vc_single_image-wrapper   vc_box_border_grey\"><img loading=\"lazy\" decoding=\"async\" width=\"800\" height=\"600\" src=\"https:\/\/alsnettoyage.fr\/wp-content\/uploads\/2025\/03\/aerial-view-of-burning-trash-piles-in-landfill-2023-11-27-04-58-51-utc-1.jpg\" class=\"vc_single_image-img attachment-full\" alt=\"\" title=\"aerial-view-of-burning-trash-piles-in-landfill-2023-11-27-04-58-51-utc (1)\" srcset=\"https:\/\/alsnettoyage.fr\/wp-content\/uploads\/2025\/03\/aerial-view-of-burning-trash-piles-in-landfill-2023-11-27-04-58-51-utc-1.jpg 800w, https:\/\/alsnettoyage.fr\/wp-content\/uploads\/2025\/03\/aerial-view-of-burning-trash-piles-in-landfill-2023-11-27-04-58-51-utc-1-300x225.jpg 300w, https:\/\/alsnettoyage.fr\/wp-content\/uploads\/2025\/03\/aerial-view-of-burning-trash-piles-in-landfill-2023-11-27-04-58-51-utc-1-768x576.jpg 768w, https:\/\/alsnettoyage.fr\/wp-content\/uploads\/2025\/03\/aerial-view-of-burning-trash-piles-in-landfill-2023-11-27-04-58-51-utc-1-16x12.jpg 16w, https:\/\/alsnettoyage.fr\/wp-content\/uploads\/2025\/03\/aerial-view-of-burning-trash-piles-in-landfill-2023-11-27-04-58-51-utc-1-600x450.jpg 600w\" sizes=\"auto, (max-width: 800px) 100vw, 800px\" \/><\/div>\n\t\t<\/figure>\n\t<\/div>\n<\/div><\/div><\/div><\/div><div class=\"vc_row wpb_row vc_row-fluid\"><div class=\"wpb_column vc_column_container vc_col-sm-6\"><div class=\"vc_column-inner\"><div class=\"wpb_wrapper\">\n\t<div  class=\"wpb_single_image wpb_content_element vc_align_center wpb_content_element\">\n\t\t\n\t\t<figure class=\"wpb_wrapper vc_figure\">\n\t\t\t<div class=\"vc_single_image-wrapper   vc_box_border_grey\"><img loading=\"lazy\" decoding=\"async\" width=\"800\" height=\"1200\" src=\"https:\/\/alsnettoyage.fr\/wp-content\/uploads\/2025\/03\/a-forklift-lifts-a-large-bag-filled-with-huge-amou-2024-11-26-10-34-24-utc-1.jpg\" class=\"vc_single_image-img attachment-full\" alt=\"\" title=\"a-forklift-lifts-a-large-bag-filled-with-huge-amou-2024-11-26-10-34-24-utc (1)\" srcset=\"https:\/\/alsnettoyage.fr\/wp-content\/uploads\/2025\/03\/a-forklift-lifts-a-large-bag-filled-with-huge-amou-2024-11-26-10-34-24-utc-1.jpg 800w, https:\/\/alsnettoyage.fr\/wp-content\/uploads\/2025\/03\/a-forklift-lifts-a-large-bag-filled-with-huge-amou-2024-11-26-10-34-24-utc-1-200x300.jpg 200w, https:\/\/alsnettoyage.fr\/wp-content\/uploads\/2025\/03\/a-forklift-lifts-a-large-bag-filled-with-huge-amou-2024-11-26-10-34-24-utc-1-683x1024.jpg 683w, https:\/\/alsnettoyage.fr\/wp-content\/uploads\/2025\/03\/a-forklift-lifts-a-large-bag-filled-with-huge-amou-2024-11-26-10-34-24-utc-1-768x1152.jpg 768w, https:\/\/alsnettoyage.fr\/wp-content\/uploads\/2025\/03\/a-forklift-lifts-a-large-bag-filled-with-huge-amou-2024-11-26-10-34-24-utc-1-8x12.jpg 8w, https:\/\/alsnettoyage.fr\/wp-content\/uploads\/2025\/03\/a-forklift-lifts-a-large-bag-filled-with-huge-amou-2024-11-26-10-34-24-utc-1-600x900.jpg 600w\" sizes=\"auto, (max-width: 800px) 100vw, 800px\" \/><\/div>\n\t\t<\/figure>\n\t<\/div>\n<\/div><\/div><\/div><div class=\"wpb_column vc_column_container vc_col-sm-6\"><div class=\"vc_column-inner\"><div class=\"wpb_wrapper\">\n\t<div class=\"wpb_text_column wpb_content_element\" >\n\t\t<div class=\"wpb_wrapper\">\n\t\t\t<p class=\"\" style=\"font-size: 20px;\" data-start=\"2023\" data-end=\"2472\">Le d\u00e9barras et l\u2019enl\u00e8vement d\u2019encombrants font partie de nos prestations : mobilier de bureau, \u00e9quipements obsol\u00e8tes, \u00e9lectrom\u00e9nager, archives, mat\u00e9riels informatiques (DEEE), etc. Ces op\u00e9rations incluent la manutention, le tri, la destruction s\u00e9curis\u00e9e si n\u00e9cessaire (ex : disques durs), et l\u2019\u00e9vacuation vers les centres sp\u00e9cialis\u00e9s. Nous intervenons aussi apr\u00e8s des travaux ou d\u00e9m\u00e9nagements pour laisser les lieux propres et libres de tout d\u00e9chet.<\/p>\n<p class=\"\" style=\"font-size: 20px;\" data-start=\"2474\" data-end=\"2864\">Nous r\u00e9alisons \u00e9galement la gestion des d\u00e9chets sur chantiers, avec la mise en place de bennes adapt\u00e9es (gravats, bois, m\u00e9taux, d\u00e9chets de pl\u00e2tre, plastiques), la rotation des contenants, la tra\u00e7abilit\u00e9 des flux, et l\u2019optimisation du tri en vue du recyclage. Nos services permettent aux entreprises du BTP de r\u00e9pondre aux obligations l\u00e9gales et de limiter le co\u00fbt de traitement des d\u00e9chets.<\/p>\n<p class=\"\" style=\"font-size: 20px;\" data-start=\"2866\" data-end=\"3238\">Pour les d\u00e9chets sp\u00e9cifiques comme les d\u00e9chets amiant\u00e9s, nous assurons leur confinement, leur emballage dans des sacs homologu\u00e9s (big-bags), leur transport par un prestataire agr\u00e9\u00e9 et leur \u00e9limination en centre adapt\u00e9, avec \u00e9mission d\u2019un certificat de traitement. Nos \u00e9quipes sont form\u00e9es au risque amiante et interviennent en respectant toutes les proc\u00e9dures de s\u00e9curit\u00e9.<\/p>\n\n\t\t<\/div>\n\t<\/div>\n<\/div><\/div><\/div><\/div><div class=\"vc_row wpb_row vc_row-fluid\"><div class=\"wpb_column vc_column_container vc_col-sm-12\"><div class=\"vc_column-inner\"><div class=\"wpb_wrapper\">\n\t<div class=\"wpb_text_column wpb_content_element\" >\n\t\t<div class=\"wpb_wrapper\">\n\t\t\t<p class=\"\" style=\"font-size: 20px;\" data-start=\"3933\" data-end=\"4312\">Chaque prestation donne lieu \u00e0 un suivi rigoureux : rapport de collecte, bordereaux de traitement, statistiques de tri, afin de garantir une transparence totale et de faciliter les d\u00e9marches environnementales de nos clients (certifications ISO 14001, RSE\u2026). Nous accompagnons nos clients dans l\u2019optimisation de leur gestion des d\u00e9chets et dans le respect des obligations l\u00e9gales.<\/p>\n<p class=\"\" style=\"font-size: 20px;\" data-start=\"4314\" data-end=\"4488\">Gr\u00e2ce \u00e0 un mat\u00e9riel adapt\u00e9, une \u00e9quipe form\u00e9e et des fili\u00e8res de traitement certifi\u00e9es, nous assurons une gestion efficace, s\u00e9curis\u00e9e et responsable de tous types de d\u00e9chets.<\/p>\n\n\t\t<\/div>\n\t<\/div>\n<\/div><\/div><\/div><\/div>\n<\/div>","protected":false},"excerpt":{"rendered":"Gestion des d\u00e9chets La gestion des d\u00e9chets est un enjeu majeur pour la propret\u00e9, la sant\u00e9 publique, la s\u00e9curit\u00e9 des sites et la pr\u00e9servation de l\u2019environnement. Elle n\u00e9cessite des solutions [...]","protected":false},"author":1,"featured_media":0,"parent":0,"menu_order":0,"comment_status":"closed","ping_status":"closed","template":"","meta":{"footnotes":""},"class_list":["post-7537","page","type-page","status-publish","hentry"],"yoast_head":"<!-- This site is optimized with the Yoast SEO plugin v24.8.1 - https:\/\/yoast.com\/wordpress\/plugins\/seo\/ -->\n<title>ALS Nettoyage - Collecte, Tri et gestion des d\u00e9chets<\/title>\n<meta name=\"description\" content=\"ALS Nettoyage vous accompagne dans la gestion de vos d\u00e9chets : collecte, tri et recyclage. Optez pour une solution \u00e9cologique et professionnelle. Contactez-nous !\" \/>\n<meta name=\"robots\" content=\"index, follow, max-snippet:-1, max-image-preview:large, max-video-preview:-1\" \/>\n<link rel=\"canonical\" href=\"https:\/\/alsnettoyage.fr\/en\/gestion-des-dechets\/\" \/>\n<meta property=\"og:locale\" content=\"en_US\" \/>\n<meta property=\"og:type\" content=\"article\" \/>\n<meta property=\"og:title\" content=\"ALS Nettoyage - Collecte, Tri et gestion des d\u00e9chets\" \/>\n<meta property=\"og:description\" content=\"ALS Nettoyage vous accompagne dans la gestion de vos d\u00e9chets : collecte, tri et recyclage. Optez pour une solution \u00e9cologique et professionnelle. Contactez-nous !\" \/>\n<meta property=\"og:url\" content=\"https:\/\/alsnettoyage.fr\/en\/gestion-des-dechets\/\" \/>\n<meta property=\"og:site_name\" content=\"ALS NETTOYAGE\" \/>\n<meta property=\"article:modified_time\" content=\"2025-04-04T15:30:13+00:00\" \/>\n<meta name=\"twitter:card\" content=\"summary_large_image\" \/>\n<meta name=\"twitter:label1\" content=\"Est. reading time\" \/>\n\t<meta name=\"twitter:data1\" content=\"3 minutes\" \/>\n<script type=\"application\/ld+json\" class=\"yoast-schema-graph\">{\"@context\":\"https:\/\/schema.org\",\"@graph\":[{\"@type\":\"WebPage\",\"@id\":\"https:\/\/alsnettoyage.fr\/gestion-des-dechets\/\",\"url\":\"https:\/\/alsnettoyage.fr\/gestion-des-dechets\/\",\"name\":\"ALS Nettoyage - Collecte, Tri et gestion des d\u00e9chets\",\"isPartOf\":{\"@id\":\"https:\/\/alsnettoyage.fr\/#website\"},\"datePublished\":\"2025-03-20T16:29:05+00:00\",\"dateModified\":\"2025-04-04T15:30:13+00:00\",\"description\":\"ALS Nettoyage vous accompagne dans la gestion de vos d\u00e9chets : collecte, tri et recyclage. Optez pour une solution \u00e9cologique et professionnelle. Contactez-nous !\",\"breadcrumb\":{\"@id\":\"https:\/\/alsnettoyage.fr\/gestion-des-dechets\/#breadcrumb\"},\"inLanguage\":\"en-US\",\"potentialAction\":[{\"@type\":\"ReadAction\",\"target\":[\"https:\/\/alsnettoyage.fr\/gestion-des-dechets\/\"]}]},{\"@type\":\"BreadcrumbList\",\"@id\":\"https:\/\/alsnettoyage.fr\/gestion-des-dechets\/#breadcrumb\",\"itemListElement\":[{\"@type\":\"ListItem\",\"position\":1,\"name\":\"Accueil\",\"item\":\"https:\/\/alsnettoyage.fr\/\"},{\"@type\":\"ListItem\",\"position\":2,\"name\":\"Gestion des dechets\"}]},{\"@type\":\"WebSite\",\"@id\":\"https:\/\/alsnettoyage.fr\/#website\",\"url\":\"https:\/\/alsnettoyage.fr\/\",\"name\":\"ALS Nettoyage\u200b\",\"description\":\"\",\"publisher\":{\"@id\":\"https:\/\/alsnettoyage.fr\/#organization\"},\"potentialAction\":[{\"@type\":\"SearchAction\",\"target\":{\"@type\":\"EntryPoint\",\"urlTemplate\":\"https:\/\/alsnettoyage.fr\/?s={search_term_string}\"},\"query-input\":{\"@type\":\"PropertyValueSpecification\",\"valueRequired\":true,\"valueName\":\"search_term_string\"}}],\"inLanguage\":\"en-US\"},{\"@type\":\"Organization\",\"@id\":\"https:\/\/alsnettoyage.fr\/#organization\",\"name\":\"ALS NETTOYAGE\",\"url\":\"https:\/\/alsnettoyage.fr\/\",\"logo\":{\"@type\":\"ImageObject\",\"inLanguage\":\"en-US\",\"@id\":\"https:\/\/alsnettoyage.fr\/#\/schema\/logo\/image\/\",\"url\":\"https:\/\/alsnettoyage.fr\/wp-content\/uploads\/2025\/03\/alslogoofficiel-removebg-preview.png\",\"contentUrl\":\"https:\/\/alsnettoyage.fr\/wp-content\/uploads\/2025\/03\/alslogoofficiel-removebg-preview.png\",\"width\":934,\"height\":267,\"caption\":\"ALS NETTOYAGE\"},\"image\":{\"@id\":\"https:\/\/alsnettoyage.fr\/#\/schema\/logo\/image\/\"}}]}<\/script>\n<!-- \/ Yoast SEO plugin. -->","yoast_head_json":{"title":"ALS Nettoyage - Collecte, Tri et gestion des d\u00e9chets","description":"ALS Nettoyage vous accompagne dans la gestion de vos d\u00e9chets : collecte, tri et recyclage. Optez pour une solution \u00e9cologique et professionnelle. Contactez-nous !","robots":{"index":"index","follow":"follow","max-snippet":"max-snippet:-1","max-image-preview":"max-image-preview:large","max-video-preview":"max-video-preview:-1"},"canonical":"https:\/\/alsnettoyage.fr\/en\/gestion-des-dechets\/","og_locale":"en_US","og_type":"article","og_title":"ALS Nettoyage - Collecte, Tri et gestion des d\u00e9chets","og_description":"ALS Nettoyage vous accompagne dans la gestion de vos d\u00e9chets : collecte, tri et recyclage. Optez pour une solution \u00e9cologique et professionnelle. Contactez-nous !","og_url":"https:\/\/alsnettoyage.fr\/en\/gestion-des-dechets\/","og_site_name":"ALS NETTOYAGE","article_modified_time":"2025-04-04T15:30:13+00:00","twitter_card":"summary_large_image","twitter_misc":{"Est. reading time":"3 minutes"},"schema":{"@context":"https:\/\/schema.org","@graph":[{"@type":"WebPage","@id":"https:\/\/alsnettoyage.fr\/gestion-des-dechets\/","url":"https:\/\/alsnettoyage.fr\/gestion-des-dechets\/","name":"ALS Nettoyage - Collecte, Tri et gestion des d\u00e9chets","isPartOf":{"@id":"https:\/\/alsnettoyage.fr\/#website"},"datePublished":"2025-03-20T16:29:05+00:00","dateModified":"2025-04-04T15:30:13+00:00","description":"ALS Nettoyage vous accompagne dans la gestion de vos d\u00e9chets : collecte, tri et recyclage. Optez pour une solution \u00e9cologique et professionnelle. Contactez-nous !","breadcrumb":{"@id":"https:\/\/alsnettoyage.fr\/gestion-des-dechets\/#breadcrumb"},"inLanguage":"en-US","potentialAction":[{"@type":"ReadAction","target":["https:\/\/alsnettoyage.fr\/gestion-des-dechets\/"]}]},{"@type":"BreadcrumbList","@id":"https:\/\/alsnettoyage.fr\/gestion-des-dechets\/#breadcrumb","itemListElement":[{"@type":"ListItem","position":1,"name":"Accueil","item":"https:\/\/alsnettoyage.fr\/"},{"@type":"ListItem","position":2,"name":"Gestion des dechets"}]},{"@type":"WebSite","@id":"https:\/\/alsnettoyage.fr\/#website","url":"https:\/\/alsnettoyage.fr\/","name":"ALS Nettoyage\u200b","description":"","publisher":{"@id":"https:\/\/alsnettoyage.fr\/#organization"},"potentialAction":[{"@type":"SearchAction","target":{"@type":"EntryPoint","urlTemplate":"https:\/\/alsnettoyage.fr\/?s={search_term_string}"},"query-input":{"@type":"PropertyValueSpecification","valueRequired":true,"valueName":"search_term_string"}}],"inLanguage":"en-US"},{"@type":"Organization","@id":"https:\/\/alsnettoyage.fr\/#organization","name":"ALS NETTOYAGE","url":"https:\/\/alsnettoyage.fr\/","logo":{"@type":"ImageObject","inLanguage":"en-US","@id":"https:\/\/alsnettoyage.fr\/#\/schema\/logo\/image\/","url":"https:\/\/alsnettoyage.fr\/wp-content\/uploads\/2025\/03\/alslogoofficiel-removebg-preview.png","contentUrl":"https:\/\/alsnettoyage.fr\/wp-content\/uploads\/2025\/03\/alslogoofficiel-removebg-preview.png","width":934,"height":267,"caption":"ALS NETTOYAGE"},"image":{"@id":"https:\/\/alsnettoyage.fr\/#\/schema\/logo\/image\/"}}]}},"_links":{"self":[{"href":"https:\/\/alsnettoyage.fr\/en\/wp-json\/wp\/v2\/pages\/7537","targetHints":{"allow":["GET"]}}],"collection":[{"href":"https:\/\/alsnettoyage.fr\/en\/wp-json\/wp\/v2\/pages"}],"about":[{"href":"https:\/\/alsnettoyage.fr\/en\/wp-json\/wp\/v2\/types\/page"}],"author":[{"embeddable":true,"href":"https:\/\/alsnettoyage.fr\/en\/wp-json\/wp\/v2\/users\/1"}],"replies":[{"embeddable":true,"href":"https:\/\/alsnettoyage.fr\/en\/wp-json\/wp\/v2\/comments?post=7537"}],"version-history":[{"count":10,"href":"https:\/\/alsnettoyage.fr\/en\/wp-json\/wp\/v2\/pages\/7537\/revisions"}],"predecessor-version":[{"id":7722,"href":"https:\/\/alsnettoyage.fr\/en\/wp-json\/wp\/v2\/pages\/7537\/revisions\/7722"}],"wp:attachment":[{"href":"https:\/\/alsnettoyage.fr\/en\/wp-json\/wp\/v2\/media?parent=7537"}],"curies":[{"name":"wp","href":"https:\/\/api.w.org\/{rel}","templated":true}]}}