{"id":7535,"date":"2025-03-20T17:27:35","date_gmt":"2025-03-20T16:27:35","guid":{"rendered":"https:\/\/alsnettoyage.fr\/?page_id=7535"},"modified":"2025-04-04T17:39:22","modified_gmt":"2025-04-04T15:39:22","slug":"nettoyage-apres-travaux","status":"publish","type":"page","link":"https:\/\/alsnettoyage.fr\/en\/nettoyage-apres-travaux\/","title":{"rendered":"Nettoyage apr\u00e8s travaux"},"content":{"rendered":"<div class=\"wpb-content-wrapper\"><div class=\"vc_row wpb_row vc_row-fluid\"><div class=\"wpb_column vc_column_container vc_col-sm-12\"><div class=\"vc_column-inner\"><div class=\"wpb_wrapper\"><div class=\"vc_separator wpb_content_element vc_separator_align_center vc_sep_width_100 vc_sep_border_width_2 vc_sep_pos_align_center vc_separator_no_text vc_sep_color_green wpb_content_element  wpb_content_element\" ><span class=\"vc_sep_holder vc_sep_holder_l\"><span class=\"vc_sep_line\"><\/span><\/span><span class=\"vc_sep_holder vc_sep_holder_r\"><span class=\"vc_sep_line\"><\/span><\/span>\n<\/div><h1 style=\"text-align: center;font-family:Alef;font-weight:400;font-style:normal\" class=\"vc_custom_heading vc_do_custom_heading vc_custom_1742595807924\" >Nettoyage apr\u00e8s travaux<\/h1><div class=\"vc_separator wpb_content_element vc_separator_align_center vc_sep_width_100 vc_sep_border_width_2 vc_sep_pos_align_center vc_separator_no_text vc_sep_color_green wpb_content_element  wpb_content_element\" ><span class=\"vc_sep_holder vc_sep_holder_l\"><span class=\"vc_sep_line\"><\/span><\/span><span class=\"vc_sep_holder vc_sep_holder_r\"><span class=\"vc_sep_line\"><\/span><\/span>\n<\/div><\/div><\/div><\/div><\/div><div class=\"vc_row wpb_row vc_row-fluid\"><div class=\"wpb_column vc_column_container vc_col-sm-12\"><div class=\"vc_column-inner\"><div class=\"wpb_wrapper\">\n\t<div class=\"wpb_text_column wpb_content_element\" >\n\t\t<div class=\"wpb_wrapper\">\n\t\t\t<p class=\"\" style=\"font-size: 20px;\" data-start=\"113\" data-end=\"664\">Le nettoyage apr\u00e8s travaux est une \u00e9tape essentielle pour rendre un chantier propre, s\u00e9curis\u00e9 et pr\u00eat \u00e0 l\u2019usage. Cette prestation permet d\u2019\u00e9liminer toutes les traces laiss\u00e9es par les travaux de construction, de r\u00e9novation ou d\u2019am\u00e9nagement : poussi\u00e8res, gravats, r\u00e9sidus de peinture, taches de colle ou de pl\u00e2tre, \u00e9claboussures, et d\u00e9chets divers. Que ce soit pour des locaux professionnels, des logements, des b\u00e2timents publics ou des commerces, notre service garantit un nettoyage en profondeur, minutieux et conforme aux attentes des clients finaux.<\/p>\n\n\t\t<\/div>\n\t<\/div>\n<\/div><\/div><\/div><\/div><div class=\"vc_row wpb_row vc_row-fluid\"><div class=\"wpb_column vc_column_container vc_col-sm-6\"><div class=\"vc_column-inner\"><div class=\"wpb_wrapper\">\n\t<div class=\"wpb_text_column wpb_content_element\" >\n\t\t<div class=\"wpb_wrapper\">\n\t\t\t<p class=\"\" style=\"font-size: 20px;\" data-start=\"666\" data-end=\"1043\">Chaque intervention est pr\u00e9c\u00e9d\u00e9e d\u2019un rep\u00e9rage des lieux afin d\u2019identifier les besoins sp\u00e9cifiques : superficie, type de sol, nature des finitions, acc\u00e8s aux zones \u00e0 traiter, degr\u00e9 de salissure. Un plan de nettoyage est \u00e9tabli pour assurer une organisation efficace des t\u00e2ches, le choix du mat\u00e9riel adapt\u00e9 et l\u2019intervention d\u2019une \u00e9quipe form\u00e9e aux exigences de fin de chantier.<\/p>\n\n\t\t<\/div>\n\t<\/div>\n<\/div><\/div><\/div><div class=\"wpb_column vc_column_container vc_col-sm-6\"><div class=\"vc_column-inner\"><div class=\"wpb_wrapper\">\n\t<div  class=\"wpb_single_image wpb_content_element vc_align_center wpb_content_element\">\n\t\t\n\t\t<figure class=\"wpb_wrapper vc_figure\">\n\t\t\t<div class=\"vc_single_image-wrapper   vc_box_border_grey\"><img loading=\"lazy\" decoding=\"async\" width=\"800\" height=\"543\" src=\"https:\/\/alsnettoyage.fr\/wp-content\/uploads\/2025\/03\/a-young-man-washes-window-frames-with-water-and-a-2025-03-08-16-25-56-utc-1.jpg\" class=\"vc_single_image-img attachment-full\" alt=\"\" title=\"a-young-man-washes-window-frames-with-water-and-a-2025-03-08-16-25-56-utc (1)\" srcset=\"https:\/\/alsnettoyage.fr\/wp-content\/uploads\/2025\/03\/a-young-man-washes-window-frames-with-water-and-a-2025-03-08-16-25-56-utc-1.jpg 800w, https:\/\/alsnettoyage.fr\/wp-content\/uploads\/2025\/03\/a-young-man-washes-window-frames-with-water-and-a-2025-03-08-16-25-56-utc-1-300x204.jpg 300w, https:\/\/alsnettoyage.fr\/wp-content\/uploads\/2025\/03\/a-young-man-washes-window-frames-with-water-and-a-2025-03-08-16-25-56-utc-1-768x521.jpg 768w, https:\/\/alsnettoyage.fr\/wp-content\/uploads\/2025\/03\/a-young-man-washes-window-frames-with-water-and-a-2025-03-08-16-25-56-utc-1-18x12.jpg 18w, https:\/\/alsnettoyage.fr\/wp-content\/uploads\/2025\/03\/a-young-man-washes-window-frames-with-water-and-a-2025-03-08-16-25-56-utc-1-600x407.jpg 600w\" sizes=\"auto, (max-width: 800px) 100vw, 800px\" \/><\/div>\n\t\t<\/figure>\n\t<\/div>\n<\/div><\/div><\/div><\/div><div class=\"vc_row wpb_row vc_row-fluid\"><div class=\"wpb_column vc_column_container vc_col-sm-6\"><div class=\"vc_column-inner\"><div class=\"wpb_wrapper\">\n\t<div  class=\"wpb_single_image wpb_content_element vc_align_center wpb_content_element\">\n\t\t\n\t\t<figure class=\"wpb_wrapper vc_figure\">\n\t\t\t<div class=\"vc_single_image-wrapper   vc_box_border_grey\"><img loading=\"lazy\" decoding=\"async\" width=\"800\" height=\"533\" src=\"https:\/\/alsnettoyage.fr\/wp-content\/uploads\/2025\/03\/worker-in-protective-vest-and-gloves-holding-plast-2024-11-10-02-53-36-utc-1.jpg\" class=\"vc_single_image-img attachment-full\" alt=\"\" title=\"worker-in-protective-vest-and-gloves-holding-plast-2024-11-10-02-53-36-utc (1)\" srcset=\"https:\/\/alsnettoyage.fr\/wp-content\/uploads\/2025\/03\/worker-in-protective-vest-and-gloves-holding-plast-2024-11-10-02-53-36-utc-1.jpg 800w, https:\/\/alsnettoyage.fr\/wp-content\/uploads\/2025\/03\/worker-in-protective-vest-and-gloves-holding-plast-2024-11-10-02-53-36-utc-1-300x200.jpg 300w, https:\/\/alsnettoyage.fr\/wp-content\/uploads\/2025\/03\/worker-in-protective-vest-and-gloves-holding-plast-2024-11-10-02-53-36-utc-1-768x512.jpg 768w, https:\/\/alsnettoyage.fr\/wp-content\/uploads\/2025\/03\/worker-in-protective-vest-and-gloves-holding-plast-2024-11-10-02-53-36-utc-1-18x12.jpg 18w, https:\/\/alsnettoyage.fr\/wp-content\/uploads\/2025\/03\/worker-in-protective-vest-and-gloves-holding-plast-2024-11-10-02-53-36-utc-1-600x400.jpg 600w\" sizes=\"auto, (max-width: 800px) 100vw, 800px\" \/><\/div>\n\t\t<\/figure>\n\t<\/div>\n<\/div><\/div><\/div><div class=\"wpb_column vc_column_container vc_col-sm-6\"><div class=\"vc_column-inner\"><div class=\"wpb_wrapper\">\n\t<div class=\"wpb_text_column wpb_content_element\" >\n\t\t<div class=\"wpb_wrapper\">\n\t\t\t<p class=\"\" style=\"font-size: 20px;\" data-start=\"1045\" data-end=\"1535\">Nos prestations comprennent le d\u00e9poussi\u00e9rage m\u00e9ticuleux de toutes les surfaces horizontales et verticales : murs, plafonds, sols, menuiseries, mobilier install\u00e9, \u00e9quipements techniques. Les poussi\u00e8res fines sont souvent tr\u00e8s volatiles et s\u2019infiltrent partout, n\u00e9cessitant un nettoyage m\u00e9thodique, pi\u00e8ce par pi\u00e8ce. Nous utilisons des aspirateurs industriels \u00e0 haute filtration (HEPA), des lingettes microfibres antistatiques, et des techniques sans eau pour pr\u00e9server les mat\u00e9riaux fragiles.<\/p>\n\n\t\t<\/div>\n\t<\/div>\n<\/div><\/div><\/div><\/div><div class=\"vc_row wpb_row vc_row-fluid\"><div class=\"wpb_column vc_column_container vc_col-sm-6\"><div class=\"vc_column-inner\"><div class=\"wpb_wrapper\">\n\t<div class=\"wpb_text_column wpb_content_element\" >\n\t\t<div class=\"wpb_wrapper\">\n\t\t\t<p class=\"\" style=\"font-size: 20px;\" data-start=\"1537\" data-end=\"2037\">Le nettoyage des sols fait l\u2019objet d\u2019un traitement adapt\u00e9 : aspiration, lavage m\u00e9canis\u00e9, d\u00e9capage, lustrage ou traitement sp\u00e9cifique selon le rev\u00eatement (carrelage, parquet, moquette, PVC, b\u00e9ton cir\u00e9). Nous \u00e9liminons les r\u00e9sidus de pl\u00e2tre, peinture ou colle avec des produits adapt\u00e9s non agressifs. Pour les surfaces vitr\u00e9es (vitres, baies, vitrines), un nettoyage professionnel sans traces est effectu\u00e9, avec raclette et produits d\u00e9graissants, y compris pour les encadrements et rebords de fen\u00eatres.<\/p>\n\n\t\t<\/div>\n\t<\/div>\n<\/div><\/div><\/div><div class=\"wpb_column vc_column_container vc_col-sm-6\"><div class=\"vc_column-inner\"><div class=\"wpb_wrapper\">\n\t<div  class=\"wpb_single_image wpb_content_element vc_align_center wpb_content_element\">\n\t\t\n\t\t<figure class=\"wpb_wrapper vc_figure\">\n\t\t\t<div class=\"vc_single_image-wrapper   vc_box_border_grey\"><img loading=\"lazy\" decoding=\"async\" width=\"800\" height=\"533\" src=\"https:\/\/alsnettoyage.fr\/wp-content\/uploads\/2025\/03\/specialist-technician-professional-engineer-checki-2023-11-27-05-18-45-utc-1.jpg\" class=\"vc_single_image-img attachment-full\" alt=\"\" title=\"specialist-technician-professional-engineer-checki-2023-11-27-05-18-45-utc (1)\" srcset=\"https:\/\/alsnettoyage.fr\/wp-content\/uploads\/2025\/03\/specialist-technician-professional-engineer-checki-2023-11-27-05-18-45-utc-1.jpg 800w, https:\/\/alsnettoyage.fr\/wp-content\/uploads\/2025\/03\/specialist-technician-professional-engineer-checki-2023-11-27-05-18-45-utc-1-300x200.jpg 300w, https:\/\/alsnettoyage.fr\/wp-content\/uploads\/2025\/03\/specialist-technician-professional-engineer-checki-2023-11-27-05-18-45-utc-1-768x512.jpg 768w, https:\/\/alsnettoyage.fr\/wp-content\/uploads\/2025\/03\/specialist-technician-professional-engineer-checki-2023-11-27-05-18-45-utc-1-18x12.jpg 18w, https:\/\/alsnettoyage.fr\/wp-content\/uploads\/2025\/03\/specialist-technician-professional-engineer-checki-2023-11-27-05-18-45-utc-1-600x400.jpg 600w\" sizes=\"auto, (max-width: 800px) 100vw, 800px\" \/><\/div>\n\t\t<\/figure>\n\t<\/div>\n<\/div><\/div><\/div><\/div><div class=\"vc_row wpb_row vc_row-fluid\"><div class=\"wpb_column vc_column_container vc_col-sm-6\"><div class=\"vc_column-inner\"><div class=\"wpb_wrapper\">\n\t<div  class=\"wpb_single_image wpb_content_element vc_align_center wpb_content_element\">\n\t\t\n\t\t<figure class=\"wpb_wrapper vc_figure\">\n\t\t\t<div class=\"vc_single_image-wrapper   vc_box_border_grey\"><img loading=\"lazy\" decoding=\"async\" width=\"800\" height=\"533\" src=\"https:\/\/alsnettoyage.fr\/wp-content\/uploads\/2025\/03\/african-black-people-labor-worker-in-construction-2025-03-07-13-54-44-utc-1.jpg\" class=\"vc_single_image-img attachment-full\" alt=\"\" title=\"african-black-people-labor-worker-in-construction-2025-03-07-13-54-44-utc (1)\" srcset=\"https:\/\/alsnettoyage.fr\/wp-content\/uploads\/2025\/03\/african-black-people-labor-worker-in-construction-2025-03-07-13-54-44-utc-1.jpg 800w, https:\/\/alsnettoyage.fr\/wp-content\/uploads\/2025\/03\/african-black-people-labor-worker-in-construction-2025-03-07-13-54-44-utc-1-300x200.jpg 300w, https:\/\/alsnettoyage.fr\/wp-content\/uploads\/2025\/03\/african-black-people-labor-worker-in-construction-2025-03-07-13-54-44-utc-1-768x512.jpg 768w, https:\/\/alsnettoyage.fr\/wp-content\/uploads\/2025\/03\/african-black-people-labor-worker-in-construction-2025-03-07-13-54-44-utc-1-18x12.jpg 18w, https:\/\/alsnettoyage.fr\/wp-content\/uploads\/2025\/03\/african-black-people-labor-worker-in-construction-2025-03-07-13-54-44-utc-1-600x400.jpg 600w\" sizes=\"auto, (max-width: 800px) 100vw, 800px\" \/><\/div>\n\t\t<\/figure>\n\t<\/div>\n<\/div><\/div><\/div><div class=\"wpb_column vc_column_container vc_col-sm-6\"><div class=\"vc_column-inner\"><div class=\"wpb_wrapper\">\n\t<div class=\"wpb_text_column wpb_content_element\" >\n\t\t<div class=\"wpb_wrapper\">\n\t\t\t<p class=\"\" style=\"font-size: 20px;\" data-start=\"2039\" data-end=\"2407\">Les sanitaires, cuisines et autres zones techniques sont d\u00e9sinfect\u00e9s et remis en \u00e9tat : nettoyage des fa\u00efences, robinetterie, \u00e9viers, WC, douches, grilles d\u2019a\u00e9ration. Nous traitons \u00e9galement les interrupteurs, prises, poign\u00e9es de porte, plinthes, radiateurs, et tout \u00e9l\u00e9ment accessible. Les d\u00e9chets restants sont collect\u00e9s, tri\u00e9s et \u00e9vacu\u00e9s vers des fili\u00e8res adapt\u00e9es.<\/p>\n<p class=\"\" style=\"font-size: 20px;\" data-start=\"2409\" data-end=\"2825\">Nous assurons \u00e9galement le nettoyage des ext\u00e9rieurs : ramassage des d\u00e9chets, balayage des acc\u00e8s, nettoyage des terrasses, parkings, escaliers, ascenseurs, halls d\u2019entr\u00e9e. Nos \u00e9quipes sont \u00e9quip\u00e9es de mat\u00e9riel professionnel : autolaveuses, monobrosses, balayeuses, nettoyeurs vapeur, \u00e9chafaudages mobiles, pour intervenir rapidement et efficacement, y compris dans les grandes surfaces ou les lieux \u00e0 acc\u00e8s difficile.<\/p>\n\n\t\t<\/div>\n\t<\/div>\n<\/div><\/div><\/div><\/div><div class=\"vc_row wpb_row vc_row-fluid\"><div class=\"wpb_column vc_column_container vc_col-sm-12\"><div class=\"vc_column-inner\"><div class=\"wpb_wrapper\">\n\t<div class=\"wpb_text_column wpb_content_element\" >\n\t\t<div class=\"wpb_wrapper\">\n\t\t\t<p class=\"\" style=\"font-size: 20px;\" data-start=\"3591\" data-end=\"3993\">Nous proposons \u00e9galement des services compl\u00e9mentaires : nettoyage apr\u00e8s sinistre (incendie, d\u00e9g\u00e2t des eaux), d\u00e9sinfection, traitement anti-poussi\u00e8re, ou encore entretien r\u00e9gulier post-chantier (en cas d\u2019ouverture diff\u00e9r\u00e9e du site). Pour les zones sensibles ou les finitions haut de gamme, nous adaptons nos m\u00e9thodes et utilisons des produits sp\u00e9cifiques non corrosifs et respectueux de l\u2019environnement.<\/p>\n<p class=\"\" style=\"font-size: 20px;\" data-start=\"3995\" data-end=\"4374\">Un certificat de nettoyage peut \u00eatre fourni \u00e0 l\u2019issue de l\u2019intervention, utile pour la livraison de chantier ou la revente de locaux. Nous intervenons dans le respect des d\u00e9lais, avec flexibilit\u00e9 (travail en soir\u00e9e, week-end) pour ne pas retarder les \u00e9tapes suivantes du projet. Chaque intervention est supervis\u00e9e et contr\u00f4l\u00e9e pour garantir un r\u00e9sultat \u00e0 la hauteur des attentes.<\/p>\n<p class=\"\" style=\"font-size: 20px;\" data-start=\"4376\" data-end=\"4595\">Gr\u00e2ce \u00e0 notre exp\u00e9rience, \u00e0 la qualit\u00e9 de nos \u00e9quipements et \u00e0 notre souci du d\u00e9tail, nous assurons un nettoyage apr\u00e8s travaux complet, permettant une prise en main imm\u00e9diate des locaux dans un environnement impeccable.<\/p>\n\n\t\t<\/div>\n\t<\/div>\n<\/div><\/div><\/div><\/div>\n<\/div>","protected":false},"excerpt":{"rendered":"Nettoyage apr\u00e8s travaux Le nettoyage apr\u00e8s travaux est une \u00e9tape essentielle pour rendre un chantier propre, s\u00e9curis\u00e9 et pr\u00eat \u00e0 l\u2019usage. Cette prestation permet d\u2019\u00e9liminer toutes les traces laiss\u00e9es par [...]","protected":false},"author":1,"featured_media":0,"parent":0,"menu_order":0,"comment_status":"closed","ping_status":"closed","template":"","meta":{"footnotes":""},"class_list":["post-7535","page","type-page","status-publish","hentry"],"yoast_head":"<!-- This site is optimized with the Yoast SEO plugin v24.8.1 - https:\/\/yoast.com\/wordpress\/plugins\/seo\/ -->\n<title>Nettoyage Apr\u00e8s Travaux | ALS Nettoyage<\/title>\n<meta name=\"description\" content=\"ALS Nettoyage propose des services professionnels de nettoyage apr\u00e8s travaux. D\u00e9blayage, nettoyage de fin de chantier et plus. Demandez votre devis !\" \/>\n<meta name=\"robots\" content=\"index, follow, max-snippet:-1, max-image-preview:large, max-video-preview:-1\" \/>\n<link rel=\"canonical\" href=\"https:\/\/alsnettoyage.fr\/en\/nettoyage-apres-travaux\/\" \/>\n<meta property=\"og:locale\" content=\"en_US\" \/>\n<meta property=\"og:type\" content=\"article\" \/>\n<meta property=\"og:title\" content=\"Nettoyage Apr\u00e8s Travaux | ALS Nettoyage\" \/>\n<meta property=\"og:description\" content=\"ALS Nettoyage propose des services professionnels de nettoyage apr\u00e8s travaux. D\u00e9blayage, nettoyage de fin de chantier et plus. Demandez votre devis !\" \/>\n<meta property=\"og:url\" content=\"https:\/\/alsnettoyage.fr\/en\/nettoyage-apres-travaux\/\" \/>\n<meta property=\"og:site_name\" content=\"ALS NETTOYAGE\" \/>\n<meta property=\"article:modified_time\" content=\"2025-04-04T15:39:22+00:00\" \/>\n<meta name=\"twitter:card\" content=\"summary_large_image\" \/>\n<meta name=\"twitter:label1\" content=\"Est. reading time\" \/>\n\t<meta name=\"twitter:data1\" content=\"4 minutes\" \/>\n<script type=\"application\/ld+json\" class=\"yoast-schema-graph\">{\"@context\":\"https:\/\/schema.org\",\"@graph\":[{\"@type\":\"WebPage\",\"@id\":\"https:\/\/alsnettoyage.fr\/nettoyage-apres-travaux\/\",\"url\":\"https:\/\/alsnettoyage.fr\/nettoyage-apres-travaux\/\",\"name\":\"Nettoyage Apr\u00e8s Travaux | ALS Nettoyage\",\"isPartOf\":{\"@id\":\"https:\/\/alsnettoyage.fr\/#website\"},\"datePublished\":\"2025-03-20T16:27:35+00:00\",\"dateModified\":\"2025-04-04T15:39:22+00:00\",\"description\":\"ALS Nettoyage propose des services professionnels de nettoyage apr\u00e8s travaux. D\u00e9blayage, nettoyage de fin de chantier et plus. Demandez votre devis !\",\"breadcrumb\":{\"@id\":\"https:\/\/alsnettoyage.fr\/nettoyage-apres-travaux\/#breadcrumb\"},\"inLanguage\":\"en-US\",\"potentialAction\":[{\"@type\":\"ReadAction\",\"target\":[\"https:\/\/alsnettoyage.fr\/nettoyage-apres-travaux\/\"]}]},{\"@type\":\"BreadcrumbList\",\"@id\":\"https:\/\/alsnettoyage.fr\/nettoyage-apres-travaux\/#breadcrumb\",\"itemListElement\":[{\"@type\":\"ListItem\",\"position\":1,\"name\":\"Accueil\",\"item\":\"https:\/\/alsnettoyage.fr\/\"},{\"@type\":\"ListItem\",\"position\":2,\"name\":\"Nettoyage apr\u00e8s travaux\"}]},{\"@type\":\"WebSite\",\"@id\":\"https:\/\/alsnettoyage.fr\/#website\",\"url\":\"https:\/\/alsnettoyage.fr\/\",\"name\":\"ALS Nettoyage\u200b\",\"description\":\"\",\"publisher\":{\"@id\":\"https:\/\/alsnettoyage.fr\/#organization\"},\"potentialAction\":[{\"@type\":\"SearchAction\",\"target\":{\"@type\":\"EntryPoint\",\"urlTemplate\":\"https:\/\/alsnettoyage.fr\/?s={search_term_string}\"},\"query-input\":{\"@type\":\"PropertyValueSpecification\",\"valueRequired\":true,\"valueName\":\"search_term_string\"}}],\"inLanguage\":\"en-US\"},{\"@type\":\"Organization\",\"@id\":\"https:\/\/alsnettoyage.fr\/#organization\",\"name\":\"ALS NETTOYAGE\",\"url\":\"https:\/\/alsnettoyage.fr\/\",\"logo\":{\"@type\":\"ImageObject\",\"inLanguage\":\"en-US\",\"@id\":\"https:\/\/alsnettoyage.fr\/#\/schema\/logo\/image\/\",\"url\":\"https:\/\/alsnettoyage.fr\/wp-content\/uploads\/2025\/03\/alslogoofficiel-removebg-preview.png\",\"contentUrl\":\"https:\/\/alsnettoyage.fr\/wp-content\/uploads\/2025\/03\/alslogoofficiel-removebg-preview.png\",\"width\":934,\"height\":267,\"caption\":\"ALS NETTOYAGE\"},\"image\":{\"@id\":\"https:\/\/alsnettoyage.fr\/#\/schema\/logo\/image\/\"}}]}<\/script>\n<!-- \/ Yoast SEO plugin. -->","yoast_head_json":{"title":"Nettoyage Apr\u00e8s Travaux | ALS Nettoyage","description":"ALS Nettoyage propose des services professionnels de nettoyage apr\u00e8s travaux. D\u00e9blayage, nettoyage de fin de chantier et plus. Demandez votre devis !","robots":{"index":"index","follow":"follow","max-snippet":"max-snippet:-1","max-image-preview":"max-image-preview:large","max-video-preview":"max-video-preview:-1"},"canonical":"https:\/\/alsnettoyage.fr\/en\/nettoyage-apres-travaux\/","og_locale":"en_US","og_type":"article","og_title":"Nettoyage Apr\u00e8s Travaux | ALS Nettoyage","og_description":"ALS Nettoyage propose des services professionnels de nettoyage apr\u00e8s travaux. D\u00e9blayage, nettoyage de fin de chantier et plus. Demandez votre devis !","og_url":"https:\/\/alsnettoyage.fr\/en\/nettoyage-apres-travaux\/","og_site_name":"ALS NETTOYAGE","article_modified_time":"2025-04-04T15:39:22+00:00","twitter_card":"summary_large_image","twitter_misc":{"Est. reading time":"4 minutes"},"schema":{"@context":"https:\/\/schema.org","@graph":[{"@type":"WebPage","@id":"https:\/\/alsnettoyage.fr\/nettoyage-apres-travaux\/","url":"https:\/\/alsnettoyage.fr\/nettoyage-apres-travaux\/","name":"Nettoyage Apr\u00e8s Travaux | ALS Nettoyage","isPartOf":{"@id":"https:\/\/alsnettoyage.fr\/#website"},"datePublished":"2025-03-20T16:27:35+00:00","dateModified":"2025-04-04T15:39:22+00:00","description":"ALS Nettoyage propose des services professionnels de nettoyage apr\u00e8s travaux. D\u00e9blayage, nettoyage de fin de chantier et plus. Demandez votre devis !","breadcrumb":{"@id":"https:\/\/alsnettoyage.fr\/nettoyage-apres-travaux\/#breadcrumb"},"inLanguage":"en-US","potentialAction":[{"@type":"ReadAction","target":["https:\/\/alsnettoyage.fr\/nettoyage-apres-travaux\/"]}]},{"@type":"BreadcrumbList","@id":"https:\/\/alsnettoyage.fr\/nettoyage-apres-travaux\/#breadcrumb","itemListElement":[{"@type":"ListItem","position":1,"name":"Accueil","item":"https:\/\/alsnettoyage.fr\/"},{"@type":"ListItem","position":2,"name":"Nettoyage apr\u00e8s travaux"}]},{"@type":"WebSite","@id":"https:\/\/alsnettoyage.fr\/#website","url":"https:\/\/alsnettoyage.fr\/","name":"ALS Nettoyage\u200b","description":"","publisher":{"@id":"https:\/\/alsnettoyage.fr\/#organization"},"potentialAction":[{"@type":"SearchAction","target":{"@type":"EntryPoint","urlTemplate":"https:\/\/alsnettoyage.fr\/?s={search_term_string}"},"query-input":{"@type":"PropertyValueSpecification","valueRequired":true,"valueName":"search_term_string"}}],"inLanguage":"en-US"},{"@type":"Organization","@id":"https:\/\/alsnettoyage.fr\/#organization","name":"ALS NETTOYAGE","url":"https:\/\/alsnettoyage.fr\/","logo":{"@type":"ImageObject","inLanguage":"en-US","@id":"https:\/\/alsnettoyage.fr\/#\/schema\/logo\/image\/","url":"https:\/\/alsnettoyage.fr\/wp-content\/uploads\/2025\/03\/alslogoofficiel-removebg-preview.png","contentUrl":"https:\/\/alsnettoyage.fr\/wp-content\/uploads\/2025\/03\/alslogoofficiel-removebg-preview.png","width":934,"height":267,"caption":"ALS NETTOYAGE"},"image":{"@id":"https:\/\/alsnettoyage.fr\/#\/schema\/logo\/image\/"}}]}},"_links":{"self":[{"href":"https:\/\/alsnettoyage.fr\/en\/wp-json\/wp\/v2\/pages\/7535","targetHints":{"allow":["GET"]}}],"collection":[{"href":"https:\/\/alsnettoyage.fr\/en\/wp-json\/wp\/v2\/pages"}],"about":[{"href":"https:\/\/alsnettoyage.fr\/en\/wp-json\/wp\/v2\/types\/page"}],"author":[{"embeddable":true,"href":"https:\/\/alsnettoyage.fr\/en\/wp-json\/wp\/v2\/users\/1"}],"replies":[{"embeddable":true,"href":"https:\/\/alsnettoyage.fr\/en\/wp-json\/wp\/v2\/comments?post=7535"}],"version-history":[{"count":10,"href":"https:\/\/alsnettoyage.fr\/en\/wp-json\/wp\/v2\/pages\/7535\/revisions"}],"predecessor-version":[{"id":7799,"href":"https:\/\/alsnettoyage.fr\/en\/wp-json\/wp\/v2\/pages\/7535\/revisions\/7799"}],"wp:attachment":[{"href":"https:\/\/alsnettoyage.fr\/en\/wp-json\/wp\/v2\/media?parent=7535"}],"curies":[{"name":"wp","href":"https:\/\/api.w.org\/{rel}","templated":true}]}}