{"id":7533,"date":"2025-03-20T17:27:16","date_gmt":"2025-03-20T16:27:16","guid":{"rendered":"https:\/\/alsnettoyage.fr\/?page_id=7533"},"modified":"2025-04-04T17:37:15","modified_gmt":"2025-04-04T15:37:15","slug":"maintenance-et-nettoyage-en-hauteur","status":"publish","type":"page","link":"https:\/\/alsnettoyage.fr\/en\/maintenance-et-nettoyage-en-hauteur\/","title":{"rendered":"Maintenance et nettoyage en hauteur"},"content":{"rendered":"<div class=\"wpb-content-wrapper\"><div class=\"vc_row wpb_row vc_row-fluid\"><div class=\"wpb_column vc_column_container vc_col-sm-12\"><div class=\"vc_column-inner\"><div class=\"wpb_wrapper\"><div class=\"vc_separator wpb_content_element vc_separator_align_center vc_sep_width_100 vc_sep_border_width_2 vc_sep_pos_align_center vc_separator_no_text vc_sep_color_green wpb_content_element  wpb_content_element\" ><span class=\"vc_sep_holder vc_sep_holder_l\"><span class=\"vc_sep_line\"><\/span><\/span><span class=\"vc_sep_holder vc_sep_holder_r\"><span class=\"vc_sep_line\"><\/span><\/span>\n<\/div><h1 style=\"text-align: center;font-family:Alef;font-weight:400;font-style:normal\" class=\"vc_custom_heading vc_do_custom_heading vc_custom_1742596313410\" >Maintenance et nettoyage en hauteur<\/h1><div class=\"vc_separator wpb_content_element vc_separator_align_center vc_sep_width_100 vc_sep_border_width_2 vc_sep_pos_align_center vc_separator_no_text vc_sep_color_green wpb_content_element  wpb_content_element\" ><span class=\"vc_sep_holder vc_sep_holder_l\"><span class=\"vc_sep_line\"><\/span><\/span><span class=\"vc_sep_holder vc_sep_holder_r\"><span class=\"vc_sep_line\"><\/span><\/span>\n<\/div><\/div><\/div><\/div><\/div><div class=\"vc_row wpb_row vc_row-fluid\"><div class=\"wpb_column vc_column_container vc_col-sm-12\"><div class=\"vc_column-inner\"><div class=\"wpb_wrapper\">\n\t<div class=\"wpb_text_column wpb_content_element\" >\n\t\t<div class=\"wpb_wrapper\">\n\t\t\t<p class=\"\" style=\"font-size: 20px;\" data-start=\"125\" data-end=\"552\">La maintenance et le nettoyage en hauteur n\u00e9cessitent des comp\u00e9tences sp\u00e9cifiques, du mat\u00e9riel adapt\u00e9 et une attention maximale aux r\u00e8gles de s\u00e9curit\u00e9. Nos \u00e9quipes sont form\u00e9es pour intervenir sur tous types de structures, int\u00e9rieures comme ext\u00e9rieures, n\u00e9cessitant un acc\u00e8s difficile ou en hauteur : fa\u00e7ades, verri\u00e8res, toitures, charpentes, silos, pyl\u00f4nes, enseignes, murs rideaux, ponts roulants ou encore gaines techniques.<\/p>\n\n\t\t<\/div>\n\t<\/div>\n<\/div><\/div><\/div><\/div><div class=\"vc_row wpb_row vc_row-fluid\"><div class=\"wpb_column vc_column_container vc_col-sm-6\"><div class=\"vc_column-inner\"><div class=\"wpb_wrapper\">\n\t<div class=\"wpb_text_column wpb_content_element\" >\n\t\t<div class=\"wpb_wrapper\">\n\t\t\t<p class=\"\" style=\"font-size: 20px;\" data-start=\"554\" data-end=\"967\">Nous r\u00e9alisons le d\u00e9poussi\u00e9rage, le nettoyage, la d\u00e9sinfection et la maintenance de surfaces en hauteur dans des environnements vari\u00e9s : industries, centres commerciaux, entrep\u00f4ts, ateliers, bureaux, sites logistiques, complexes sportifs, hangars, b\u00e2timents publics, etc. Chaque intervention est pr\u00e9c\u00e9d\u00e9e d\u2019une analyse de risques et d\u2019un plan d\u2019intervention d\u00e9taill\u00e9, respectant les normes de s\u00e9curit\u00e9 en vigueur.<\/p>\n\n\t\t<\/div>\n\t<\/div>\n<\/div><\/div><\/div><div class=\"wpb_column vc_column_container vc_col-sm-6\"><div class=\"vc_column-inner\"><div class=\"wpb_wrapper\">\n\t<div  class=\"wpb_single_image wpb_content_element vc_align_center wpb_content_element\">\n\t\t\n\t\t<figure class=\"wpb_wrapper vc_figure\">\n\t\t\t<div class=\"vc_single_image-wrapper   vc_box_border_grey\"><img loading=\"lazy\" decoding=\"async\" width=\"2560\" height=\"1707\" src=\"https:\/\/alsnettoyage.fr\/wp-content\/uploads\/2025\/03\/portrait-of-a-hardworking-constructor-2025-03-03-15-05-27-utc-scaled.jpg\" class=\"vc_single_image-img attachment-full\" alt=\"\" title=\"Portrait of a Hardworking Constructor\" srcset=\"https:\/\/alsnettoyage.fr\/wp-content\/uploads\/2025\/03\/portrait-of-a-hardworking-constructor-2025-03-03-15-05-27-utc-scaled.jpg 2560w, https:\/\/alsnettoyage.fr\/wp-content\/uploads\/2025\/03\/portrait-of-a-hardworking-constructor-2025-03-03-15-05-27-utc-300x200.jpg 300w, https:\/\/alsnettoyage.fr\/wp-content\/uploads\/2025\/03\/portrait-of-a-hardworking-constructor-2025-03-03-15-05-27-utc-1024x683.jpg 1024w, https:\/\/alsnettoyage.fr\/wp-content\/uploads\/2025\/03\/portrait-of-a-hardworking-constructor-2025-03-03-15-05-27-utc-768x512.jpg 768w, https:\/\/alsnettoyage.fr\/wp-content\/uploads\/2025\/03\/portrait-of-a-hardworking-constructor-2025-03-03-15-05-27-utc-1536x1024.jpg 1536w, https:\/\/alsnettoyage.fr\/wp-content\/uploads\/2025\/03\/portrait-of-a-hardworking-constructor-2025-03-03-15-05-27-utc-2048x1365.jpg 2048w, https:\/\/alsnettoyage.fr\/wp-content\/uploads\/2025\/03\/portrait-of-a-hardworking-constructor-2025-03-03-15-05-27-utc-18x12.jpg 18w, https:\/\/alsnettoyage.fr\/wp-content\/uploads\/2025\/03\/portrait-of-a-hardworking-constructor-2025-03-03-15-05-27-utc-600x400.jpg 600w\" sizes=\"auto, (max-width: 2560px) 100vw, 2560px\" \/><\/div>\n\t\t<\/figure>\n\t<\/div>\n<\/div><\/div><\/div><\/div><div class=\"vc_row wpb_row vc_row-fluid\"><div class=\"wpb_column vc_column_container vc_col-sm-6\"><div class=\"vc_column-inner\"><div class=\"wpb_wrapper\">\n\t<div  class=\"wpb_single_image wpb_content_element vc_align_center wpb_content_element\">\n\t\t\n\t\t<figure class=\"wpb_wrapper vc_figure\">\n\t\t\t<div class=\"vc_single_image-wrapper   vc_box_border_grey\"><img loading=\"lazy\" decoding=\"async\" width=\"800\" height=\"533\" src=\"https:\/\/alsnettoyage.fr\/wp-content\/uploads\/2025\/03\/a-worker-with-climbing-equipment-serves-a-city-tv-2025-03-09-22-52-45-utc-1.jpg\" class=\"vc_single_image-img attachment-full\" alt=\"\" title=\"a-worker-with-climbing-equipment-serves-a-city-tv-2025-03-09-22-52-45-utc (1)\" srcset=\"https:\/\/alsnettoyage.fr\/wp-content\/uploads\/2025\/03\/a-worker-with-climbing-equipment-serves-a-city-tv-2025-03-09-22-52-45-utc-1.jpg 800w, https:\/\/alsnettoyage.fr\/wp-content\/uploads\/2025\/03\/a-worker-with-climbing-equipment-serves-a-city-tv-2025-03-09-22-52-45-utc-1-300x200.jpg 300w, https:\/\/alsnettoyage.fr\/wp-content\/uploads\/2025\/03\/a-worker-with-climbing-equipment-serves-a-city-tv-2025-03-09-22-52-45-utc-1-768x512.jpg 768w, https:\/\/alsnettoyage.fr\/wp-content\/uploads\/2025\/03\/a-worker-with-climbing-equipment-serves-a-city-tv-2025-03-09-22-52-45-utc-1-18x12.jpg 18w, https:\/\/alsnettoyage.fr\/wp-content\/uploads\/2025\/03\/a-worker-with-climbing-equipment-serves-a-city-tv-2025-03-09-22-52-45-utc-1-600x400.jpg 600w\" sizes=\"auto, (max-width: 800px) 100vw, 800px\" \/><\/div>\n\t\t<\/figure>\n\t<\/div>\n<\/div><\/div><\/div><div class=\"wpb_column vc_column_container vc_col-sm-6\"><div class=\"vc_column-inner\"><div class=\"wpb_wrapper\">\n\t<div class=\"wpb_text_column wpb_content_element\" >\n\t\t<div class=\"wpb_wrapper\">\n\t\t\t<p class=\"\" style=\"font-size: 20px;\" data-start=\"969\" data-end=\"1392\">Nous utilisons diff\u00e9rents moyens d\u2019acc\u00e8s selon la configuration des lieux : nacelles \u00e9l\u00e9vatrices, plateformes suspendues, \u00e9chafaudages roulants, perches t\u00e9lescopiques, cordes (travail en acc\u00e8s sur cordes) pour les interventions de type alpiniste. Nos techniciens sont habilit\u00e9s CACES, form\u00e9s aux travaux en hauteur, \u00e0 l\u2019utilisation des EPI (harnais, longes, lignes de vie), et respectent les protocoles de s\u00e9curit\u00e9 stricts.<\/p>\n\n\t\t<\/div>\n\t<\/div>\n<\/div><\/div><\/div><\/div><div class=\"vc_row wpb_row vc_row-fluid\"><div class=\"wpb_column vc_column_container vc_col-sm-6\"><div class=\"vc_column-inner\"><div class=\"wpb_wrapper\">\n\t<div class=\"wpb_text_column wpb_content_element\" >\n\t\t<div class=\"wpb_wrapper\">\n\t\t\t<p class=\"\" style=\"font-size: 20px;\" data-start=\"1394\" data-end=\"1814\">Le nettoyage de vitres en hauteur est l\u2019une de nos prestations phares : vitrines, baies vitr\u00e9es, verri\u00e8res, fen\u00eatres de grande hauteur ou difficiles d\u2019acc\u00e8s. Nous garantissons un nettoyage sans traces, y compris sur les surfaces inclin\u00e9es ou verticales, avec un traitement anti-pluie si n\u00e9cessaire. Le nettoyage est effectu\u00e9 avec des produits non corrosifs, dans le respect des mat\u00e9riaux et des environnements sensibles.<\/p>\n\n\t\t<\/div>\n\t<\/div>\n<\/div><\/div><\/div><div class=\"wpb_column vc_column_container vc_col-sm-6\"><div class=\"vc_column-inner\"><div class=\"wpb_wrapper\">\n\t<div  class=\"wpb_single_image wpb_content_element vc_align_center wpb_content_element\">\n\t\t\n\t\t<figure class=\"wpb_wrapper vc_figure\">\n\t\t\t<div class=\"vc_single_image-wrapper   vc_box_border_grey\"><img loading=\"lazy\" decoding=\"async\" width=\"800\" height=\"533\" src=\"https:\/\/alsnettoyage.fr\/wp-content\/uploads\/2025\/03\/factory-workers-standing-by-scissor-lift-2025-02-10-13-17-53-utc-1.jpg\" class=\"vc_single_image-img attachment-full\" alt=\"\" title=\"factory-workers-standing-by-scissor-lift-2025-02-10-13-17-53-utc (1)\" srcset=\"https:\/\/alsnettoyage.fr\/wp-content\/uploads\/2025\/03\/factory-workers-standing-by-scissor-lift-2025-02-10-13-17-53-utc-1.jpg 800w, https:\/\/alsnettoyage.fr\/wp-content\/uploads\/2025\/03\/factory-workers-standing-by-scissor-lift-2025-02-10-13-17-53-utc-1-300x200.jpg 300w, https:\/\/alsnettoyage.fr\/wp-content\/uploads\/2025\/03\/factory-workers-standing-by-scissor-lift-2025-02-10-13-17-53-utc-1-768x512.jpg 768w, https:\/\/alsnettoyage.fr\/wp-content\/uploads\/2025\/03\/factory-workers-standing-by-scissor-lift-2025-02-10-13-17-53-utc-1-18x12.jpg 18w, https:\/\/alsnettoyage.fr\/wp-content\/uploads\/2025\/03\/factory-workers-standing-by-scissor-lift-2025-02-10-13-17-53-utc-1-600x400.jpg 600w\" sizes=\"auto, (max-width: 800px) 100vw, 800px\" \/><\/div>\n\t\t<\/figure>\n\t<\/div>\n<\/div><\/div><\/div><\/div><div class=\"vc_row wpb_row vc_row-fluid\"><div class=\"wpb_column vc_column_container vc_col-sm-6\"><div class=\"vc_column-inner\"><div class=\"wpb_wrapper\">\n\t<div  class=\"wpb_single_image wpb_content_element vc_align_center wpb_content_element\">\n\t\t\n\t\t<figure class=\"wpb_wrapper vc_figure\">\n\t\t\t<div class=\"vc_single_image-wrapper   vc_box_border_grey\"><img loading=\"lazy\" decoding=\"async\" width=\"800\" height=\"557\" src=\"https:\/\/alsnettoyage.fr\/wp-content\/uploads\/2025\/03\/renewable-energy-analyst-observes-monitors-solar-2025-01-09-00-28-49-utc-1.jpg\" class=\"vc_single_image-img attachment-full\" alt=\"\" title=\"renewable-energy-analyst-observes-monitors-solar-2025-01-09-00-28-49-utc (1)\" srcset=\"https:\/\/alsnettoyage.fr\/wp-content\/uploads\/2025\/03\/renewable-energy-analyst-observes-monitors-solar-2025-01-09-00-28-49-utc-1.jpg 800w, https:\/\/alsnettoyage.fr\/wp-content\/uploads\/2025\/03\/renewable-energy-analyst-observes-monitors-solar-2025-01-09-00-28-49-utc-1-300x209.jpg 300w, https:\/\/alsnettoyage.fr\/wp-content\/uploads\/2025\/03\/renewable-energy-analyst-observes-monitors-solar-2025-01-09-00-28-49-utc-1-768x535.jpg 768w, https:\/\/alsnettoyage.fr\/wp-content\/uploads\/2025\/03\/renewable-energy-analyst-observes-monitors-solar-2025-01-09-00-28-49-utc-1-18x12.jpg 18w, https:\/\/alsnettoyage.fr\/wp-content\/uploads\/2025\/03\/renewable-energy-analyst-observes-monitors-solar-2025-01-09-00-28-49-utc-1-600x418.jpg 600w\" sizes=\"auto, (max-width: 800px) 100vw, 800px\" \/><\/div>\n\t\t<\/figure>\n\t<\/div>\n<\/div><\/div><\/div><div class=\"wpb_column vc_column_container vc_col-sm-6\"><div class=\"vc_column-inner\"><div class=\"wpb_wrapper\">\n\t<div class=\"wpb_text_column wpb_content_element\" >\n\t\t<div class=\"wpb_wrapper\">\n\t\t\t<p class=\"\" style=\"font-size: 20px;\" data-start=\"1816\" data-end=\"2204\">Nous intervenons aussi pour le d\u00e9poussi\u00e9rage de charpentes m\u00e9talliques, poutres, conduits de ventilation, luminaires, plafonds, et toutes surfaces \u00e9lev\u00e9es accumulant poussi\u00e8res, toiles d\u2019araign\u00e9es ou salissures. Ces op\u00e9rations permettent de maintenir un environnement sain, de r\u00e9duire les risques d\u2019incendie ou de d\u00e9gradation des installations, et d\u2019optimiser la qualit\u00e9 de l\u2019air ambiant.<\/p>\n\n\t\t<\/div>\n\t<\/div>\n<\/div><\/div><\/div><\/div><div class=\"vc_row wpb_row vc_row-fluid\"><div class=\"wpb_column vc_column_container vc_col-sm-12\"><div class=\"vc_column-inner\"><div class=\"wpb_wrapper\">\n\t<div class=\"wpb_text_column wpb_content_element\" >\n\t\t<div class=\"wpb_wrapper\">\n\t\t\t<p class=\"\" style=\"font-size: 20px;\" data-start=\"3622\" data-end=\"3924\">Nos services peuvent \u00eatre ponctuels (remise en \u00e9tat, nettoyage saisonnier, intervention urgente) ou contractuels dans le cadre d\u2019un plan de maintenance r\u00e9gulier, avec un suivi personnalis\u00e9. Chaque intervention est document\u00e9e, avec rapport d\u00e9taill\u00e9, relev\u00e9 photographique, et attestation de r\u00e9alisation.<\/p>\n<p class=\"\" style=\"font-size: 20px;\" data-start=\"3926\" data-end=\"4167\">Nous utilisons du mat\u00e9riel professionnel : nettoyeurs haute pression, perches \u00e0 eau pure, syst\u00e8mes d\u2019aspiration sp\u00e9cialis\u00e9s, outillage pour d\u00e9montage et maintenance, produits biod\u00e9gradables respectueux de l\u2019environnement et des utilisateurs.<\/p>\n<p class=\"\" style=\"font-size: 20px;\" data-start=\"4169\" data-end=\"4374\">Gr\u00e2ce \u00e0 notre expertise, notre polyvalence et notre rigueur, nous garantissons des prestations de nettoyage et de maintenance en hauteur efficaces, s\u00e9curis\u00e9es, et conformes aux exigences les plus strictes.<\/p>\n\n\t\t<\/div>\n\t<\/div>\n<\/div><\/div><\/div><\/div>\n<\/div>","protected":false},"excerpt":{"rendered":"Maintenance et nettoyage en hauteur La maintenance et le nettoyage en hauteur n\u00e9cessitent des comp\u00e9tences sp\u00e9cifiques, du mat\u00e9riel adapt\u00e9 et une attention maximale aux r\u00e8gles de s\u00e9curit\u00e9. Nos \u00e9quipes sont [...]","protected":false},"author":1,"featured_media":0,"parent":0,"menu_order":0,"comment_status":"closed","ping_status":"closed","template":"","meta":{"footnotes":""},"class_list":["post-7533","page","type-page","status-publish","hentry"],"yoast_head":"<!-- This site is optimized with the Yoast SEO plugin v24.8.1 - https:\/\/yoast.com\/wordpress\/plugins\/seo\/ -->\n<title>Maintenance et Nettoyage en Hauteur | ALS Nettoyage<\/title>\n<meta name=\"description\" content=\"ALS Nettoyage propose des services professionnels de maintenance et nettoyage en hauteur. S\u00e9curis\u00e9, efficace et adapt\u00e9 \u00e0 vos besoins. Demandez un devis !\" \/>\n<meta name=\"robots\" content=\"index, follow, max-snippet:-1, max-image-preview:large, max-video-preview:-1\" \/>\n<link rel=\"canonical\" href=\"https:\/\/alsnettoyage.fr\/en\/maintenance-et-nettoyage-en-hauteur\/\" \/>\n<meta property=\"og:locale\" content=\"en_US\" \/>\n<meta property=\"og:type\" content=\"article\" \/>\n<meta property=\"og:title\" content=\"Maintenance et Nettoyage en Hauteur | ALS Nettoyage\" \/>\n<meta property=\"og:description\" content=\"ALS Nettoyage propose des services professionnels de maintenance et nettoyage en hauteur. S\u00e9curis\u00e9, efficace et adapt\u00e9 \u00e0 vos besoins. Demandez un devis !\" \/>\n<meta property=\"og:url\" content=\"https:\/\/alsnettoyage.fr\/en\/maintenance-et-nettoyage-en-hauteur\/\" \/>\n<meta property=\"og:site_name\" content=\"ALS NETTOYAGE\" \/>\n<meta property=\"article:modified_time\" content=\"2025-04-04T15:37:15+00:00\" \/>\n<meta name=\"twitter:card\" content=\"summary_large_image\" \/>\n<meta name=\"twitter:label1\" content=\"Est. reading time\" \/>\n\t<meta name=\"twitter:data1\" content=\"3 minutes\" \/>\n<script type=\"application\/ld+json\" class=\"yoast-schema-graph\">{\"@context\":\"https:\/\/schema.org\",\"@graph\":[{\"@type\":\"WebPage\",\"@id\":\"https:\/\/alsnettoyage.fr\/maintenance-et-nettoyage-en-hauteur\/\",\"url\":\"https:\/\/alsnettoyage.fr\/maintenance-et-nettoyage-en-hauteur\/\",\"name\":\"Maintenance et Nettoyage en Hauteur | ALS Nettoyage\",\"isPartOf\":{\"@id\":\"https:\/\/alsnettoyage.fr\/#website\"},\"datePublished\":\"2025-03-20T16:27:16+00:00\",\"dateModified\":\"2025-04-04T15:37:15+00:00\",\"description\":\"ALS Nettoyage propose des services professionnels de maintenance et nettoyage en hauteur. S\u00e9curis\u00e9, efficace et adapt\u00e9 \u00e0 vos besoins. Demandez un devis !\",\"breadcrumb\":{\"@id\":\"https:\/\/alsnettoyage.fr\/maintenance-et-nettoyage-en-hauteur\/#breadcrumb\"},\"inLanguage\":\"en-US\",\"potentialAction\":[{\"@type\":\"ReadAction\",\"target\":[\"https:\/\/alsnettoyage.fr\/maintenance-et-nettoyage-en-hauteur\/\"]}]},{\"@type\":\"BreadcrumbList\",\"@id\":\"https:\/\/alsnettoyage.fr\/maintenance-et-nettoyage-en-hauteur\/#breadcrumb\",\"itemListElement\":[{\"@type\":\"ListItem\",\"position\":1,\"name\":\"Accueil\",\"item\":\"https:\/\/alsnettoyage.fr\/\"},{\"@type\":\"ListItem\",\"position\":2,\"name\":\"Maintenance et nettoyage en hauteur\"}]},{\"@type\":\"WebSite\",\"@id\":\"https:\/\/alsnettoyage.fr\/#website\",\"url\":\"https:\/\/alsnettoyage.fr\/\",\"name\":\"ALS Nettoyage\u200b\",\"description\":\"\",\"publisher\":{\"@id\":\"https:\/\/alsnettoyage.fr\/#organization\"},\"potentialAction\":[{\"@type\":\"SearchAction\",\"target\":{\"@type\":\"EntryPoint\",\"urlTemplate\":\"https:\/\/alsnettoyage.fr\/?s={search_term_string}\"},\"query-input\":{\"@type\":\"PropertyValueSpecification\",\"valueRequired\":true,\"valueName\":\"search_term_string\"}}],\"inLanguage\":\"en-US\"},{\"@type\":\"Organization\",\"@id\":\"https:\/\/alsnettoyage.fr\/#organization\",\"name\":\"ALS NETTOYAGE\",\"url\":\"https:\/\/alsnettoyage.fr\/\",\"logo\":{\"@type\":\"ImageObject\",\"inLanguage\":\"en-US\",\"@id\":\"https:\/\/alsnettoyage.fr\/#\/schema\/logo\/image\/\",\"url\":\"https:\/\/alsnettoyage.fr\/wp-content\/uploads\/2025\/03\/alslogoofficiel-removebg-preview.png\",\"contentUrl\":\"https:\/\/alsnettoyage.fr\/wp-content\/uploads\/2025\/03\/alslogoofficiel-removebg-preview.png\",\"width\":934,\"height\":267,\"caption\":\"ALS NETTOYAGE\"},\"image\":{\"@id\":\"https:\/\/alsnettoyage.fr\/#\/schema\/logo\/image\/\"}}]}<\/script>\n<!-- \/ Yoast SEO plugin. -->","yoast_head_json":{"title":"Maintenance et Nettoyage en Hauteur | ALS Nettoyage","description":"ALS Nettoyage propose des services professionnels de maintenance et nettoyage en hauteur. S\u00e9curis\u00e9, efficace et adapt\u00e9 \u00e0 vos besoins. Demandez un devis !","robots":{"index":"index","follow":"follow","max-snippet":"max-snippet:-1","max-image-preview":"max-image-preview:large","max-video-preview":"max-video-preview:-1"},"canonical":"https:\/\/alsnettoyage.fr\/en\/maintenance-et-nettoyage-en-hauteur\/","og_locale":"en_US","og_type":"article","og_title":"Maintenance et Nettoyage en Hauteur | ALS Nettoyage","og_description":"ALS Nettoyage propose des services professionnels de maintenance et nettoyage en hauteur. S\u00e9curis\u00e9, efficace et adapt\u00e9 \u00e0 vos besoins. Demandez un devis !","og_url":"https:\/\/alsnettoyage.fr\/en\/maintenance-et-nettoyage-en-hauteur\/","og_site_name":"ALS NETTOYAGE","article_modified_time":"2025-04-04T15:37:15+00:00","twitter_card":"summary_large_image","twitter_misc":{"Est. reading time":"3 minutes"},"schema":{"@context":"https:\/\/schema.org","@graph":[{"@type":"WebPage","@id":"https:\/\/alsnettoyage.fr\/maintenance-et-nettoyage-en-hauteur\/","url":"https:\/\/alsnettoyage.fr\/maintenance-et-nettoyage-en-hauteur\/","name":"Maintenance et Nettoyage en Hauteur | ALS Nettoyage","isPartOf":{"@id":"https:\/\/alsnettoyage.fr\/#website"},"datePublished":"2025-03-20T16:27:16+00:00","dateModified":"2025-04-04T15:37:15+00:00","description":"ALS Nettoyage propose des services professionnels de maintenance et nettoyage en hauteur. S\u00e9curis\u00e9, efficace et adapt\u00e9 \u00e0 vos besoins. Demandez un devis !","breadcrumb":{"@id":"https:\/\/alsnettoyage.fr\/maintenance-et-nettoyage-en-hauteur\/#breadcrumb"},"inLanguage":"en-US","potentialAction":[{"@type":"ReadAction","target":["https:\/\/alsnettoyage.fr\/maintenance-et-nettoyage-en-hauteur\/"]}]},{"@type":"BreadcrumbList","@id":"https:\/\/alsnettoyage.fr\/maintenance-et-nettoyage-en-hauteur\/#breadcrumb","itemListElement":[{"@type":"ListItem","position":1,"name":"Accueil","item":"https:\/\/alsnettoyage.fr\/"},{"@type":"ListItem","position":2,"name":"Maintenance et nettoyage en hauteur"}]},{"@type":"WebSite","@id":"https:\/\/alsnettoyage.fr\/#website","url":"https:\/\/alsnettoyage.fr\/","name":"ALS Nettoyage\u200b","description":"","publisher":{"@id":"https:\/\/alsnettoyage.fr\/#organization"},"potentialAction":[{"@type":"SearchAction","target":{"@type":"EntryPoint","urlTemplate":"https:\/\/alsnettoyage.fr\/?s={search_term_string}"},"query-input":{"@type":"PropertyValueSpecification","valueRequired":true,"valueName":"search_term_string"}}],"inLanguage":"en-US"},{"@type":"Organization","@id":"https:\/\/alsnettoyage.fr\/#organization","name":"ALS NETTOYAGE","url":"https:\/\/alsnettoyage.fr\/","logo":{"@type":"ImageObject","inLanguage":"en-US","@id":"https:\/\/alsnettoyage.fr\/#\/schema\/logo\/image\/","url":"https:\/\/alsnettoyage.fr\/wp-content\/uploads\/2025\/03\/alslogoofficiel-removebg-preview.png","contentUrl":"https:\/\/alsnettoyage.fr\/wp-content\/uploads\/2025\/03\/alslogoofficiel-removebg-preview.png","width":934,"height":267,"caption":"ALS NETTOYAGE"},"image":{"@id":"https:\/\/alsnettoyage.fr\/#\/schema\/logo\/image\/"}}]}},"_links":{"self":[{"href":"https:\/\/alsnettoyage.fr\/en\/wp-json\/wp\/v2\/pages\/7533","targetHints":{"allow":["GET"]}}],"collection":[{"href":"https:\/\/alsnettoyage.fr\/en\/wp-json\/wp\/v2\/pages"}],"about":[{"href":"https:\/\/alsnettoyage.fr\/en\/wp-json\/wp\/v2\/types\/page"}],"author":[{"embeddable":true,"href":"https:\/\/alsnettoyage.fr\/en\/wp-json\/wp\/v2\/users\/1"}],"replies":[{"embeddable":true,"href":"https:\/\/alsnettoyage.fr\/en\/wp-json\/wp\/v2\/comments?post=7533"}],"version-history":[{"count":11,"href":"https:\/\/alsnettoyage.fr\/en\/wp-json\/wp\/v2\/pages\/7533\/revisions"}],"predecessor-version":[{"id":7797,"href":"https:\/\/alsnettoyage.fr\/en\/wp-json\/wp\/v2\/pages\/7533\/revisions\/7797"}],"wp:attachment":[{"href":"https:\/\/alsnettoyage.fr\/en\/wp-json\/wp\/v2\/media?parent=7533"}],"curies":[{"name":"wp","href":"https:\/\/api.w.org\/{rel}","templated":true}]}}