{"id":7531,"date":"2025-03-20T17:26:55","date_gmt":"2025-03-20T16:26:55","guid":{"rendered":"https:\/\/alsnettoyage.fr\/?page_id=7531"},"modified":"2025-04-04T17:26:29","modified_gmt":"2025-04-04T15:26:29","slug":"desinfection-et-assainissement","status":"publish","type":"page","link":"https:\/\/alsnettoyage.fr\/en\/desinfection-et-assainissement\/","title":{"rendered":"D\u00e9sinfection et assainissement"},"content":{"rendered":"<div class=\"wpb-content-wrapper\"><div class=\"vc_row wpb_row vc_row-fluid\"><div class=\"wpb_column vc_column_container vc_col-sm-12\"><div class=\"vc_column-inner\"><div class=\"wpb_wrapper\"><div class=\"vc_separator wpb_content_element vc_separator_align_center vc_sep_width_100 vc_sep_border_width_2 vc_sep_pos_align_center vc_separator_no_text vc_sep_color_green wpb_content_element  wpb_content_element\" ><span class=\"vc_sep_holder vc_sep_holder_l\"><span class=\"vc_sep_line\"><\/span><\/span><span class=\"vc_sep_holder vc_sep_holder_r\"><span class=\"vc_sep_line\"><\/span><\/span>\n<\/div><h1 style=\"text-align: center;font-family:Alef;font-weight:400;font-style:normal\" class=\"vc_custom_heading vc_do_custom_heading vc_custom_1742596386084\" >D\u00e9sinfection et assainissement<\/h1><div class=\"vc_separator wpb_content_element vc_separator_align_center vc_sep_width_100 vc_sep_border_width_2 vc_sep_pos_align_center vc_separator_no_text vc_sep_color_green wpb_content_element  wpb_content_element\" ><span class=\"vc_sep_holder vc_sep_holder_l\"><span class=\"vc_sep_line\"><\/span><\/span><span class=\"vc_sep_holder vc_sep_holder_r\"><span class=\"vc_sep_line\"><\/span><\/span>\n<\/div><\/div><\/div><\/div><\/div><div class=\"vc_row wpb_row vc_row-fluid\"><div class=\"wpb_column vc_column_container vc_col-sm-12\"><div class=\"vc_column-inner\"><div class=\"wpb_wrapper\">\n\t<div class=\"wpb_text_column wpb_content_element\" >\n\t\t<div class=\"wpb_wrapper\">\n\t\t\t<p class=\"\" style=\"font-size: 20px;\" data-start=\"120\" data-end=\"708\">La d\u00e9sinfection et l\u2019assainissement sont des op\u00e9rations indispensables pour garantir un environnement sain, pr\u00e9venir les risques sanitaires, et r\u00e9pondre aux exigences r\u00e9glementaires en mati\u00e8re d\u2019hygi\u00e8ne. Ces prestations concernent aussi bien les locaux professionnels que les \u00e9tablissements recevant du public, les zones industrielles, les habitats collectifs ou individuels, ainsi que les sites sensibles comme les h\u00f4pitaux, \u00e9coles, cr\u00e8ches, laboratoires ou cuisines professionnelles. Chaque intervention est adapt\u00e9e au type de lieu, au niveau de contamination et aux risques identifi\u00e9s.<\/p>\n\n\t\t<\/div>\n\t<\/div>\n<\/div><\/div><\/div><\/div><div class=\"vc_row wpb_row vc_row-fluid\"><div class=\"wpb_column vc_column_container vc_col-sm-6\"><div class=\"vc_column-inner\"><div class=\"wpb_wrapper\">\n\t<div class=\"wpb_text_column wpb_content_element\" >\n\t\t<div class=\"wpb_wrapper\">\n\t\t\t<p style=\"font-size: 20px;\">Nos services de d\u00e9sinfection visent \u00e0 \u00e9liminer les micro-organismes pathog\u00e8nes : virus, bact\u00e9ries, champignons, moisissures. Nous intervenons dans le cadre de la pr\u00e9vention, apr\u00e8s un cas av\u00e9r\u00e9 de maladie infectieuse (Covid-19, grippe, gastro-ent\u00e9rite\u2026), ou en cas de contamination par des agents biologiques. La d\u00e9sinfection peut concerner les surfaces, les sols, les \u00e9quipements, les sanitaires, les vestiaires, ou encore les syst\u00e8mes de ventilation (VMC, climatiseurs, conduits d\u2019air).<\/p>\n\n\t\t<\/div>\n\t<\/div>\n<\/div><\/div><\/div><div class=\"wpb_column vc_column_container vc_col-sm-6\"><div class=\"vc_column-inner\"><div class=\"wpb_wrapper\">\n\t<div  class=\"wpb_single_image wpb_content_element vc_align_center wpb_content_element\">\n\t\t\n\t\t<figure class=\"wpb_wrapper vc_figure\">\n\t\t\t<div class=\"vc_single_image-wrapper   vc_box_border_grey\"><img loading=\"lazy\" decoding=\"async\" width=\"800\" height=\"533\" src=\"https:\/\/alsnettoyage.fr\/wp-content\/uploads\/2025\/03\/sanitation-at-factory-of-craft-beer-guys-in-prote-2025-03-18-17-29-06-utc-1.jpg\" class=\"vc_single_image-img attachment-full\" alt=\"\" title=\"sanitation-at-factory-of-craft-beer-guys-in-prote-2025-03-18-17-29-06-utc (1)\" srcset=\"https:\/\/alsnettoyage.fr\/wp-content\/uploads\/2025\/03\/sanitation-at-factory-of-craft-beer-guys-in-prote-2025-03-18-17-29-06-utc-1.jpg 800w, https:\/\/alsnettoyage.fr\/wp-content\/uploads\/2025\/03\/sanitation-at-factory-of-craft-beer-guys-in-prote-2025-03-18-17-29-06-utc-1-300x200.jpg 300w, https:\/\/alsnettoyage.fr\/wp-content\/uploads\/2025\/03\/sanitation-at-factory-of-craft-beer-guys-in-prote-2025-03-18-17-29-06-utc-1-768x512.jpg 768w, https:\/\/alsnettoyage.fr\/wp-content\/uploads\/2025\/03\/sanitation-at-factory-of-craft-beer-guys-in-prote-2025-03-18-17-29-06-utc-1-18x12.jpg 18w, https:\/\/alsnettoyage.fr\/wp-content\/uploads\/2025\/03\/sanitation-at-factory-of-craft-beer-guys-in-prote-2025-03-18-17-29-06-utc-1-600x400.jpg 600w\" sizes=\"auto, (max-width: 800px) 100vw, 800px\" \/><\/div>\n\t\t<\/figure>\n\t<\/div>\n<\/div><\/div><\/div><\/div><div class=\"vc_row wpb_row vc_row-fluid\"><div class=\"wpb_column vc_column_container vc_col-sm-6\"><div class=\"vc_column-inner\"><div class=\"wpb_wrapper\">\n\t<div  class=\"wpb_single_image wpb_content_element vc_align_center wpb_content_element\">\n\t\t\n\t\t<figure class=\"wpb_wrapper vc_figure\">\n\t\t\t<div class=\"vc_single_image-wrapper   vc_box_border_grey\"><img loading=\"lazy\" decoding=\"async\" width=\"800\" height=\"421\" src=\"https:\/\/alsnettoyage.fr\/wp-content\/uploads\/2025\/03\/forensic-scientist-chemical-and-substance-in-lab-2024-10-23-21-10-21-utc-1.jpg\" class=\"vc_single_image-img attachment-full\" alt=\"\" title=\"forensic-scientist-chemical-and-substance-in-lab-2024-10-23-21-10-21-utc (1)\" srcset=\"https:\/\/alsnettoyage.fr\/wp-content\/uploads\/2025\/03\/forensic-scientist-chemical-and-substance-in-lab-2024-10-23-21-10-21-utc-1.jpg 800w, https:\/\/alsnettoyage.fr\/wp-content\/uploads\/2025\/03\/forensic-scientist-chemical-and-substance-in-lab-2024-10-23-21-10-21-utc-1-300x158.jpg 300w, https:\/\/alsnettoyage.fr\/wp-content\/uploads\/2025\/03\/forensic-scientist-chemical-and-substance-in-lab-2024-10-23-21-10-21-utc-1-768x404.jpg 768w, https:\/\/alsnettoyage.fr\/wp-content\/uploads\/2025\/03\/forensic-scientist-chemical-and-substance-in-lab-2024-10-23-21-10-21-utc-1-18x9.jpg 18w, https:\/\/alsnettoyage.fr\/wp-content\/uploads\/2025\/03\/forensic-scientist-chemical-and-substance-in-lab-2024-10-23-21-10-21-utc-1-600x316.jpg 600w\" sizes=\"auto, (max-width: 800px) 100vw, 800px\" \/><\/div>\n\t\t<\/figure>\n\t<\/div>\n<\/div><\/div><\/div><div class=\"wpb_column vc_column_container vc_col-sm-6\"><div class=\"vc_column-inner\"><div class=\"wpb_wrapper\">\n\t<div class=\"wpb_text_column wpb_content_element\" >\n\t\t<div class=\"wpb_wrapper\">\n\t\t\t<p style=\"font-size: 20px;\">Les techniques utilis\u00e9es varient selon la nature des lieux et le niveau d\u2019exigence. Nous utilisons principalement la pulv\u00e9risation, la n\u00e9bulisation, la brumisation ou la d\u00e9sinfection par voie a\u00e9rienne (DSVA), permettant une couverture homog\u00e8ne de toutes les surfaces, y compris les zones difficiles d\u2019acc\u00e8s. Les produits d\u00e9sinfectants employ\u00e9s sont homologu\u00e9s, virucides, bact\u00e9ricides et fongicides, conformes aux normes europ\u00e9ennes (EN 14476, EN 1276\u2026), et adapt\u00e9s aux lieux sensibles, avec des formulations sans danger pour les personnes et respectueuses des mat\u00e9riaux<\/p>\n\n\t\t<\/div>\n\t<\/div>\n<\/div><\/div><\/div><\/div><div class=\"vc_row wpb_row vc_row-fluid\"><div class=\"wpb_column vc_column_container vc_col-sm-6\"><div class=\"vc_column-inner\"><div class=\"wpb_wrapper\">\n\t<div class=\"wpb_text_column wpb_content_element\" >\n\t\t<div class=\"wpb_wrapper\">\n\t\t\t<p class=\"\" style=\"font-size: 20px;\" data-start=\"1773\" data-end=\"2438\">Dans le cadre de l\u2019assainissement, nous proposons un nettoyage en profondeur, associ\u00e9 \u00e0 la d\u00e9sinfection, pour traiter les causes d\u2019insalubrit\u00e9 : humidit\u00e9, moisissures, mauvaises odeurs, pollution int\u00e9rieure, d\u00e9jections animales, ou encore d\u00e9chets biologiques. L\u2019assainissement peut concerner les logements apr\u00e8s sinistre (inondation, incendie), les locaux squatt\u00e9s, les lieux \u00e0 forte fr\u00e9quentation ou encore les b\u00e2timents anciens n\u00e9cessitant une remise en \u00e9tat. Nos interventions incluent le nettoyage et la d\u00e9contamination des surfaces, le traitement de l\u2019air, la d\u00e9sodorisation, et la mise en place de solutions durables pour \u00e9viter la r\u00e9apparition des nuisances.<\/p>\n<p class=\"\" style=\"font-size: 20px;\" data-start=\"2440\" data-end=\"2500\">Nous r\u00e9alisons \u00e9galement des traitements sp\u00e9cifiques comme :<\/p>\n<ul style=\"font-size: 20px;\" data-start=\"2501\" data-end=\"2918\">\n<li class=\"\" data-start=\"2501\" data-end=\"2636\">\n<p class=\"\" style=\"font-size: 20px;\" data-start=\"2503\" data-end=\"2636\">la d\u00e9sinfection des conduits d\u2019a\u00e9ration et de ventilation pour pr\u00e9venir la prolif\u00e9ration des l\u00e9gionelles et autres agents pathog\u00e8nes,<\/p>\n<\/li>\n<li class=\"\" data-start=\"2637\" data-end=\"2701\">\n<p class=\"\" style=\"font-size: 20px;\" data-start=\"2639\" data-end=\"2701\">le nettoyage et la d\u00e9sinfection des syst\u00e8mes de climatisation,<\/p>\n<\/li>\n<li class=\"\" data-start=\"2702\" data-end=\"2800\">\n<p class=\"\" style=\"font-size: 20px;\" data-start=\"2704\" data-end=\"2800\">le traitement anti-microbien des matelas, textiles et moquettes avec des produits anti-acariens,<\/p>\n<\/li>\n<li class=\"\" data-start=\"2801\" data-end=\"2918\">\n<p class=\"\" style=\"font-size: 20px;\" data-start=\"2803\" data-end=\"2918\">la d\u00e9sinfection des v\u00e9hicules professionnels, ambulances, v\u00e9hicules de transport collectif ou camions alimentaires.<\/p>\n<\/li>\n<\/ul>\n\n\t\t<\/div>\n\t<\/div>\n<\/div><\/div><\/div><div class=\"wpb_column vc_column_container vc_col-sm-6\"><div class=\"vc_column-inner\"><div class=\"wpb_wrapper\">\n\t<div  class=\"wpb_single_image wpb_content_element vc_align_center wpb_content_element\">\n\t\t\n\t\t<figure class=\"wpb_wrapper vc_figure\">\n\t\t\t<div class=\"vc_single_image-wrapper   vc_box_border_grey\"><img loading=\"lazy\" decoding=\"async\" width=\"800\" height=\"533\" src=\"https:\/\/alsnettoyage.fr\/wp-content\/uploads\/2025\/03\/chemical-cleaning-indoors-2025-03-09-14-48-51-utc-2.jpg\" class=\"vc_single_image-img attachment-full\" alt=\"\" title=\"chemical-cleaning-indoors-2025-03-09-14-48-51-utc (2)\" srcset=\"https:\/\/alsnettoyage.fr\/wp-content\/uploads\/2025\/03\/chemical-cleaning-indoors-2025-03-09-14-48-51-utc-2.jpg 800w, https:\/\/alsnettoyage.fr\/wp-content\/uploads\/2025\/03\/chemical-cleaning-indoors-2025-03-09-14-48-51-utc-2-300x200.jpg 300w, https:\/\/alsnettoyage.fr\/wp-content\/uploads\/2025\/03\/chemical-cleaning-indoors-2025-03-09-14-48-51-utc-2-768x512.jpg 768w, https:\/\/alsnettoyage.fr\/wp-content\/uploads\/2025\/03\/chemical-cleaning-indoors-2025-03-09-14-48-51-utc-2-18x12.jpg 18w, https:\/\/alsnettoyage.fr\/wp-content\/uploads\/2025\/03\/chemical-cleaning-indoors-2025-03-09-14-48-51-utc-2-600x400.jpg 600w\" sizes=\"auto, (max-width: 800px) 100vw, 800px\" \/><\/div>\n\t\t<\/figure>\n\t<\/div>\n<\/div><\/div><\/div><\/div><div class=\"vc_row wpb_row vc_row-fluid\"><div class=\"wpb_column vc_column_container vc_col-sm-6\"><div class=\"vc_column-inner\"><div class=\"wpb_wrapper\">\n\t<div  class=\"wpb_single_image wpb_content_element vc_align_center wpb_content_element\">\n\t\t\n\t\t<figure class=\"wpb_wrapper vc_figure\">\n\t\t\t<div class=\"vc_single_image-wrapper   vc_box_border_grey\"><img loading=\"lazy\" decoding=\"async\" width=\"800\" height=\"533\" src=\"https:\/\/alsnettoyage.fr\/wp-content\/uploads\/2025\/03\/medics-in-masks-standing-in-room-with-protective-c-2024-11-26-18-54-53-utc-1.jpg\" class=\"vc_single_image-img attachment-full\" alt=\"\" title=\"medics-in-masks-standing-in-room-with-protective-c-2024-11-26-18-54-53-utc (1)\" srcset=\"https:\/\/alsnettoyage.fr\/wp-content\/uploads\/2025\/03\/medics-in-masks-standing-in-room-with-protective-c-2024-11-26-18-54-53-utc-1.jpg 800w, https:\/\/alsnettoyage.fr\/wp-content\/uploads\/2025\/03\/medics-in-masks-standing-in-room-with-protective-c-2024-11-26-18-54-53-utc-1-300x200.jpg 300w, https:\/\/alsnettoyage.fr\/wp-content\/uploads\/2025\/03\/medics-in-masks-standing-in-room-with-protective-c-2024-11-26-18-54-53-utc-1-768x512.jpg 768w, https:\/\/alsnettoyage.fr\/wp-content\/uploads\/2025\/03\/medics-in-masks-standing-in-room-with-protective-c-2024-11-26-18-54-53-utc-1-18x12.jpg 18w, https:\/\/alsnettoyage.fr\/wp-content\/uploads\/2025\/03\/medics-in-masks-standing-in-room-with-protective-c-2024-11-26-18-54-53-utc-1-600x400.jpg 600w\" sizes=\"auto, (max-width: 800px) 100vw, 800px\" \/><\/div>\n\t\t<\/figure>\n\t<\/div>\n<\/div><\/div><\/div><div class=\"wpb_column vc_column_container vc_col-sm-6\"><div class=\"vc_column-inner\"><div class=\"wpb_wrapper\">\n\t<div class=\"wpb_text_column wpb_content_element\" >\n\t\t<div class=\"wpb_wrapper\">\n\t\t\t<p class=\"\" style=\"font-size: 20px;\" data-start=\"2920\" data-end=\"3431\">Les interventions de d\u00e9sinfection peuvent \u00eatre ponctuelles ou r\u00e9guli\u00e8res, selon les besoins. Nous mettons en place des protocoles stricts, valid\u00e9s par nos experts hygi\u00e8ne, incluant une \u00e9valuation pr\u00e9alable des lieux, un plan d\u2019action d\u00e9taill\u00e9, la s\u00e9curisation des zones trait\u00e9es, et un contr\u00f4le qualit\u00e9 post-intervention. Un certificat de d\u00e9sinfection est fourni pour attester de la r\u00e9alisation des prestations, utile notamment dans le cadre d\u2019une exigence r\u00e9glementaire ou de la r\u00e9assurance de votre client\u00e8le.<\/p>\n<p class=\"\" style=\"font-size: 20px;\" data-start=\"3433\" data-end=\"3844\">Nos agents sont form\u00e9s aux normes d\u2019hygi\u00e8ne et de s\u00e9curit\u00e9, \u00e9quip\u00e9s de protections individuelles (combinaisons, masques FFP2, gants), et respectent les proc\u00e9dures de confinement des zones \u00e0 risque. Toutes les interventions sont r\u00e9alis\u00e9es dans le respect de la r\u00e9glementation en vigueur, avec une attention particuli\u00e8re port\u00e9e \u00e0 la s\u00e9curit\u00e9 des occupants et \u00e0 la r\u00e9utilisation rapide des locaux apr\u00e8s traitement.<\/p>\n\n\t\t<\/div>\n\t<\/div>\n<\/div><\/div><\/div><\/div><div class=\"vc_row wpb_row vc_row-fluid\"><div class=\"wpb_column vc_column_container vc_col-sm-12\"><div class=\"vc_column-inner\"><div class=\"wpb_wrapper\">\n\t<div class=\"wpb_text_column wpb_content_element\" >\n\t\t<div class=\"wpb_wrapper\">\n\t\t\t<p class=\"\" style=\"font-size: 20px;\" data-start=\"3846\" data-end=\"4331\">Nous proposons \u00e9galement un service d\u2019urgence 7j\/7 pour les situations critiques n\u00e9cessitant une d\u00e9sinfection rapide, notamment en cas d\u2019\u00e9pid\u00e9mie, de d\u00e9c\u00e8s dans un logement (d\u00e9sinfection post-mortem), ou de contamination par nuisibles (apr\u00e8s d\u00e9ratisation, d\u00e9sinsectisation). En compl\u00e9ment, un service de suivi peut \u00eatre mis en place avec des analyses microbiologiques (pr\u00e9l\u00e8vements de surface, contr\u00f4le de l\u2019air) pour v\u00e9rifier l\u2019efficacit\u00e9 des traitements et ajuster les interventions.<\/p>\n<p class=\"\" style=\"font-size: 20px;\" data-start=\"4333\" data-end=\"4549\">Gr\u00e2ce \u00e0 une approche rigoureuse, des produits performants et une r\u00e9activit\u00e9 optimale, nous assurons une d\u00e9sinfection efficace et durable, contribuant \u00e0 la s\u00e9curit\u00e9 sanitaire des personnes et \u00e0 la salubrit\u00e9 des lieux.<\/p>\n\n\t\t<\/div>\n\t<\/div>\n<\/div><\/div><\/div><\/div>\n<\/div>","protected":false},"excerpt":{"rendered":"D\u00e9sinfection et assainissement La d\u00e9sinfection et l\u2019assainissement sont des op\u00e9rations indispensables pour garantir un environnement sain, pr\u00e9venir les risques sanitaires, et r\u00e9pondre aux exigences r\u00e9glementaires en mati\u00e8re d\u2019hygi\u00e8ne. Ces prestations [...]","protected":false},"author":1,"featured_media":0,"parent":0,"menu_order":0,"comment_status":"closed","ping_status":"closed","template":"","meta":{"footnotes":""},"class_list":["post-7531","page","type-page","status-publish","hentry"],"yoast_head":"<!-- This site is optimized with the Yoast SEO plugin v24.8.1 - https:\/\/yoast.com\/wordpress\/plugins\/seo\/ -->\n<title>D\u00e9sinfection et Assainissement | ALS Nettoyage<\/title>\n<meta name=\"description\" content=\"ALS Nettoyage assure la d\u00e9sinfection et l\u2019assainissement de vos locaux professionnels et priv\u00e9s. Prot\u00e9gez votre sant\u00e9 avec nos solutions efficaces. Contactez-nous !\" \/>\n<meta name=\"robots\" content=\"index, follow, max-snippet:-1, max-image-preview:large, max-video-preview:-1\" \/>\n<link rel=\"canonical\" href=\"https:\/\/alsnettoyage.fr\/en\/desinfection-et-assainissement\/\" \/>\n<meta property=\"og:locale\" content=\"en_US\" \/>\n<meta property=\"og:type\" content=\"article\" \/>\n<meta property=\"og:title\" content=\"D\u00e9sinfection et Assainissement | ALS Nettoyage\" \/>\n<meta property=\"og:description\" content=\"ALS Nettoyage assure la d\u00e9sinfection et l\u2019assainissement de vos locaux professionnels et priv\u00e9s. Prot\u00e9gez votre sant\u00e9 avec nos solutions efficaces. Contactez-nous !\" \/>\n<meta property=\"og:url\" content=\"https:\/\/alsnettoyage.fr\/en\/desinfection-et-assainissement\/\" \/>\n<meta property=\"og:site_name\" content=\"ALS NETTOYAGE\" \/>\n<meta property=\"article:modified_time\" content=\"2025-04-04T15:26:29+00:00\" \/>\n<meta name=\"twitter:card\" content=\"summary_large_image\" \/>\n<meta name=\"twitter:label1\" content=\"Est. reading time\" \/>\n\t<meta name=\"twitter:data1\" content=\"4 minutes\" \/>\n<script type=\"application\/ld+json\" class=\"yoast-schema-graph\">{\"@context\":\"https:\/\/schema.org\",\"@graph\":[{\"@type\":\"WebPage\",\"@id\":\"https:\/\/alsnettoyage.fr\/desinfection-et-assainissement\/\",\"url\":\"https:\/\/alsnettoyage.fr\/desinfection-et-assainissement\/\",\"name\":\"D\u00e9sinfection et Assainissement | ALS Nettoyage\",\"isPartOf\":{\"@id\":\"https:\/\/alsnettoyage.fr\/#website\"},\"datePublished\":\"2025-03-20T16:26:55+00:00\",\"dateModified\":\"2025-04-04T15:26:29+00:00\",\"description\":\"ALS Nettoyage assure la d\u00e9sinfection et l\u2019assainissement de vos locaux professionnels et priv\u00e9s. Prot\u00e9gez votre sant\u00e9 avec nos solutions efficaces. Contactez-nous !\",\"breadcrumb\":{\"@id\":\"https:\/\/alsnettoyage.fr\/desinfection-et-assainissement\/#breadcrumb\"},\"inLanguage\":\"en-US\",\"potentialAction\":[{\"@type\":\"ReadAction\",\"target\":[\"https:\/\/alsnettoyage.fr\/desinfection-et-assainissement\/\"]}]},{\"@type\":\"BreadcrumbList\",\"@id\":\"https:\/\/alsnettoyage.fr\/desinfection-et-assainissement\/#breadcrumb\",\"itemListElement\":[{\"@type\":\"ListItem\",\"position\":1,\"name\":\"Accueil\",\"item\":\"https:\/\/alsnettoyage.fr\/\"},{\"@type\":\"ListItem\",\"position\":2,\"name\":\"D\u00e9sinfection et assainissement\"}]},{\"@type\":\"WebSite\",\"@id\":\"https:\/\/alsnettoyage.fr\/#website\",\"url\":\"https:\/\/alsnettoyage.fr\/\",\"name\":\"ALS Nettoyage\u200b\",\"description\":\"\",\"publisher\":{\"@id\":\"https:\/\/alsnettoyage.fr\/#organization\"},\"potentialAction\":[{\"@type\":\"SearchAction\",\"target\":{\"@type\":\"EntryPoint\",\"urlTemplate\":\"https:\/\/alsnettoyage.fr\/?s={search_term_string}\"},\"query-input\":{\"@type\":\"PropertyValueSpecification\",\"valueRequired\":true,\"valueName\":\"search_term_string\"}}],\"inLanguage\":\"en-US\"},{\"@type\":\"Organization\",\"@id\":\"https:\/\/alsnettoyage.fr\/#organization\",\"name\":\"ALS NETTOYAGE\",\"url\":\"https:\/\/alsnettoyage.fr\/\",\"logo\":{\"@type\":\"ImageObject\",\"inLanguage\":\"en-US\",\"@id\":\"https:\/\/alsnettoyage.fr\/#\/schema\/logo\/image\/\",\"url\":\"https:\/\/alsnettoyage.fr\/wp-content\/uploads\/2025\/03\/alslogoofficiel-removebg-preview.png\",\"contentUrl\":\"https:\/\/alsnettoyage.fr\/wp-content\/uploads\/2025\/03\/alslogoofficiel-removebg-preview.png\",\"width\":934,\"height\":267,\"caption\":\"ALS NETTOYAGE\"},\"image\":{\"@id\":\"https:\/\/alsnettoyage.fr\/#\/schema\/logo\/image\/\"}}]}<\/script>\n<!-- \/ Yoast SEO plugin. -->","yoast_head_json":{"title":"D\u00e9sinfection et Assainissement | ALS Nettoyage","description":"ALS Nettoyage assure la d\u00e9sinfection et l\u2019assainissement de vos locaux professionnels et priv\u00e9s. Prot\u00e9gez votre sant\u00e9 avec nos solutions efficaces. Contactez-nous !","robots":{"index":"index","follow":"follow","max-snippet":"max-snippet:-1","max-image-preview":"max-image-preview:large","max-video-preview":"max-video-preview:-1"},"canonical":"https:\/\/alsnettoyage.fr\/en\/desinfection-et-assainissement\/","og_locale":"en_US","og_type":"article","og_title":"D\u00e9sinfection et Assainissement | ALS Nettoyage","og_description":"ALS Nettoyage assure la d\u00e9sinfection et l\u2019assainissement de vos locaux professionnels et priv\u00e9s. Prot\u00e9gez votre sant\u00e9 avec nos solutions efficaces. Contactez-nous !","og_url":"https:\/\/alsnettoyage.fr\/en\/desinfection-et-assainissement\/","og_site_name":"ALS NETTOYAGE","article_modified_time":"2025-04-04T15:26:29+00:00","twitter_card":"summary_large_image","twitter_misc":{"Est. reading time":"4 minutes"},"schema":{"@context":"https:\/\/schema.org","@graph":[{"@type":"WebPage","@id":"https:\/\/alsnettoyage.fr\/desinfection-et-assainissement\/","url":"https:\/\/alsnettoyage.fr\/desinfection-et-assainissement\/","name":"D\u00e9sinfection et Assainissement | ALS Nettoyage","isPartOf":{"@id":"https:\/\/alsnettoyage.fr\/#website"},"datePublished":"2025-03-20T16:26:55+00:00","dateModified":"2025-04-04T15:26:29+00:00","description":"ALS Nettoyage assure la d\u00e9sinfection et l\u2019assainissement de vos locaux professionnels et priv\u00e9s. Prot\u00e9gez votre sant\u00e9 avec nos solutions efficaces. Contactez-nous !","breadcrumb":{"@id":"https:\/\/alsnettoyage.fr\/desinfection-et-assainissement\/#breadcrumb"},"inLanguage":"en-US","potentialAction":[{"@type":"ReadAction","target":["https:\/\/alsnettoyage.fr\/desinfection-et-assainissement\/"]}]},{"@type":"BreadcrumbList","@id":"https:\/\/alsnettoyage.fr\/desinfection-et-assainissement\/#breadcrumb","itemListElement":[{"@type":"ListItem","position":1,"name":"Accueil","item":"https:\/\/alsnettoyage.fr\/"},{"@type":"ListItem","position":2,"name":"D\u00e9sinfection et assainissement"}]},{"@type":"WebSite","@id":"https:\/\/alsnettoyage.fr\/#website","url":"https:\/\/alsnettoyage.fr\/","name":"ALS Nettoyage\u200b","description":"","publisher":{"@id":"https:\/\/alsnettoyage.fr\/#organization"},"potentialAction":[{"@type":"SearchAction","target":{"@type":"EntryPoint","urlTemplate":"https:\/\/alsnettoyage.fr\/?s={search_term_string}"},"query-input":{"@type":"PropertyValueSpecification","valueRequired":true,"valueName":"search_term_string"}}],"inLanguage":"en-US"},{"@type":"Organization","@id":"https:\/\/alsnettoyage.fr\/#organization","name":"ALS NETTOYAGE","url":"https:\/\/alsnettoyage.fr\/","logo":{"@type":"ImageObject","inLanguage":"en-US","@id":"https:\/\/alsnettoyage.fr\/#\/schema\/logo\/image\/","url":"https:\/\/alsnettoyage.fr\/wp-content\/uploads\/2025\/03\/alslogoofficiel-removebg-preview.png","contentUrl":"https:\/\/alsnettoyage.fr\/wp-content\/uploads\/2025\/03\/alslogoofficiel-removebg-preview.png","width":934,"height":267,"caption":"ALS NETTOYAGE"},"image":{"@id":"https:\/\/alsnettoyage.fr\/#\/schema\/logo\/image\/"}}]}},"_links":{"self":[{"href":"https:\/\/alsnettoyage.fr\/en\/wp-json\/wp\/v2\/pages\/7531","targetHints":{"allow":["GET"]}}],"collection":[{"href":"https:\/\/alsnettoyage.fr\/en\/wp-json\/wp\/v2\/pages"}],"about":[{"href":"https:\/\/alsnettoyage.fr\/en\/wp-json\/wp\/v2\/types\/page"}],"author":[{"embeddable":true,"href":"https:\/\/alsnettoyage.fr\/en\/wp-json\/wp\/v2\/users\/1"}],"replies":[{"embeddable":true,"href":"https:\/\/alsnettoyage.fr\/en\/wp-json\/wp\/v2\/comments?post=7531"}],"version-history":[{"count":10,"href":"https:\/\/alsnettoyage.fr\/en\/wp-json\/wp\/v2\/pages\/7531\/revisions"}],"predecessor-version":[{"id":7793,"href":"https:\/\/alsnettoyage.fr\/en\/wp-json\/wp\/v2\/pages\/7531\/revisions\/7793"}],"wp:attachment":[{"href":"https:\/\/alsnettoyage.fr\/en\/wp-json\/wp\/v2\/media?parent=7531"}],"curies":[{"name":"wp","href":"https:\/\/api.w.org\/{rel}","templated":true}]}}