{"id":7529,"date":"2025-03-20T17:26:36","date_gmt":"2025-03-20T16:26:36","guid":{"rendered":"https:\/\/alsnettoyage.fr\/?page_id=7529"},"modified":"2025-04-04T17:28:26","modified_gmt":"2025-04-04T15:28:26","slug":"entretien-espace-vert","status":"publish","type":"page","link":"https:\/\/alsnettoyage.fr\/en\/entretien-espace-vert\/","title":{"rendered":"Entretien espace vert"},"content":{"rendered":"<div class=\"wpb-content-wrapper\"><div class=\"vc_row wpb_row vc_row-fluid\"><div class=\"wpb_column vc_column_container vc_col-sm-12\"><div class=\"vc_column-inner\"><div class=\"wpb_wrapper\"><div class=\"vc_separator wpb_content_element vc_separator_align_center vc_sep_width_100 vc_sep_border_width_2 vc_sep_pos_align_center vc_separator_no_text vc_sep_color_green wpb_content_element  wpb_content_element\" ><span class=\"vc_sep_holder vc_sep_holder_l\"><span class=\"vc_sep_line\"><\/span><\/span><span class=\"vc_sep_holder vc_sep_holder_r\"><span class=\"vc_sep_line\"><\/span><\/span>\n<\/div><h1 style=\"text-align: center;font-family:Alef;font-weight:400;font-style:normal\" class=\"vc_custom_heading vc_do_custom_heading vc_custom_1742596391238\" >Entretien espace vert<\/h1><div class=\"vc_separator wpb_content_element vc_separator_align_center vc_sep_width_100 vc_sep_border_width_2 vc_sep_pos_align_center vc_separator_no_text vc_sep_color_green wpb_content_element  wpb_content_element\" ><span class=\"vc_sep_holder vc_sep_holder_l\"><span class=\"vc_sep_line\"><\/span><\/span><span class=\"vc_sep_holder vc_sep_holder_r\"><span class=\"vc_sep_line\"><\/span><\/span>\n<\/div><\/div><\/div><\/div><\/div><div class=\"vc_row wpb_row vc_row-fluid\"><div class=\"wpb_column vc_column_container vc_col-sm-12\"><div class=\"vc_column-inner\"><div class=\"wpb_wrapper\">\n\t<div class=\"wpb_text_column wpb_content_element\" >\n\t\t<div class=\"wpb_wrapper\">\n\t\t\t<p style=\"font-size: 20px;\">L\u2019entretien des espaces verts demande un savoir-faire technique, des \u00e9quipements adapt\u00e9s et une planification rigoureuse des interventions. Qu\u2019il s\u2019agisse de jardins, parcs, zones arbor\u00e9es, pelouses ou massifs floraux, leur entretien r\u00e9gulier valorise l\u2019image des lieux, contribue au bien-\u00eatre des usagers et pr\u00e9serve la biodiversit\u00e9 locale. Nos prestations s\u2019adressent aussi bien aux entreprises, collectivit\u00e9s, copropri\u00e9t\u00e9s qu\u2019aux particuliers, avec des interventions ponctuelles ou des contrats d\u2019entretien \u00e0 l\u2019ann\u00e9e.<\/p>\n\n\t\t<\/div>\n\t<\/div>\n<\/div><\/div><\/div><\/div><div class=\"vc_row wpb_row vc_row-fluid\"><div class=\"wpb_column vc_column_container vc_col-sm-6\"><div class=\"vc_column-inner\"><div class=\"wpb_wrapper\">\n\t<div class=\"wpb_text_column wpb_content_element\" >\n\t\t<div class=\"wpb_wrapper\">\n\t\t\t<p class=\"\" style=\"font-size: 20px;\" data-start=\"734\" data-end=\"1411\">La tonte des pelouses est l\u2019une des prestations les plus fr\u00e9quentes. Elle est r\u00e9alis\u00e9e avec du mat\u00e9riel professionnel (tondeuses thermiques ou autoport\u00e9es) pour garantir une coupe nette, rapide et adapt\u00e9e \u00e0 la surface. Nous adaptons la fr\u00e9quence des tontes selon la saison et la croissance de l\u2019herbe, et assurons l\u2019\u00e9vacuation des d\u00e9chets verts ou leur valorisation sur place (mulching, compostage). Un soin particulier est apport\u00e9 aux bordures et zones difficiles d\u2019acc\u00e8s.<\/p>\n\n\t\t<\/div>\n\t<\/div>\n<\/div><\/div><\/div><div class=\"wpb_column vc_column_container vc_col-sm-6\"><div class=\"vc_column-inner\"><div class=\"wpb_wrapper\">\n\t<div  class=\"wpb_single_image wpb_content_element vc_align_center wpb_content_element\">\n\t\t\n\t\t<figure class=\"wpb_wrapper vc_figure\">\n\t\t\t<div class=\"vc_single_image-wrapper   vc_box_border_grey\"><img loading=\"lazy\" decoding=\"async\" width=\"800\" height=\"509\" src=\"https:\/\/alsnettoyage.fr\/wp-content\/uploads\/2025\/03\/powerful-pressure-washing-of-a-brick-garden-paths-2025-03-16-20-31-13-utc-1.jpg\" class=\"vc_single_image-img attachment-full\" alt=\"\" title=\"powerful-pressure-washing-of-a-brick-garden-paths-2025-03-16-20-31-13-utc (1)\" srcset=\"https:\/\/alsnettoyage.fr\/wp-content\/uploads\/2025\/03\/powerful-pressure-washing-of-a-brick-garden-paths-2025-03-16-20-31-13-utc-1.jpg 800w, https:\/\/alsnettoyage.fr\/wp-content\/uploads\/2025\/03\/powerful-pressure-washing-of-a-brick-garden-paths-2025-03-16-20-31-13-utc-1-300x191.jpg 300w, https:\/\/alsnettoyage.fr\/wp-content\/uploads\/2025\/03\/powerful-pressure-washing-of-a-brick-garden-paths-2025-03-16-20-31-13-utc-1-768x489.jpg 768w, https:\/\/alsnettoyage.fr\/wp-content\/uploads\/2025\/03\/powerful-pressure-washing-of-a-brick-garden-paths-2025-03-16-20-31-13-utc-1-18x12.jpg 18w, https:\/\/alsnettoyage.fr\/wp-content\/uploads\/2025\/03\/powerful-pressure-washing-of-a-brick-garden-paths-2025-03-16-20-31-13-utc-1-600x382.jpg 600w\" sizes=\"auto, (max-width: 800px) 100vw, 800px\" \/><\/div>\n\t\t<\/figure>\n\t<\/div>\n<\/div><\/div><\/div><\/div><div class=\"vc_row wpb_row vc_row-fluid\"><div class=\"wpb_column vc_column_container vc_col-sm-6\"><div class=\"vc_column-inner\"><div class=\"wpb_wrapper\">\n\t<div  class=\"wpb_single_image wpb_content_element vc_align_center wpb_content_element\">\n\t\t\n\t\t<figure class=\"wpb_wrapper vc_figure\">\n\t\t\t<div class=\"vc_single_image-wrapper   vc_box_border_grey\"><img loading=\"lazy\" decoding=\"async\" width=\"800\" height=\"533\" src=\"https:\/\/alsnettoyage.fr\/wp-content\/uploads\/2025\/03\/caucasian-gardener-working-in-the-green-garden-and-2025-02-11-20-14-14-utc-1.jpg\" class=\"vc_single_image-img attachment-full\" alt=\"\" title=\"caucasian-gardener-working-in-the-green-garden-and-2025-02-11-20-14-14-utc (1)\" srcset=\"https:\/\/alsnettoyage.fr\/wp-content\/uploads\/2025\/03\/caucasian-gardener-working-in-the-green-garden-and-2025-02-11-20-14-14-utc-1.jpg 800w, https:\/\/alsnettoyage.fr\/wp-content\/uploads\/2025\/03\/caucasian-gardener-working-in-the-green-garden-and-2025-02-11-20-14-14-utc-1-300x200.jpg 300w, https:\/\/alsnettoyage.fr\/wp-content\/uploads\/2025\/03\/caucasian-gardener-working-in-the-green-garden-and-2025-02-11-20-14-14-utc-1-768x512.jpg 768w, https:\/\/alsnettoyage.fr\/wp-content\/uploads\/2025\/03\/caucasian-gardener-working-in-the-green-garden-and-2025-02-11-20-14-14-utc-1-18x12.jpg 18w, https:\/\/alsnettoyage.fr\/wp-content\/uploads\/2025\/03\/caucasian-gardener-working-in-the-green-garden-and-2025-02-11-20-14-14-utc-1-600x400.jpg 600w\" sizes=\"auto, (max-width: 800px) 100vw, 800px\" \/><\/div>\n\t\t<\/figure>\n\t<\/div>\n<\/div><\/div><\/div><div class=\"wpb_column vc_column_container vc_col-sm-6\"><div class=\"vc_column-inner\"><div class=\"wpb_wrapper\">\n\t<div class=\"wpb_text_column wpb_content_element\" >\n\t\t<div class=\"wpb_wrapper\">\n\t\t\t<p class=\"\" style=\"font-size: 20px;\" data-start=\"1413\" data-end=\"2000\">La taille des haies, arbustes et arbres fait \u00e9galement partie de nos services courants. Nous intervenons dans le respect des saisons, des esp\u00e8ces v\u00e9g\u00e9tales et des normes en vigueur (r\u00e9glementation sur la taille des haies \u00e0 proximit\u00e9 des voies publiques ou des voisins). La taille peut \u00eatre esth\u00e9tique, de formation ou de r\u00e9duction, selon les besoins. Nos \u00e9quipes sont \u00e9quip\u00e9es de taille-haies thermiques, perches t\u00e9lescopiques et, pour les arbres, de mat\u00e9riel d\u2019\u00e9lagage professionnel. L\u2019\u00e9lagage ou l\u2019abattage des arbres est r\u00e9alis\u00e9 par du personnel qualifi\u00e9, dans des conditions de s\u00e9curit\u00e9 optimales, avec gestion compl\u00e8te des branches et du bois coup\u00e9.<\/p>\n\n\t\t<\/div>\n\t<\/div>\n<\/div><\/div><\/div><\/div><div class=\"vc_row wpb_row vc_row-fluid\"><div class=\"wpb_column vc_column_container vc_col-sm-6\"><div class=\"vc_column-inner\"><div class=\"wpb_wrapper\">\n\t<div class=\"wpb_text_column wpb_content_element\" >\n\t\t<div class=\"wpb_wrapper\">\n\t\t\t<p class=\"\" style=\"font-size: 20px;\" data-start=\"2002\" data-end=\"2512\">Le d\u00e9sherbage est une \u00e9tape essentielle dans l\u2019entretien des espaces verts. Nous proposons des solutions \u00e9cologiques et alternatives aux produits phytosanitaires, telles que le d\u00e9sherbage manuel, thermique, m\u00e9canique ou \u00e0 l\u2019eau chaude. Ces techniques permettent de respecter l\u2019environnement, les sols, et la sant\u00e9 des usagers, en conformit\u00e9 avec la r\u00e9glementation Z\u00e9ro Phyto en vigueur dans les collectivit\u00e9s.<\/p>\n\n\t\t<\/div>\n\t<\/div>\n<\/div><\/div><\/div><div class=\"wpb_column vc_column_container vc_col-sm-6\"><div class=\"vc_column-inner\"><div class=\"wpb_wrapper\">\n\t<div  class=\"wpb_single_image wpb_content_element vc_align_center wpb_content_element\">\n\t\t\n\t\t<figure class=\"wpb_wrapper vc_figure\">\n\t\t\t<div class=\"vc_single_image-wrapper   vc_box_border_grey\"><img loading=\"lazy\" decoding=\"async\" width=\"800\" height=\"519\" src=\"https:\/\/alsnettoyage.fr\/wp-content\/uploads\/2025\/03\/backyard-garden-seasonal-maintenance-2025-03-16-06-53-41-utc-1.jpg\" class=\"vc_single_image-img attachment-full\" alt=\"\" title=\"backyard-garden-seasonal-maintenance-2025-03-16-06-53-41-utc (1)\" srcset=\"https:\/\/alsnettoyage.fr\/wp-content\/uploads\/2025\/03\/backyard-garden-seasonal-maintenance-2025-03-16-06-53-41-utc-1.jpg 800w, https:\/\/alsnettoyage.fr\/wp-content\/uploads\/2025\/03\/backyard-garden-seasonal-maintenance-2025-03-16-06-53-41-utc-1-300x195.jpg 300w, https:\/\/alsnettoyage.fr\/wp-content\/uploads\/2025\/03\/backyard-garden-seasonal-maintenance-2025-03-16-06-53-41-utc-1-768x498.jpg 768w, https:\/\/alsnettoyage.fr\/wp-content\/uploads\/2025\/03\/backyard-garden-seasonal-maintenance-2025-03-16-06-53-41-utc-1-18x12.jpg 18w, https:\/\/alsnettoyage.fr\/wp-content\/uploads\/2025\/03\/backyard-garden-seasonal-maintenance-2025-03-16-06-53-41-utc-1-600x389.jpg 600w\" sizes=\"auto, (max-width: 800px) 100vw, 800px\" \/><\/div>\n\t\t<\/figure>\n\t<\/div>\n<\/div><\/div><\/div><\/div><div class=\"vc_row wpb_row vc_row-fluid\"><div class=\"wpb_column vc_column_container vc_col-sm-6\"><div class=\"vc_column-inner\"><div class=\"wpb_wrapper\">\n\t<div  class=\"wpb_single_image wpb_content_element vc_align_center wpb_content_element\">\n\t\t\n\t\t<figure class=\"wpb_wrapper vc_figure\">\n\t\t\t<div class=\"vc_single_image-wrapper   vc_box_border_grey\"><img loading=\"lazy\" decoding=\"async\" width=\"800\" height=\"510\" src=\"https:\/\/alsnettoyage.fr\/wp-content\/uploads\/2025\/03\/professional-gardener-performing-backyard-garden-m-2025-03-15-09-57-39-utc-1.jpg\" class=\"vc_single_image-img attachment-full\" alt=\"\" title=\"professional-gardener-performing-backyard-garden-m-2025-03-15-09-57-39-utc (1)\" srcset=\"https:\/\/alsnettoyage.fr\/wp-content\/uploads\/2025\/03\/professional-gardener-performing-backyard-garden-m-2025-03-15-09-57-39-utc-1.jpg 800w, https:\/\/alsnettoyage.fr\/wp-content\/uploads\/2025\/03\/professional-gardener-performing-backyard-garden-m-2025-03-15-09-57-39-utc-1-300x191.jpg 300w, https:\/\/alsnettoyage.fr\/wp-content\/uploads\/2025\/03\/professional-gardener-performing-backyard-garden-m-2025-03-15-09-57-39-utc-1-768x490.jpg 768w, https:\/\/alsnettoyage.fr\/wp-content\/uploads\/2025\/03\/professional-gardener-performing-backyard-garden-m-2025-03-15-09-57-39-utc-1-18x12.jpg 18w, https:\/\/alsnettoyage.fr\/wp-content\/uploads\/2025\/03\/professional-gardener-performing-backyard-garden-m-2025-03-15-09-57-39-utc-1-600x383.jpg 600w\" sizes=\"auto, (max-width: 800px) 100vw, 800px\" \/><\/div>\n\t\t<\/figure>\n\t<\/div>\n<\/div><\/div><\/div><div class=\"wpb_column vc_column_container vc_col-sm-6\"><div class=\"vc_column-inner\"><div class=\"wpb_wrapper\">\n\t<div class=\"wpb_text_column wpb_content_element\" >\n\t\t<div class=\"wpb_wrapper\">\n\t\t\t<p class=\"\" style=\"font-size: 20px;\" data-start=\"2514\" data-end=\"3016\">L\u2019entretien des massifs floraux comprend la pr\u00e9paration des sols, la plantation saisonni\u00e8re, l\u2019arrosage, le paillage, le d\u00e9sherbage, la taille et le remplacement des plants si n\u00e9cessaire. Nous privil\u00e9gions des vari\u00e9t\u00e9s locales, r\u00e9sistantes et peu gourmandes en eau pour limiter l\u2019arrosage et assurer une floraison durable. Le paillage permet \u00e0 la fois de prot\u00e9ger les racines, de limiter l\u2019\u00e9vaporation et de r\u00e9duire la pousse des mauvaises herbes.<\/p>\n\n\t\t<\/div>\n\t<\/div>\n<\/div><\/div><\/div><\/div><div class=\"vc_row wpb_row vc_row-fluid\"><div class=\"wpb_column vc_column_container vc_col-sm-12\"><div class=\"vc_column-inner\"><div class=\"wpb_wrapper\">\n\t<div class=\"wpb_text_column wpb_content_element\" >\n\t\t<div class=\"wpb_wrapper\">\n\t\t\t<p class=\"\" style=\"font-size: 20px;\" data-start=\"3279\" data-end=\"3714\">Nos \u00e9quipes sont form\u00e9es \u00e0 l\u2019entretien durable des espaces verts, \u00e0 la reconnaissance des maladies et parasites, et \u00e0 la pr\u00e9servation des sols. Elles peuvent mettre en place des actions de pr\u00e9vention, comme l\u2019a\u00e9ration des sols, la fertilisation naturelle, ou l\u2019introduction de plantes compagnes pour favoriser la biodiversit\u00e9. Chaque intervention respecte les cycles naturels, les p\u00e9riodes de nidification, et l\u2019environnement imm\u00e9diat.<\/p>\n<p class=\"\" style=\"font-size: 20px;\" data-start=\"3716\" data-end=\"4213\">Nous proposons \u00e9galement des prestations sp\u00e9cifiques comme le d\u00e9broussaillage en zones sensibles (pr\u00e9vention incendie), le ramassage de feuilles en automne, le d\u00e9neigement des all\u00e9es en hiver, ou encore l\u2019am\u00e9nagement paysager (cr\u00e9ation de massifs, plantations d\u2019arbres, installation de cl\u00f4tures v\u00e9g\u00e9tales). Un suivi personnalis\u00e9 est assur\u00e9 pour chaque site, avec la possibilit\u00e9 de r\u00e9aliser un diagnostic initial, un planning d\u2019entretien annuel, et des rapports d\u00e9taill\u00e9s apr\u00e8s chaque intervention.<\/p>\n<p class=\"\" style=\"font-size: 20px;\" data-start=\"4215\" data-end=\"4536\">Gr\u00e2ce \u00e0 un mat\u00e9riel professionnel performant, une \u00e9quipe exp\u00e9riment\u00e9e et une approche \u00e9co-responsable, nous garantissons un entretien de qualit\u00e9, respectueux des v\u00e9g\u00e9taux, des sols et des attentes de nos clients. Notre objectif est de maintenir des espaces verts propres, esth\u00e9tiques, et durables tout au long de l\u2019ann\u00e9e.<\/p>\n\n\t\t<\/div>\n\t<\/div>\n<\/div><\/div><\/div><\/div>\n<\/div>","protected":false},"excerpt":{"rendered":"Entretien espace vert L\u2019entretien des espaces verts demande un savoir-faire technique, des \u00e9quipements adapt\u00e9s et une planification rigoureuse des interventions. Qu\u2019il s\u2019agisse de jardins, parcs, zones arbor\u00e9es, pelouses ou massifs [...]","protected":false},"author":1,"featured_media":0,"parent":0,"menu_order":0,"comment_status":"closed","ping_status":"closed","template":"","meta":{"footnotes":""},"class_list":["post-7529","page","type-page","status-publish","hentry"],"yoast_head":"<!-- This site is optimized with the Yoast SEO plugin v24.8.1 - https:\/\/yoast.com\/wordpress\/plugins\/seo\/ -->\n<title>Entretien des Espaces Verts | ALS Nettoyage<\/title>\n<meta name=\"description\" content=\"Confiez l\u2019entretien de vos espaces verts \u00e0 ALS Nettoyage. Tonte, taille, d\u00e9sherbage\u2026 Nos experts s\u2019occupent de vos jardins et espaces ext\u00e9rieurs. Contactez-nous !\" \/>\n<meta name=\"robots\" content=\"index, follow, max-snippet:-1, max-image-preview:large, max-video-preview:-1\" \/>\n<link rel=\"canonical\" href=\"https:\/\/alsnettoyage.fr\/en\/entretien-espace-vert\/\" \/>\n<meta property=\"og:locale\" content=\"en_US\" \/>\n<meta property=\"og:type\" content=\"article\" \/>\n<meta property=\"og:title\" content=\"Entretien des Espaces Verts | ALS Nettoyage\" \/>\n<meta property=\"og:description\" content=\"Confiez l\u2019entretien de vos espaces verts \u00e0 ALS Nettoyage. Tonte, taille, d\u00e9sherbage\u2026 Nos experts s\u2019occupent de vos jardins et espaces ext\u00e9rieurs. Contactez-nous !\" \/>\n<meta property=\"og:url\" content=\"https:\/\/alsnettoyage.fr\/en\/entretien-espace-vert\/\" \/>\n<meta property=\"og:site_name\" content=\"ALS NETTOYAGE\" \/>\n<meta property=\"article:modified_time\" content=\"2025-04-04T15:28:26+00:00\" \/>\n<meta name=\"twitter:card\" content=\"summary_large_image\" \/>\n<meta name=\"twitter:label1\" content=\"Est. reading time\" \/>\n\t<meta name=\"twitter:data1\" content=\"4 minutes\" \/>\n<script type=\"application\/ld+json\" class=\"yoast-schema-graph\">{\"@context\":\"https:\/\/schema.org\",\"@graph\":[{\"@type\":\"WebPage\",\"@id\":\"https:\/\/alsnettoyage.fr\/entretien-espace-vert\/\",\"url\":\"https:\/\/alsnettoyage.fr\/entretien-espace-vert\/\",\"name\":\"Entretien des Espaces Verts | ALS Nettoyage\",\"isPartOf\":{\"@id\":\"https:\/\/alsnettoyage.fr\/#website\"},\"datePublished\":\"2025-03-20T16:26:36+00:00\",\"dateModified\":\"2025-04-04T15:28:26+00:00\",\"description\":\"Confiez l\u2019entretien de vos espaces verts \u00e0 ALS Nettoyage. Tonte, taille, d\u00e9sherbage\u2026 Nos experts s\u2019occupent de vos jardins et espaces ext\u00e9rieurs. Contactez-nous !\",\"breadcrumb\":{\"@id\":\"https:\/\/alsnettoyage.fr\/entretien-espace-vert\/#breadcrumb\"},\"inLanguage\":\"en-US\",\"potentialAction\":[{\"@type\":\"ReadAction\",\"target\":[\"https:\/\/alsnettoyage.fr\/entretien-espace-vert\/\"]}]},{\"@type\":\"BreadcrumbList\",\"@id\":\"https:\/\/alsnettoyage.fr\/entretien-espace-vert\/#breadcrumb\",\"itemListElement\":[{\"@type\":\"ListItem\",\"position\":1,\"name\":\"Accueil\",\"item\":\"https:\/\/alsnettoyage.fr\/\"},{\"@type\":\"ListItem\",\"position\":2,\"name\":\"Entretien espace vert\"}]},{\"@type\":\"WebSite\",\"@id\":\"https:\/\/alsnettoyage.fr\/#website\",\"url\":\"https:\/\/alsnettoyage.fr\/\",\"name\":\"ALS Nettoyage\u200b\",\"description\":\"\",\"publisher\":{\"@id\":\"https:\/\/alsnettoyage.fr\/#organization\"},\"potentialAction\":[{\"@type\":\"SearchAction\",\"target\":{\"@type\":\"EntryPoint\",\"urlTemplate\":\"https:\/\/alsnettoyage.fr\/?s={search_term_string}\"},\"query-input\":{\"@type\":\"PropertyValueSpecification\",\"valueRequired\":true,\"valueName\":\"search_term_string\"}}],\"inLanguage\":\"en-US\"},{\"@type\":\"Organization\",\"@id\":\"https:\/\/alsnettoyage.fr\/#organization\",\"name\":\"ALS NETTOYAGE\",\"url\":\"https:\/\/alsnettoyage.fr\/\",\"logo\":{\"@type\":\"ImageObject\",\"inLanguage\":\"en-US\",\"@id\":\"https:\/\/alsnettoyage.fr\/#\/schema\/logo\/image\/\",\"url\":\"https:\/\/alsnettoyage.fr\/wp-content\/uploads\/2025\/03\/alslogoofficiel-removebg-preview.png\",\"contentUrl\":\"https:\/\/alsnettoyage.fr\/wp-content\/uploads\/2025\/03\/alslogoofficiel-removebg-preview.png\",\"width\":934,\"height\":267,\"caption\":\"ALS NETTOYAGE\"},\"image\":{\"@id\":\"https:\/\/alsnettoyage.fr\/#\/schema\/logo\/image\/\"}}]}<\/script>\n<!-- \/ Yoast SEO plugin. -->","yoast_head_json":{"title":"Entretien des Espaces Verts | ALS Nettoyage","description":"Confiez l\u2019entretien de vos espaces verts \u00e0 ALS Nettoyage. Tonte, taille, d\u00e9sherbage\u2026 Nos experts s\u2019occupent de vos jardins et espaces ext\u00e9rieurs. Contactez-nous !","robots":{"index":"index","follow":"follow","max-snippet":"max-snippet:-1","max-image-preview":"max-image-preview:large","max-video-preview":"max-video-preview:-1"},"canonical":"https:\/\/alsnettoyage.fr\/en\/entretien-espace-vert\/","og_locale":"en_US","og_type":"article","og_title":"Entretien des Espaces Verts | ALS Nettoyage","og_description":"Confiez l\u2019entretien de vos espaces verts \u00e0 ALS Nettoyage. Tonte, taille, d\u00e9sherbage\u2026 Nos experts s\u2019occupent de vos jardins et espaces ext\u00e9rieurs. Contactez-nous !","og_url":"https:\/\/alsnettoyage.fr\/en\/entretien-espace-vert\/","og_site_name":"ALS NETTOYAGE","article_modified_time":"2025-04-04T15:28:26+00:00","twitter_card":"summary_large_image","twitter_misc":{"Est. reading time":"4 minutes"},"schema":{"@context":"https:\/\/schema.org","@graph":[{"@type":"WebPage","@id":"https:\/\/alsnettoyage.fr\/entretien-espace-vert\/","url":"https:\/\/alsnettoyage.fr\/entretien-espace-vert\/","name":"Entretien des Espaces Verts | ALS Nettoyage","isPartOf":{"@id":"https:\/\/alsnettoyage.fr\/#website"},"datePublished":"2025-03-20T16:26:36+00:00","dateModified":"2025-04-04T15:28:26+00:00","description":"Confiez l\u2019entretien de vos espaces verts \u00e0 ALS Nettoyage. Tonte, taille, d\u00e9sherbage\u2026 Nos experts s\u2019occupent de vos jardins et espaces ext\u00e9rieurs. Contactez-nous !","breadcrumb":{"@id":"https:\/\/alsnettoyage.fr\/entretien-espace-vert\/#breadcrumb"},"inLanguage":"en-US","potentialAction":[{"@type":"ReadAction","target":["https:\/\/alsnettoyage.fr\/entretien-espace-vert\/"]}]},{"@type":"BreadcrumbList","@id":"https:\/\/alsnettoyage.fr\/entretien-espace-vert\/#breadcrumb","itemListElement":[{"@type":"ListItem","position":1,"name":"Accueil","item":"https:\/\/alsnettoyage.fr\/"},{"@type":"ListItem","position":2,"name":"Entretien espace vert"}]},{"@type":"WebSite","@id":"https:\/\/alsnettoyage.fr\/#website","url":"https:\/\/alsnettoyage.fr\/","name":"ALS Nettoyage\u200b","description":"","publisher":{"@id":"https:\/\/alsnettoyage.fr\/#organization"},"potentialAction":[{"@type":"SearchAction","target":{"@type":"EntryPoint","urlTemplate":"https:\/\/alsnettoyage.fr\/?s={search_term_string}"},"query-input":{"@type":"PropertyValueSpecification","valueRequired":true,"valueName":"search_term_string"}}],"inLanguage":"en-US"},{"@type":"Organization","@id":"https:\/\/alsnettoyage.fr\/#organization","name":"ALS NETTOYAGE","url":"https:\/\/alsnettoyage.fr\/","logo":{"@type":"ImageObject","inLanguage":"en-US","@id":"https:\/\/alsnettoyage.fr\/#\/schema\/logo\/image\/","url":"https:\/\/alsnettoyage.fr\/wp-content\/uploads\/2025\/03\/alslogoofficiel-removebg-preview.png","contentUrl":"https:\/\/alsnettoyage.fr\/wp-content\/uploads\/2025\/03\/alslogoofficiel-removebg-preview.png","width":934,"height":267,"caption":"ALS NETTOYAGE"},"image":{"@id":"https:\/\/alsnettoyage.fr\/#\/schema\/logo\/image\/"}}]}},"_links":{"self":[{"href":"https:\/\/alsnettoyage.fr\/en\/wp-json\/wp\/v2\/pages\/7529","targetHints":{"allow":["GET"]}}],"collection":[{"href":"https:\/\/alsnettoyage.fr\/en\/wp-json\/wp\/v2\/pages"}],"about":[{"href":"https:\/\/alsnettoyage.fr\/en\/wp-json\/wp\/v2\/types\/page"}],"author":[{"embeddable":true,"href":"https:\/\/alsnettoyage.fr\/en\/wp-json\/wp\/v2\/users\/1"}],"replies":[{"embeddable":true,"href":"https:\/\/alsnettoyage.fr\/en\/wp-json\/wp\/v2\/comments?post=7529"}],"version-history":[{"count":9,"href":"https:\/\/alsnettoyage.fr\/en\/wp-json\/wp\/v2\/pages\/7529\/revisions"}],"predecessor-version":[{"id":7711,"href":"https:\/\/alsnettoyage.fr\/en\/wp-json\/wp\/v2\/pages\/7529\/revisions\/7711"}],"wp:attachment":[{"href":"https:\/\/alsnettoyage.fr\/en\/wp-json\/wp\/v2\/media?parent=7529"}],"curies":[{"name":"wp","href":"https:\/\/api.w.org\/{rel}","templated":true}]}}