{"id":7363,"date":"2025-02-21T10:47:17","date_gmt":"2025-02-21T09:47:17","guid":{"rendered":"https:\/\/alsnettoyage.fr\/?page_id=7363"},"modified":"2025-03-21T16:51:28","modified_gmt":"2025-03-21T15:51:28","slug":"plan-du-site","status":"publish","type":"page","link":"https:\/\/alsnettoyage.fr\/en\/plan-du-site\/","title":{"rendered":"Plan du site"},"content":{"rendered":"<div class=\"wpb-content-wrapper\"><div class=\"vc_row wpb_row vc_row-fluid\"><div class=\"wpb_column vc_column_container vc_col-sm-12\"><div class=\"vc_column-inner\"><div class=\"wpb_wrapper\"><div class=\"vc_separator wpb_content_element vc_separator_align_center vc_sep_width_100 vc_sep_border_width_2 vc_sep_pos_align_center vc_separator_no_text vc_sep_color_green wpb_content_element  wpb_content_element\" ><span class=\"vc_sep_holder vc_sep_holder_l\"><span class=\"vc_sep_line\"><\/span><\/span><span class=\"vc_sep_holder vc_sep_holder_r\"><span class=\"vc_sep_line\"><\/span><\/span>\n<\/div><h1 style=\"text-align: center;font-family:Alef;font-weight:400;font-style:normal\" class=\"vc_custom_heading vc_do_custom_heading vc_custom_1742572274495\" >Plan du site ALS NETTOYAGE.<\/h1><div class=\"vc_separator wpb_content_element vc_separator_align_center vc_sep_width_100 vc_sep_border_width_2 vc_sep_pos_align_center vc_separator_no_text vc_sep_color_green wpb_content_element  wpb_content_element\" ><span class=\"vc_sep_holder vc_sep_holder_l\"><span class=\"vc_sep_line\"><\/span><\/span><span class=\"vc_sep_holder vc_sep_holder_r\"><span class=\"vc_sep_line\"><\/span><\/span>\n<\/div><\/div><\/div><\/div><\/div><div class=\"vc_row wpb_row vc_row-fluid\"><div class=\"wpb_column vc_column_container vc_col-sm-12\"><div class=\"vc_column-inner\"><div class=\"wpb_wrapper\">\n\t<div class=\"wpb_text_column wpb_content_element\" >\n\t\t<div class=\"wpb_wrapper\">\n\t\t\t<p style=\"font-size: 20px;\">Retrouvez ici une vue d\u2019ensemble claire et structur\u00e9e de toutes les pages et rubriques disponibles sur notre site internet. Que vous cherchiez une information pr\u00e9cise ou souhaitiez simplement naviguer plus facilement, ce plan est l\u00e0 pour vous guider.<\/p>\n\n\t\t<\/div>\n\t<\/div>\n<\/div><\/div><\/div><\/div><div class=\"vc_row wpb_row vc_row-fluid\"><div class=\"wpb_column vc_column_container vc_col-sm-12\"><div class=\"vc_column-inner\"><div class=\"wpb_wrapper\">\n\t<div class=\"wpb_text_column wpb_content_element\" >\n\t\t<div class=\"wpb_wrapper\">\n\t\t\t<ul style=\"font-size: 20px;\">\n<li><a href=\"https:\/\/alsnettoyage.fr\/en\/\">Accueil <\/a><\/li>\n<li><a href=\"https:\/\/alsnettoyage.fr\/en\/nos-services\/\">Nos services<\/a><\/li>\n<li><a href=\"https:\/\/alsnettoyage.fr\/en\/nos-realisations\/\">Nos r\u00e9alisations<\/a><\/li>\n<li><a href=\"https:\/\/alsnettoyage.fr\/en\/le-groupe-als\/\">Le groupe ALS<\/a><\/li>\n<li><a href=\"https:\/\/alsnettoyage.fr\/en\/contact\/\">Nous contacter <\/a><\/li>\n<li><a href=\"https:\/\/alsnettoyage.fr\/en\/qui-sommes-nous\/\">Qui sommes-nous ?<\/a><\/li>\n<li><a href=\"https:\/\/alsnettoyage.fr\/en\/politique-de-confidentialite\/\">Politique de confidentialit\u00e9<\/a><\/li>\n<li><a href=\"https:\/\/alsnettoyage.fr\/en\/politique-de-cookies\/\">Politique de cookies<\/a><\/li>\n<li><a href=\"https:\/\/alsnettoyage.fr\/en\/plan-du-site\/\" aria-current=\"page\">Plan du site<\/a><\/li>\n<li><a href=\"https:\/\/alsnettoyage.fr\/en\/signaler-un-probleme\/\">Signaler un probl\u00e8me<\/a><\/li>\n<li><a href=\"https:\/\/alsnettoyage.fr\/en\/nettoyage-de-locaux-industriels\/\">Nettoyage de locaux industriels<\/a><\/li>\n<li><a href=\"https:\/\/alsnettoyage.fr\/en\/entretien-espace-vert\/\">Entretien espace vert<\/a><\/li>\n<li><a href=\"https:\/\/alsnettoyage.fr\/en\/desinfection-et-assainissement\/\">D\u00e9sinfection et assainissement<\/a><\/li>\n<li><a href=\"https:\/\/alsnettoyage.fr\/en\/gestion-des-dechets\/\">Gestion des d\u00e9chets<\/a><\/li>\n<li><a href=\"https:\/\/alsnettoyage.fr\/en\/nettoyage-apres-travaux\/\">Nettoyage apr\u00e8s travaux<\/a><\/li>\n<li><a href=\"https:\/\/alsnettoyage.fr\/en\/maintenance-et-nettoyage-en-hauteur\/\">Maintenance et nettoyage en hauteur<\/a><\/li>\n<li><a href=\"https:\/\/alsnettoyage.fr\/en\/traitement-des-sols-et-surfaces-specifiques\/\">Traitement des sols et surfaces sp\u00e9cifiques<\/a><\/li>\n<li><a href=\"https:\/\/alsnettoyage.fr\/en\/service-de-nettoyage-regulier-ou-ponctuel\/\">Service de nettoyage r\u00e9gulier ou ponctuel<\/a><\/li>\n<li><a href=\"https:\/\/alsnettoyage.fr\/en\/nettoyage-apres-chantier\/\">Nettoyage apr\u00e8s chantier<\/a><\/li>\n<li><a href=\"https:\/\/alsnettoyage.fr\/en\/evacuation-des-gravats\/\">Evacuation des gravats<\/a><\/li>\n<\/ul>\n<ul id=\"menu-mentions-legales\" class=\"menu\"><\/ul>\n\n\t\t<\/div>\n\t<\/div>\n<\/div><\/div><\/div><\/div>\n<\/div>","protected":false},"excerpt":{"rendered":"Plan du site ALS NETTOYAGE. Retrouvez ici une vue d\u2019ensemble claire et structur\u00e9e de toutes les pages et rubriques disponibles sur notre site internet. Que vous cherchiez une information pr\u00e9cise [...]","protected":false},"author":1,"featured_media":0,"parent":0,"menu_order":0,"comment_status":"closed","ping_status":"closed","template":"","meta":{"footnotes":""},"class_list":["post-7363","page","type-page","status-publish","hentry"],"yoast_head":"<!-- This site is optimized with the Yoast SEO plugin v24.8.1 - https:\/\/yoast.com\/wordpress\/plugins\/seo\/ -->\n<title>Plan du site - ALS NETTOYAGE<\/title>\n<meta name=\"robots\" content=\"index, follow, max-snippet:-1, max-image-preview:large, max-video-preview:-1\" \/>\n<link rel=\"canonical\" href=\"https:\/\/alsnettoyage.fr\/en\/plan-du-site\/\" \/>\n<meta property=\"og:locale\" content=\"en_US\" \/>\n<meta property=\"og:type\" content=\"article\" \/>\n<meta property=\"og:title\" content=\"Plan du site - ALS NETTOYAGE\" \/>\n<meta property=\"og:url\" content=\"https:\/\/alsnettoyage.fr\/en\/plan-du-site\/\" \/>\n<meta property=\"og:site_name\" content=\"ALS NETTOYAGE\" \/>\n<meta property=\"article:modified_time\" content=\"2025-03-21T15:51:28+00:00\" \/>\n<meta name=\"twitter:card\" content=\"summary_large_image\" \/>\n<meta name=\"twitter:label1\" content=\"Est. reading time\" \/>\n\t<meta name=\"twitter:data1\" content=\"1 minute\" \/>\n<script type=\"application\/ld+json\" class=\"yoast-schema-graph\">{\"@context\":\"https:\/\/schema.org\",\"@graph\":[{\"@type\":\"WebPage\",\"@id\":\"https:\/\/alsnettoyage.fr\/plan-du-site\/\",\"url\":\"https:\/\/alsnettoyage.fr\/plan-du-site\/\",\"name\":\"Plan du site - ALS NETTOYAGE\",\"isPartOf\":{\"@id\":\"https:\/\/alsnettoyage.fr\/#website\"},\"datePublished\":\"2025-02-21T09:47:17+00:00\",\"dateModified\":\"2025-03-21T15:51:28+00:00\",\"breadcrumb\":{\"@id\":\"https:\/\/alsnettoyage.fr\/plan-du-site\/#breadcrumb\"},\"inLanguage\":\"en-US\",\"potentialAction\":[{\"@type\":\"ReadAction\",\"target\":[\"https:\/\/alsnettoyage.fr\/plan-du-site\/\"]}]},{\"@type\":\"BreadcrumbList\",\"@id\":\"https:\/\/alsnettoyage.fr\/plan-du-site\/#breadcrumb\",\"itemListElement\":[{\"@type\":\"ListItem\",\"position\":1,\"name\":\"Accueil\",\"item\":\"https:\/\/alsnettoyage.fr\/\"},{\"@type\":\"ListItem\",\"position\":2,\"name\":\"Plan du site\"}]},{\"@type\":\"WebSite\",\"@id\":\"https:\/\/alsnettoyage.fr\/#website\",\"url\":\"https:\/\/alsnettoyage.fr\/\",\"name\":\"ALS Nettoyage\u200b\",\"description\":\"\",\"publisher\":{\"@id\":\"https:\/\/alsnettoyage.fr\/#organization\"},\"potentialAction\":[{\"@type\":\"SearchAction\",\"target\":{\"@type\":\"EntryPoint\",\"urlTemplate\":\"https:\/\/alsnettoyage.fr\/?s={search_term_string}\"},\"query-input\":{\"@type\":\"PropertyValueSpecification\",\"valueRequired\":true,\"valueName\":\"search_term_string\"}}],\"inLanguage\":\"en-US\"},{\"@type\":\"Organization\",\"@id\":\"https:\/\/alsnettoyage.fr\/#organization\",\"name\":\"ALS NETTOYAGE\",\"url\":\"https:\/\/alsnettoyage.fr\/\",\"logo\":{\"@type\":\"ImageObject\",\"inLanguage\":\"en-US\",\"@id\":\"https:\/\/alsnettoyage.fr\/#\/schema\/logo\/image\/\",\"url\":\"https:\/\/alsnettoyage.fr\/wp-content\/uploads\/2025\/03\/alslogoofficiel-removebg-preview.png\",\"contentUrl\":\"https:\/\/alsnettoyage.fr\/wp-content\/uploads\/2025\/03\/alslogoofficiel-removebg-preview.png\",\"width\":934,\"height\":267,\"caption\":\"ALS NETTOYAGE\"},\"image\":{\"@id\":\"https:\/\/alsnettoyage.fr\/#\/schema\/logo\/image\/\"}}]}<\/script>\n<!-- \/ Yoast SEO plugin. -->","yoast_head_json":{"title":"Plan du site - ALS NETTOYAGE","robots":{"index":"index","follow":"follow","max-snippet":"max-snippet:-1","max-image-preview":"max-image-preview:large","max-video-preview":"max-video-preview:-1"},"canonical":"https:\/\/alsnettoyage.fr\/en\/plan-du-site\/","og_locale":"en_US","og_type":"article","og_title":"Plan du site - ALS NETTOYAGE","og_url":"https:\/\/alsnettoyage.fr\/en\/plan-du-site\/","og_site_name":"ALS NETTOYAGE","article_modified_time":"2025-03-21T15:51:28+00:00","twitter_card":"summary_large_image","twitter_misc":{"Est. reading time":"1 minute"},"schema":{"@context":"https:\/\/schema.org","@graph":[{"@type":"WebPage","@id":"https:\/\/alsnettoyage.fr\/plan-du-site\/","url":"https:\/\/alsnettoyage.fr\/plan-du-site\/","name":"Plan du site - ALS NETTOYAGE","isPartOf":{"@id":"https:\/\/alsnettoyage.fr\/#website"},"datePublished":"2025-02-21T09:47:17+00:00","dateModified":"2025-03-21T15:51:28+00:00","breadcrumb":{"@id":"https:\/\/alsnettoyage.fr\/plan-du-site\/#breadcrumb"},"inLanguage":"en-US","potentialAction":[{"@type":"ReadAction","target":["https:\/\/alsnettoyage.fr\/plan-du-site\/"]}]},{"@type":"BreadcrumbList","@id":"https:\/\/alsnettoyage.fr\/plan-du-site\/#breadcrumb","itemListElement":[{"@type":"ListItem","position":1,"name":"Accueil","item":"https:\/\/alsnettoyage.fr\/"},{"@type":"ListItem","position":2,"name":"Plan du site"}]},{"@type":"WebSite","@id":"https:\/\/alsnettoyage.fr\/#website","url":"https:\/\/alsnettoyage.fr\/","name":"ALS Nettoyage\u200b","description":"","publisher":{"@id":"https:\/\/alsnettoyage.fr\/#organization"},"potentialAction":[{"@type":"SearchAction","target":{"@type":"EntryPoint","urlTemplate":"https:\/\/alsnettoyage.fr\/?s={search_term_string}"},"query-input":{"@type":"PropertyValueSpecification","valueRequired":true,"valueName":"search_term_string"}}],"inLanguage":"en-US"},{"@type":"Organization","@id":"https:\/\/alsnettoyage.fr\/#organization","name":"ALS NETTOYAGE","url":"https:\/\/alsnettoyage.fr\/","logo":{"@type":"ImageObject","inLanguage":"en-US","@id":"https:\/\/alsnettoyage.fr\/#\/schema\/logo\/image\/","url":"https:\/\/alsnettoyage.fr\/wp-content\/uploads\/2025\/03\/alslogoofficiel-removebg-preview.png","contentUrl":"https:\/\/alsnettoyage.fr\/wp-content\/uploads\/2025\/03\/alslogoofficiel-removebg-preview.png","width":934,"height":267,"caption":"ALS NETTOYAGE"},"image":{"@id":"https:\/\/alsnettoyage.fr\/#\/schema\/logo\/image\/"}}]}},"_links":{"self":[{"href":"https:\/\/alsnettoyage.fr\/en\/wp-json\/wp\/v2\/pages\/7363","targetHints":{"allow":["GET"]}}],"collection":[{"href":"https:\/\/alsnettoyage.fr\/en\/wp-json\/wp\/v2\/pages"}],"about":[{"href":"https:\/\/alsnettoyage.fr\/en\/wp-json\/wp\/v2\/types\/page"}],"author":[{"embeddable":true,"href":"https:\/\/alsnettoyage.fr\/en\/wp-json\/wp\/v2\/users\/1"}],"replies":[{"embeddable":true,"href":"https:\/\/alsnettoyage.fr\/en\/wp-json\/wp\/v2\/comments?post=7363"}],"version-history":[{"count":11,"href":"https:\/\/alsnettoyage.fr\/en\/wp-json\/wp\/v2\/pages\/7363\/revisions"}],"predecessor-version":[{"id":7634,"href":"https:\/\/alsnettoyage.fr\/en\/wp-json\/wp\/v2\/pages\/7363\/revisions\/7634"}],"wp:attachment":[{"href":"https:\/\/alsnettoyage.fr\/en\/wp-json\/wp\/v2\/media?parent=7363"}],"curies":[{"name":"wp","href":"https:\/\/api.w.org\/{rel}","templated":true}]}}